{"id":5506,"date":"2024-05-21T23:14:59","date_gmt":"2024-05-21T23:14:59","guid":{"rendered":"https:\/\/www.fallbrookmedicalcenter.com\/?page_id=5506"},"modified":"2025-06-05T23:10:06","modified_gmt":"2025-06-05T23:10:06","slug":"servicio-de-vibraterapia-una-solucion-para-su-bienestar","status":"publish","type":"page","link":"https:\/\/www.fallbrookmedicalcenter.com\/es\/servicio-de-vibraterapia-una-solucion-para-su-bienestar\/","title":{"rendered":"Servicio de Vibraterapia: Una Soluci\u00f3n para su Bienestar"},"content":{"rendered":"<p><section id=\"bt_section69da4d856231a\"  class=\"boldSection gutter fullScreenHeight inherit wBackground cover bg-fmc-left\" style=\"background-image:url('https:\/\/www.fallbrookmedicalcenter.com\/wp-content\/uploads\/2024\/05\/Fallbrook-Vibration-Therapy-Program.avif'); padding: 150px 0px;\"><div class=\"port\"><div class=\"boldCell\"><div class=\"boldCellInner\"><div class=\"boldRow  \" ><div class=\"boldRowInner\"><div class=\"rowItem col-md-6 col-sm-12 btTextLeft\"  ><div class=\"rowItemContent\" ><header class=\"header btClear large  btAccentDash\" style=\"color: #29345d;\"><div class=\"dash\"><h2><span class=\"headline\">Servicio de Vibraterapia: Una Soluci\u00f3n para su Bienestar<\/span><\/h2><\/div><\/header><div class=\"btClear btSeparator topSmallSpaced noBorder\" ><hr><\/div><div class=\"btText\" ><\/p>\n<div class=\"btText\">\n<p>Ideal para todas las edades, <strong>el servicio de Vibraterapia<\/strong>\u00a0utiliza vibraciones de plataforma para desencadenar contracciones musculares, mejorando el flujo sangu\u00edneo y la oxigenaci\u00f3n. Esto fortalece y tonifica los m\u00fasculos sin esfuerzo, beneficiando a todo el cuerpo.<\/p>\n<\/div>\n<p>\n<\/div><div class=\"btClear btSeparator topSmallSpaced noBorder\" ><hr><\/div><a href=\"tel:7605365876\" class=\"btBtn btBtn btnFilledStyle btnAccentColor btnMedium btnNormalWidth btnRightPosition btnNoIcon\"  target=\"_blank\"><span class=\"btnInnerText\">Empieza ahora<\/span><\/a><\/div><\/div><div class=\"rowItem col-md-6 col-sm-12 btTextLeft\"  ><div class=\"rowItemContent\" ><\/div><\/div><\/div><\/div><\/div><\/div><\/div><\/section><section id=\"bt_section69da4d85647ce\"  class=\"boldSection fullScreenHeight inherit\" ><div class=\"port\"><div class=\"boldCell\"><div class=\"boldCellInner\"><div class=\"boldRow section-img-weightloss \" ><div class=\"boldRowInner\"><div class=\"rowItem col-md-6 col-sm-12 btTextLeft inherit btNoPadding section-weightloss-1\"  ><div class=\"rowItemContent\" ><div class=\"bpgPhoto Included Vibra Therapy Service\"  style=\"btTextCenter img-vibro img-vibro-desktop1\">\r\n\t\t\t\t\t<a href=\"https:\/\/www.fallbrookmedicalcenter.com\/wp-content\/uploads\/2024\/05\/Included-Vibrotherapy-Service.avif\" target=\"\" title=\"\"><\/a>\r\n\t\t\t\t\t<div class=\"boldPhotoBox\"><div class=\"bpbItem\"><div class=\"btImage\"><img decoding=\"async\" src=\"https:\/\/www.fallbrookmedicalcenter.com\/wp-content\/uploads\/2024\/05\/Included-Vibrotherapy-Service.avif\" alt=\"\" title=\"\"><\/div><\/div><\/div>\r\n\t\t\t\t\t<div class=\"captionPane\">\r\n\t\t\t\t\t\t<div class=\"captionTable\">\r\n\t\t\t\t\t\t\t<div class=\"captionCell\">\r\n\t\t\t\t\t\t\t\t<div class=\"captionTxt\"><\/div>\r\n\t\t\t\t\t\t\t<\/div>\r\n\t\t\t\t\t\t<\/div>\r\n\t\t\t\t\t<\/div><\/div><\/div><\/div><div class=\"rowItem col-md-6 col-sm-12 btTextLeft btMiddleVertical section-weightloss-2 padding-weightloss\" style=\"padding:40px 100px;\" ><div class=\"rowItemContent\" ><div class=\"btText\" ><\/p>\n<h2 style=\"font-size: 24px; line-height: 26px; color: #29345d; letter-spacing: 1px;\">Incluido con nuestro servicio vibraterapia<\/h2>\n<p><strong>Masaje:<\/strong> \u00a1Disfruta de un masaje relajante cuando lo necesites! Con la m\u00e1quina de terapia de vibraci\u00f3n, tendr\u00e1s tu propio masajista personal, que te ayudar\u00e1 a relajarte y a mejorar tu salud.<\/p>\n<p><strong>Terapia:<\/strong>\u00a0La terapia de vibraci\u00f3n de cuerpo entero es un m\u00e9todo comprobado para tratar enfermedades cr\u00f3nicas sin medicamentos. Es eficaz y suave, por lo que resulta adecuada para diversas capacidades f\u00edsicas.<\/p>\n<p><strong>Aptitud f\u00edsica:<\/strong>\u00a0Sin esfuerzo pero efectivo, estar de pie o sentado en la plataforma vibratoria de cuerpo entero ha demostrado mejorar la aptitud f\u00edsica con un m\u00ednimo esfuerzo.<\/p>\n<p>\n<\/div><\/div><\/div><\/div><\/div><\/div><\/div><\/div><\/section><section id=\"bt_section69da4d856577c\"  class=\"boldSection inherit\" ><div class=\"port\"><div class=\"boldCell\"><div class=\"boldCellInner\"><div class=\"boldRow  \" ><div class=\"boldRowInner\"><div class=\"rowItem col-md-6 col-sm-12 btTextLeft btMiddleVertical padding-weightloss\" style=\"padding:30px 20px 30px 50px;\" ><div class=\"rowItemContent\" ><style>\n@media only screen and (max-width: 769px) {\n.column {\nwidth: 90% !important;\n}\n.benefits-container {\n  display: inline !important;}\n}\n.benefits-container {\n  display: flex;\n  justify-content: space-between;\n}\n\n.column {\n  width: 45%;\ncolor:#000;\n}\n\nul {\n  padding: 0;\nlist-style:disc;\n}\n\nli {\n  margin-bottom: 10px;\n}\n<\/style>\n<h2 style=\"margin:0px\"><span style=\"color: #29345d; font-size:24px; letter-spacing: 1px;\">Servicios de Vibraterapia: beneficios adicionales\n<\/span><\/h2>\n<div class=\"benefits-container\">\n  <div class=\"column\">\n    <ul>\n      <li>Acelera la p\u00e9rdida de grasa<\/li>\n      <li>Mejora el drenaje linf\u00e1tico<\/li>\n      <li>Disminuye los niveles de estr\u00e9s<\/li>\n      <li>Ayuda a liberar toxinas<\/li>\n      <li>Ayuda a la rehabilitaci\u00f3n de tendinitis y ligamentos<\/li>\n      <li>Mejora el equilibrio y la flexibilidad<\/li>\n      <li>Mejora el metabolismo<\/li>\n      <li>Mejora la estabilidad de la postura<\/li>\n    <\/ul>\n  <\/div>\n  <div class=\"column\">\n    <ul>\n      <li>Aumenta la circulaci\u00f3n sangu\u00ednea<\/li>\n      <li>Aumenta la densidad de la masa \u00f3sea<\/li>\n      <li>Reduces Cellulite<\/li>\n      <li>Combate la osteoporosis<\/li>\n      <li>Artritis y fibromialgia<\/li>\n      <li>Alivia el dolor de espalda y cuello<\/li>\n      <li>Fortalece los m\u00fasculos centrales<\/li>\n      <li>Tonifica y reafirma el cuerpo<\/li>\n      <li>Ayuda a la neuropat\u00eda diab\u00e9tica, al Parkinson y m\u00e1s.<\/li>\n    <\/ul>\n  <\/div>\n<\/div>\n<a href=\"tel:7605365876\" class=\"btBtn btBtn btnFilledStyle btnAccentColor btnMedium btnFullWidth btnRightPosition btnNoIcon\" style=\"text-align:center;\" target=\"_blank\"><span class=\"btnInnerText\">Empieza ahora<\/span><\/a><\/div><\/div><div class=\"rowItem col-md-6 col-sm-12 btTextLeft inherit btNoPadding\"  ><div class=\"rowItemContent\" ><div class=\"bpgPhoto Vibra Therapy Service Additional Benefits\"  style=\"btTextCenter img-vibro img-vibro-desktop2\">\r\n\t\t\t\t\t<a href=\"https:\/\/www.fallbrookmedicalcenter.com\/wp-content\/uploads\/2024\/05\/Vibrotherapy-Service-Additional-Benefits.avif\" target=\"\" title=\"\"><\/a>\r\n\t\t\t\t\t<div class=\"boldPhotoBox\"><div class=\"bpbItem\"><div class=\"btImage\"><img decoding=\"async\" src=\"https:\/\/www.fallbrookmedicalcenter.com\/wp-content\/uploads\/2024\/05\/Vibrotherapy-Service-Additional-Benefits.avif\" alt=\"\" title=\"\"><\/div><\/div><\/div>\r\n\t\t\t\t\t<div class=\"captionPane\">\r\n\t\t\t\t\t\t<div class=\"captionTable\">\r\n\t\t\t\t\t\t\t<div class=\"captionCell\">\r\n\t\t\t\t\t\t\t\t<div class=\"captionTxt\"><\/div>\r\n\t\t\t\t\t\t\t<\/div>\r\n\t\t\t\t\t\t<\/div>\r\n\t\t\t\t\t<\/div><\/div><\/div><\/div><\/div><\/div><\/div><\/div><\/div><\/section><section id=\"bt_section69da4d8566deb\"  class=\"boldSection fullScreenHeight inherit\" ><div class=\"port\"><div class=\"boldCell\"><div class=\"boldCellInner\"><div class=\"boldRow section-img-weightloss \" ><div class=\"boldRowInner\"><div class=\"rowItem col-md-6 col-sm-12 btTextLeft inherit btNoPadding section-weightloss-1\"  ><div class=\"rowItemContent\" ><div class=\"bpgPhoto Vibra Therapy Session Packages\"  style=\"btTextCenter img-vibro img-vibro-desktop3\">\r\n\t\t\t\t\t<a href=\"https:\/\/www.fallbrookmedicalcenter.com\/wp-content\/uploads\/2024\/05\/Vibrotherapy-Session-Packages.avif\" target=\"\" title=\"\"><\/a>\r\n\t\t\t\t\t<div class=\"boldPhotoBox\"><div class=\"bpbItem\"><div class=\"btImage\"><img decoding=\"async\" src=\"https:\/\/www.fallbrookmedicalcenter.com\/wp-content\/uploads\/2024\/05\/Vibrotherapy-Session-Packages.avif\" alt=\"\" title=\"\"><\/div><\/div><\/div>\r\n\t\t\t\t\t<div class=\"captionPane\">\r\n\t\t\t\t\t\t<div class=\"captionTable\">\r\n\t\t\t\t\t\t\t<div class=\"captionCell\">\r\n\t\t\t\t\t\t\t\t<div class=\"captionTxt\"><\/div>\r\n\t\t\t\t\t\t\t<\/div>\r\n\t\t\t\t\t\t<\/div>\r\n\t\t\t\t\t<\/div><\/div><\/div><\/div><div class=\"rowItem col-md-6 col-sm-12 btTextLeft btMiddleVertical section-weightloss-2 padding-weightloss\" style=\"padding:40px 100px;\" ><div class=\"rowItemContent\" ><div class=\"btText\" ><\/p>\n<h2 style=\"font-size: 24px; line-height: 26px; color: #29345d; letter-spacing: 1px;\">\u00a1Pregunte por nuestros paquetes de sesiones de vibraterapia!<\/h2>\n<div class=\"btText\">\n<p>Nuestro programa mensual es coherente y sencillo, y ofrece una variedad de paquetes de sesiones que se adaptan a sus necesidades. Las sesiones deben usarse en el plazo de un mes, ya que las sesiones no utilizadas no se acumulan.<\/p>\n<\/div>\n<p>\n<\/div><style>\n.columns-list{\ndisplay:block !important;\n}\n.columns {\n  float: left;\n  width: 100%;\n  padding: 8px;\n}\n\n.price {\n  list-style-type: none;\n  border: 1px solid #eee;\n  margin: 0;\n  padding: 0;\n  -webkit-transition: 0.3s;\n  transition: 0.3s;\n}\n\n.price:hover {\n  box-shadow: 0 8px 12px 0 rgba(0,0,0,0.2)\n}\n\n.price .header {\n  background-color: #111;\n  color: white;\n  font-size: 17px;\n  font-family: var(--headlinefont);\n}\n\n.price li {\n  border-bottom: 1px solid #eee;\n  padding: 7px;\n  text-align: center;\n  font-family: var(--contentfont);\n  font-size:17px;\n}\n\n.price .grey {\n  font-size: 20px;\n}\n\n.button {\n  background-color: #04AA6D;\n  border: none;\n  color: white;\n  padding: 10px 25px;\n  text-align: center;\n  text-decoration: none;\n  font-size: 18px;\n}\n  .price-discount{\n    padding: 8px;\n    margin: 5px;\n    background: #C50F2F;\n    color: #fff;\n    border-radius:10px;\n  }\n    .offer{\n    background: green !important;\n      font-weight:700;\n  }\n  .text-li{\n  color:#252525}\n@media only screen and (max-width: 769px) {\n  .price-discount {\n    display: inline-block !important;\n    width: 100%;\n  }\n}\n<\/style>\n<div class=\"columns columns-list\">\n  <ul class=\"price\">\n    <li class=\"header\" style=\"background-color:#29345d\">Oferta especial de lanzamiento<\/li>\n    <li class=\"text-li\">1 Sesi\u00f3n: $15<\/li>\n    <li class=\"text-li\">Duraci\u00f3n: 6 sessions + <strong>2 gratis<\/strong> (2 por semana) <strong style=\"color: #29345d;\">($90)<\/strong><\/li>\n    <li class=\"text-li\">Duraci\u00f3n: 9 sessions + <strong>3 gratis<\/strong> (3 por semana) <strong style=\"color: #29345d;\">($135)<\/strong><\/li>\n    <li class=\"text-li\">Duraci\u00f3n: 12 sessions + <strong>4 gratis<\/strong> (4 por semana) <strong style=\"color: #29345d;\">($180)<\/strong><\/li>\n  <\/ul>\n<\/div><div class=\"btText\" ><\/p>\n<p>El\u00a0<strong>servicio de VibraTerapia<\/strong>\u00a0es el mejor. \u00a1Descubre qu\u00e9 plan se adapta mejor a tus objetivos y comienza hoy mismo tu camino hacia una mejor salud!<\/p>\n<p>&nbsp;<\/p>\n<p>\n<\/div><a href=\"tel:7605365876\" class=\"btBtn btBtn btnFilledStyle btnAccentColor btnMedium btnFullWidth btnRightPosition btnNoIcon\" style=\"text-align:center;\" target=\"_blank\"><span class=\"btnInnerText\">Empieza ahora<\/span><\/a><\/div><\/div><\/div><\/div><\/div><\/div><\/div><\/section><section id=\"bt_section69da4d8568216\"  class=\"boldSection gutter inherit\" style=\"background-color:rgb(245,245,245);\"><div class=\"port\"><div class=\"boldCell\"><div class=\"boldCellInner\"><div class=\"boldRow  \" ><div class=\"boldRowInner\"><div class=\"rowItem col-md-12 col-ms-12  btTextCenter inherit\"  ><div class=\"rowItemContent\" ><div class=\"btClear btSeparator topSmallSpaced bottomSmallSpaced noBorder\" ><hr><\/div><div class=\"btText\" ><\/p>\n<h2 style=\"font-size: 24px; line-height: 26px; color: #29345d; letter-spacing: 1px; text-align: center;\">Inforamaci\u00f3n de Contacto<\/h2>\n<p style=\"text-align: center;\">Cont\u00e1ctanos para m\u00e1s informaci\u00f3n sobre el programa.<br \/>\n\u00a1Vamos a transformarnos juntos!<\/p>\n<p>\n<\/div><div class=\"btClear btSeparator topExtraSmallSpaced bottomExtraSmallSpaced noBorder\" ><hr><\/div><a href=\"tel:7605365876\" class=\"btBtn btBtn btnFilledStyle btnAccentColor btnMedium btnNormalWidth btnRightPosition btnNoIcon\" style=\"text-align:center;\" target=\"_blank\"><span class=\"btnInnerText\">Reserva una llamada para m\u00e1s informaci\u00f3n<\/span><\/a><div class=\"btClear btSeparator topExtraSmallSpaced bottomExtraSmallSpaced noBorder\" ><hr><\/div><div class=\"btText\" ><\/p>\n<p style=\"text-align: center;\" data-pm-slice=\"1 1 &#091;&#093;\">Tel\u00e9fono:<span style=\"color: #29345d;\"><strong> <a style=\"color: #29345d;\" href=\"tel:760-517-8221\" target=\"_self\" rel=\"noopener noreferrer\">(760) 517-8221<\/a> <\/strong><\/span>&#8211; <span style=\"color: #29345d;\"><strong><a style=\"color: #29345d;\" href=\"tel:760-723-5900\">760-723-5900 <\/a><\/strong><\/span>| Email: <span style=\"color: #29345d;\"><strong><a style=\"color: #29345d;\" href=\"mailto:nutritionist@karenberrios.com\" target=\"_self\" rel=\"noopener noreferrer\">nutritionist@karenberrios.com<\/a><\/strong><\/span><\/p>\n<p>\n<\/div><div class=\"btClear btSeparator topSmallSpaced bottomSmallSpaced noBorder\" ><hr><\/div><div class=\"btText\" ><\/p>\n<h3 style=\"text-align: center; color: #29345d;\">Lea nuestro programa completo sobre nuestra VibraTerapia.<\/h3>\n<p>\n<\/div><div class=\"boldRow boldInnerRow  \" ><div class=\"rowItem rowInnerItem col-md-3  btTextLeft\"  ><div class=\"rowItemContent\"><\/div><\/div><div class=\"rowItem rowInnerItem col-md-3  btTextLeft\"  ><div class=\"rowItemContent\"><div class=\"bpgPhoto Fallbrook Vibra Therapy Program QR Code\"  style=\"btTextCenter\">\r\n\t\t\t\t\t<a href=\"https:\/\/www.fallbrookmedicalcenter.com\/wp-content\/uploads\/2024\/05\/Fallbrook-Vibrotherapy-Program-QR-Code.avif\" target=\"\" title=\"\"><\/a>\r\n\t\t\t\t\t<div class=\"boldPhotoBox\"><div class=\"bpbItem\"><div class=\"btImage\"><img decoding=\"async\" src=\"https:\/\/www.fallbrookmedicalcenter.com\/wp-content\/uploads\/2024\/05\/Fallbrook-Vibrotherapy-Program-QR-Code.avif\" alt=\"\" title=\"\"><\/div><\/div><\/div>\r\n\t\t\t\t\t<div class=\"captionPane\">\r\n\t\t\t\t\t\t<div class=\"captionTable\">\r\n\t\t\t\t\t\t\t<div class=\"captionCell\">\r\n\t\t\t\t\t\t\t\t<div class=\"captionTxt\"><header class=\"header btClear small btDash bottomDash btAlternateDash\" ><div class=\"dash\"><h4><span class=\"headline\">Download Fallbrook Weight Loss Program<\/span><\/h4><\/div><div class=\"btSubTitle\">medium<\/div><\/header><\/div>\r\n\t\t\t\t\t\t\t<\/div>\r\n\t\t\t\t\t\t<\/div>\r\n\t\t\t\t\t<\/div><\/div><div class=\"btText\" ><\/p>\n<p style=\"text-align: center;\"><a href=\"https:\/\/www.fallbrookmedicalcenter.com\/wp-content\/uploads\/2024\/05\/Vibrotherapy-2024.pdf\" target=\"_blank\" rel=\"noopener\"><strong>Download Vibra Therapy Program<\/strong><\/a><\/p>\n<p>\n<\/div><\/div><\/div><div class=\"rowItem rowInnerItem col-md-3  btTextLeft\"  ><div class=\"rowItemContent\"><div class=\"bpgPhoto Fallbrook Programa de Vibra Terapia QR Code\"  style=\"btTextCenter\">\r\n\t\t\t\t\t<a href=\"https:\/\/www.fallbrookmedicalcenter.com\/wp-content\/uploads\/2024\/05\/Fallbrook-Programa-de-Vibro-Terapia-QR-Code.avif\" target=\"\" title=\"\"><\/a>\r\n\t\t\t\t\t<div class=\"boldPhotoBox\"><div class=\"bpbItem\"><div class=\"btImage\"><img decoding=\"async\" src=\"https:\/\/www.fallbrookmedicalcenter.com\/wp-content\/uploads\/2024\/05\/Fallbrook-Programa-de-Vibro-Terapia-QR-Code.avif\" alt=\"\" title=\"\"><\/div><\/div><\/div>\r\n\t\t\t\t\t<div class=\"captionPane\">\r\n\t\t\t\t\t\t<div class=\"captionTable\">\r\n\t\t\t\t\t\t\t<div class=\"captionCell\">\r\n\t\t\t\t\t\t\t\t<div class=\"captionTxt\"><header class=\"header btClear small btDash bottomDash btAlternateDash\" ><div class=\"dash\"><h4><span class=\"headline\">Descargar Programa Perdida de Peso<\/span><\/h4><\/div><div class=\"btSubTitle\">medium<\/div><\/header><\/div>\r\n\t\t\t\t\t\t\t<\/div>\r\n\t\t\t\t\t\t<\/div>\r\n\t\t\t\t\t<\/div><\/div><div class=\"btText\" ><\/p>\n<p style=\"text-align: center;\"><a href=\"https:\/\/www.fallbrookmedicalcenter.com\/wp-content\/uploads\/2024\/05\/VibroTerapia-2024.pdf\" target=\"_blank\" rel=\"noopener\"><strong>Descargar Programa de Vibra Terapia<\/strong><\/a><\/p>\n<p>\n<\/div><\/div><\/div><div class=\"rowItem rowInnerItem col-md-3  btTextLeft\"  ><div class=\"rowItemContent\"><\/div><\/div><\/div><div class=\"btClear btSeparator topSmallSpaced bottomSmallSpaced noBorder\" ><hr><\/div><\/div><\/div><\/div><\/div><\/div><\/div><\/div><\/section><\/p>\n","protected":false},"excerpt":{"rendered":"","protected":false},"author":7,"featured_media":0,"parent":0,"menu_order":0,"comment_status":"closed","ping_status":"closed","template":"","meta":{"footnotes":""},"class_list":["post-5506","page","type-page","status-publish","hentry"],"yoast_head":"<!-- This site is optimized with the Yoast SEO plugin v27.0 - https:\/\/yoast.com\/product\/yoast-seo-wordpress\/ -->\n<title>Servicio de Vibraterapia: Una Soluci\u00f3n para su Bienestar<\/title>\n<meta name=\"description\" content=\"Ideal para todas las edades, el servicio de Vibraterapia\u00a0utiliza vibraciones de plataforma para desencadenar contracciones musculares\" \/>\n<meta name=\"robots\" content=\"index, follow, max-snippet:-1, max-image-preview:large, max-video-preview:-1\" \/>\n<link rel=\"canonical\" href=\"https:\/\/www.fallbrookmedicalcenter.com\/es\/servicio-de-vibraterapia-una-solucion-para-su-bienestar\/\" \/>\n<meta property=\"og:locale\" content=\"es_ES\" \/>\n<meta property=\"og:type\" content=\"article\" \/>\n<meta property=\"og:title\" content=\"Servicio de Vibraterapia: Una Soluci\u00f3n para su Bienestar\" \/>\n<meta property=\"og:description\" content=\"Ideal para todas las edades, el servicio de Vibraterapia\u00a0utiliza vibraciones de plataforma para desencadenar contracciones musculares\" \/>\n<meta property=\"og:url\" content=\"https:\/\/www.fallbrookmedicalcenter.com\/es\/servicio-de-vibraterapia-una-solucion-para-su-bienestar\/\" \/>\n<meta property=\"og:site_name\" content=\"Fallbrook Medical Center\" \/>\n<meta property=\"article:publisher\" content=\"http:\/\/www.facebook.com\/FallbrookMedical\" \/>\n<meta property=\"article:modified_time\" content=\"2025-06-05T23:10:06+00:00\" \/>\n<meta name=\"twitter:card\" content=\"summary_large_image\" \/>\n<meta name=\"twitter:site\" content=\"@fallbrookmed\" \/>\n<meta name=\"twitter:label1\" content=\"Est. reading time\" \/>\n\t<meta name=\"twitter:data1\" content=\"10 minutes\" \/>\n<script type=\"application\/ld+json\" class=\"yoast-schema-graph\">{\"@context\":\"https:\/\/schema.org\",\"@graph\":[{\"@type\":\"WebPage\",\"@id\":\"https:\/\/www.fallbrookmedicalcenter.com\/es\/servicio-de-vibraterapia-una-solucion-para-su-bienestar\/\",\"url\":\"https:\/\/www.fallbrookmedicalcenter.com\/es\/servicio-de-vibraterapia-una-solucion-para-su-bienestar\/\",\"name\":\"Servicio de Vibraterapia: Una Soluci\u00f3n para su Bienestar\",\"isPartOf\":{\"@id\":\"https:\/\/www.fallbrookmedicalcenter.com\/#website\"},\"datePublished\":\"2024-05-21T23:14:59+00:00\",\"dateModified\":\"2025-06-05T23:10:06+00:00\",\"description\":\"Ideal para todas las edades, el servicio de Vibraterapia\u00a0utiliza vibraciones de plataforma para desencadenar contracciones musculares\",\"breadcrumb\":{\"@id\":\"https:\/\/www.fallbrookmedicalcenter.com\/es\/servicio-de-vibraterapia-una-solucion-para-su-bienestar\/#breadcrumb\"},\"inLanguage\":\"es-ES\",\"potentialAction\":[{\"@type\":\"ReadAction\",\"target\":[\"https:\/\/www.fallbrookmedicalcenter.com\/es\/servicio-de-vibraterapia-una-solucion-para-su-bienestar\/\"]}]},{\"@type\":\"BreadcrumbList\",\"@id\":\"https:\/\/www.fallbrookmedicalcenter.com\/es\/servicio-de-vibraterapia-una-solucion-para-su-bienestar\/#breadcrumb\",\"itemListElement\":[{\"@type\":\"ListItem\",\"position\":1,\"name\":\"Portada\",\"item\":\"https:\/\/www.fallbrookmedicalcenter.com\/es\/\"},{\"@type\":\"ListItem\",\"position\":2,\"name\":\"Servicio de Vibraterapia: Una Soluci\u00f3n para su Bienestar\"}]},{\"@type\":\"WebSite\",\"@id\":\"https:\/\/www.fallbrookmedicalcenter.com\/#website\",\"url\":\"https:\/\/www.fallbrookmedicalcenter.com\/\",\"name\":\"Fallbrook Medical Center\",\"description\":\"Por que tu Salud Importa\",\"potentialAction\":[{\"@type\":\"SearchAction\",\"target\":{\"@type\":\"EntryPoint\",\"urlTemplate\":\"https:\/\/www.fallbrookmedicalcenter.com\/?s={search_term_string}\"},\"query-input\":{\"@type\":\"PropertyValueSpecification\",\"valueRequired\":true,\"valueName\":\"search_term_string\"}}],\"inLanguage\":\"es-ES\"}]}<\/script>\n<!-- \/ Yoast SEO plugin. -->","yoast_head_json":{"title":"Servicio de Vibraterapia: Una Soluci\u00f3n para su Bienestar","description":"Ideal para todas las edades, el servicio de Vibraterapia\u00a0utiliza vibraciones de plataforma para desencadenar contracciones musculares","robots":{"index":"index","follow":"follow","max-snippet":"max-snippet:-1","max-image-preview":"max-image-preview:large","max-video-preview":"max-video-preview:-1"},"canonical":"https:\/\/www.fallbrookmedicalcenter.com\/es\/servicio-de-vibraterapia-una-solucion-para-su-bienestar\/","og_locale":"es_ES","og_type":"article","og_title":"Servicio de Vibraterapia: Una Soluci\u00f3n para su Bienestar","og_description":"Ideal para todas las edades, el servicio de Vibraterapia\u00a0utiliza vibraciones de plataforma para desencadenar contracciones musculares","og_url":"https:\/\/www.fallbrookmedicalcenter.com\/es\/servicio-de-vibraterapia-una-solucion-para-su-bienestar\/","og_site_name":"Fallbrook Medical Center","article_publisher":"http:\/\/www.facebook.com\/FallbrookMedical","article_modified_time":"2025-06-05T23:10:06+00:00","twitter_card":"summary_large_image","twitter_site":"@fallbrookmed","twitter_misc":{"Est. reading time":"10 minutes"},"schema":{"@context":"https:\/\/schema.org","@graph":[{"@type":"WebPage","@id":"https:\/\/www.fallbrookmedicalcenter.com\/es\/servicio-de-vibraterapia-una-solucion-para-su-bienestar\/","url":"https:\/\/www.fallbrookmedicalcenter.com\/es\/servicio-de-vibraterapia-una-solucion-para-su-bienestar\/","name":"Servicio de Vibraterapia: Una Soluci\u00f3n para su Bienestar","isPartOf":{"@id":"https:\/\/www.fallbrookmedicalcenter.com\/#website"},"datePublished":"2024-05-21T23:14:59+00:00","dateModified":"2025-06-05T23:10:06+00:00","description":"Ideal para todas las edades, el servicio de Vibraterapia\u00a0utiliza vibraciones de plataforma para desencadenar contracciones musculares","breadcrumb":{"@id":"https:\/\/www.fallbrookmedicalcenter.com\/es\/servicio-de-vibraterapia-una-solucion-para-su-bienestar\/#breadcrumb"},"inLanguage":"es-ES","potentialAction":[{"@type":"ReadAction","target":["https:\/\/www.fallbrookmedicalcenter.com\/es\/servicio-de-vibraterapia-una-solucion-para-su-bienestar\/"]}]},{"@type":"BreadcrumbList","@id":"https:\/\/www.fallbrookmedicalcenter.com\/es\/servicio-de-vibraterapia-una-solucion-para-su-bienestar\/#breadcrumb","itemListElement":[{"@type":"ListItem","position":1,"name":"Portada","item":"https:\/\/www.fallbrookmedicalcenter.com\/es\/"},{"@type":"ListItem","position":2,"name":"Servicio de Vibraterapia: Una Soluci\u00f3n para su Bienestar"}]},{"@type":"WebSite","@id":"https:\/\/www.fallbrookmedicalcenter.com\/#website","url":"https:\/\/www.fallbrookmedicalcenter.com\/","name":"Fallbrook Medical Center","description":"Por que tu Salud Importa","potentialAction":[{"@type":"SearchAction","target":{"@type":"EntryPoint","urlTemplate":"https:\/\/www.fallbrookmedicalcenter.com\/?s={search_term_string}"},"query-input":{"@type":"PropertyValueSpecification","valueRequired":true,"valueName":"search_term_string"}}],"inLanguage":"es-ES"}]}},"_links":{"self":[{"href":"https:\/\/www.fallbrookmedicalcenter.com\/es\/wp-json\/wp\/v2\/pages\/5506","targetHints":{"allow":["GET"]}}],"collection":[{"href":"https:\/\/www.fallbrookmedicalcenter.com\/es\/wp-json\/wp\/v2\/pages"}],"about":[{"href":"https:\/\/www.fallbrookmedicalcenter.com\/es\/wp-json\/wp\/v2\/types\/page"}],"author":[{"embeddable":true,"href":"https:\/\/www.fallbrookmedicalcenter.com\/es\/wp-json\/wp\/v2\/users\/7"}],"replies":[{"embeddable":true,"href":"https:\/\/www.fallbrookmedicalcenter.com\/es\/wp-json\/wp\/v2\/comments?post=5506"}],"version-history":[{"count":2,"href":"https:\/\/www.fallbrookmedicalcenter.com\/es\/wp-json\/wp\/v2\/pages\/5506\/revisions"}],"predecessor-version":[{"id":6414,"href":"https:\/\/www.fallbrookmedicalcenter.com\/es\/wp-json\/wp\/v2\/pages\/5506\/revisions\/6414"}],"wp:attachment":[{"href":"https:\/\/www.fallbrookmedicalcenter.com\/es\/wp-json\/wp\/v2\/media?parent=5506"}],"curies":[{"name":"wp","href":"https:\/\/api.w.org\/{rel}","templated":true}]}}