{"id":5509,"date":"2020-10-15T15:28:11","date_gmt":"2020-10-15T15:28:11","guid":{"rendered":"https:\/\/www.fallbrookmedicalcenter.com\/?page_id=5509"},"modified":"2024-08-08T22:04:13","modified_gmt":"2024-08-08T22:04:13","slug":"bienestar","status":"publish","type":"page","link":"https:\/\/www.fallbrookmedicalcenter.com\/es\/bienestar\/","title":{"rendered":"Bienestar"},"content":{"rendered":"<p><section id=\"bt_section69e08a8594c8e\"  class=\"boldSection btDivider topSemiSpaced bottomSemiSpaced btDarkSkin gutter inherit btAccentColorBackground\" ><div class=\"port\"><div class=\"boldCell\"><div class=\"boldCellInner\"><div class=\"boldRow  \" ><div class=\"boldRowInner\"><div class=\"rowItem col-md-12 col-ms-12  btTextLeft\"  ><div class=\"rowItemContent\" ><div class=\"btClear btSeparator topExtraSmallSpaced noBorder\" ><hr><\/div><div class=\"btClear btSeparator topExtraSmallSpaced noBorder\" ><hr><\/div><header class=\"header btClear large  btNormalDash\" ><div class=\"dash\"><h2><span class=\"headline\">Bienestar y Cuidado<\/span><\/h2><\/div><\/header><\/div><\/div><\/div><\/div><\/div><\/div><\/div><\/section><section id=\"bt_section69e08a8595016\"  class=\"boldSection topSemiSpaced bottomSemiSpaced gutter inherit\" ><div class=\"port\"><div class=\"boldCell\"><div class=\"boldCellInner\"><div class=\"boldRow  \" ><div class=\"boldRowInner\"><div class=\"rowItem col-md-12 col-ms-12  btTextLeft\"  ><div class=\"rowItemContent\" ><div class=\"btText\" ><\/p>\n<p style=\"text-align: center;\">Buscamos el bienestar como parte de las elecciones, comportamientos y estilos de vida de nuestros pacientes, pero tambi\u00e9n est\u00e1 significativamente influenciado por los entornos f\u00edsicos, sociales y culturales en los que viven.<\/p>\n<div class=\"bt_bb_fe_wrap\">\n<section id=\"bt_section66b53c905f206\" class=\"boldSection topSemiSpaced bottomSemiSpaced gutter inherit\">\n<div class=\"port\">\n<div class=\"boldCell\">\n<div class=\"boldCellInner\">\n<div class=\"boldRow \">\n<div class=\"boldRowInner\">\n<div class=\"rowItem col-md-12 col-ms-12 btTextLeft\">\n<div class=\"rowItemContent\">\n<div class=\"btText\">\n<p style=\"text-align: center;\">El bienestar est\u00e1 asociado a un proceso activo de toma de conciencia y de elecciones que conducen a un resultado de salud y bienestar hol\u00edstico \u00f3ptimo.<\/p>\n<\/div>\n<\/div>\n<\/div>\n<\/div>\n<\/div>\n<\/div>\n<\/div>\n<\/div>\n<\/section>\n<\/div>\n<p>\n<\/div><\/div><\/div><\/div><\/div><\/div><\/div><\/div><\/section><section id=\"bt_section69e08a8595362\"  class=\"boldSection bottomSpaced inherit\" ><div class=\"port\"><div class=\"boldCell\"><div class=\"boldCellInner\"><div class=\"boldRow  \" ><div class=\"boldRowInner\"><div class=\"rowItem col-md-3 col-sm-6 col-ms-12 btTextLeft\"  ><div class=\"rowItemContent\" ><\/div><\/div><div class=\"rowItem col-md-6 col-sm-12 btTextLeft\"  ><div class=\"rowItemContent\" ><div class=\"boldRow boldInnerRow  \" ><div class=\"rowItem rowInnerItem col-md-4  btTextCenter inherit\"  ><div class=\"rowItemContent\"><div class=\"btText\" ><\/p>\n<p style=\"text-align: center;\"><img loading=\"lazy\" decoding=\"async\" src=\"https:\/\/www.fallbrookmedicalcenter.com\/wp-content\/uploads\/2021\/09\/icon-Physical.png\" alt=\"\" width=\"200\" height=\"200\" \/><\/p>\n<h3 style=\"text-align: center;\">F\u00edsico<\/h3>\n<div class=\"rowItem rowInnerItem col-md-4 btTextCenter inherit\">\n<div class=\"rowItemContent\">\n<div class=\"btText\">\n<p style=\"text-align: center;\">Nutrir un cuerpo sano a trav\u00e9s del ejercicio, la nutrici\u00f3n, el sue\u00f1o, etc.<\/p>\n<\/div>\n<\/div>\n<\/div>\n<p>\n<\/div><\/div><\/div><div class=\"rowItem rowInnerItem col-md-4  btTextCenter inherit\"  ><div class=\"rowItemContent\"><div class=\"btText\" ><\/p>\n<p style=\"text-align: center;\"><img loading=\"lazy\" decoding=\"async\" src=\"https:\/\/www.fallbrookmedicalcenter.com\/wp-content\/uploads\/2021\/09\/icon-Mental.png\" alt=\"\" width=\"200\" height=\"200\" \/><\/p>\n<h3 style=\"text-align: center;\">Mental<\/h3>\n<div class=\"rowItem rowInnerItem col-md-4 btTextCenter inherit\">\n<div class=\"rowItemContent\">\n<div class=\"btText\">\n<p style=\"text-align: center;\">Involucrar al mundo a trav\u00e9s del aprendizaje, la resoluci\u00f3n de problemas, la creatividad, etc.<\/p>\n<\/div>\n<\/div>\n<\/div>\n<p>\n<\/div><\/div><\/div><div class=\"rowItem rowInnerItem col-md-4  btTextLeft\"  ><div class=\"rowItemContent\"><div class=\"btText\" ><\/p>\n<p style=\"text-align: center;\"><img loading=\"lazy\" decoding=\"async\" src=\"https:\/\/www.fallbrookmedicalcenter.com\/wp-content\/uploads\/2021\/09\/icon-Emotional.png\" alt=\"\" width=\"200\" height=\"200\" \/><\/p>\n<h3 style=\"text-align: center;\">Emocional<\/h3>\n<div class=\"boldRow boldInnerRow \">\n<div class=\"rowItem rowInnerItem col-md-4 btTextLeft\">\n<div class=\"rowItemContent\">\n<div class=\"btText\">\n<p style=\"text-align: center;\">Ser conscientes de nuestros sentimientos, aceptarlos y expresarlos y comprender los sentimientos de los dem\u00e1s.<\/p>\n<\/div>\n<\/div>\n<\/div>\n<\/div>\n<p>\n<\/div><\/div><\/div><\/div><div class=\"boldRow boldInnerRow  \" ><div class=\"rowItem rowInnerItem col-md-4  btTextLeft\"  ><div class=\"rowItemContent\"><div class=\"btText\" ><\/p>\n<p style=\"text-align: center;\"><img loading=\"lazy\" decoding=\"async\" class=\"alignnone size-full wp-image-1587\" src=\"https:\/\/www.fallbrookmedicalcenter.com\/wp-content\/uploads\/2021\/09\/icon-Spiritual.png\" alt=\"\" width=\"200\" height=\"200\" srcset=\"https:\/\/www.fallbrookmedicalcenter.com\/wp-content\/uploads\/2021\/09\/icon-Spiritual.png 200w, https:\/\/www.fallbrookmedicalcenter.com\/wp-content\/uploads\/2021\/09\/icon-Spiritual-160x160.png 160w\" sizes=\"auto, (max-width: 200px) 100vw, 200px\" \/><\/p>\n<h3 style=\"text-align: center;\">Espiritual<\/h3>\n<div class=\"rowItem rowInnerItem col-md-4 btTextLeft\">\n<div class=\"rowItemContent\">\n<div class=\"btText\">\n<p style=\"text-align: center;\">En busca del significado y prop\u00f3sito superior de la existencia humana.<\/p>\n<\/div>\n<\/div>\n<\/div>\n<p>\n<\/div><\/div><\/div><div class=\"rowItem rowInnerItem col-md-4  btTextLeft\"  ><div class=\"rowItemContent\"><div class=\"btText\" ><\/p>\n<p style=\"text-align: center;\"><img loading=\"lazy\" decoding=\"async\" class=\"alignnone size-full wp-image-1586\" src=\"https:\/\/www.fallbrookmedicalcenter.com\/wp-content\/uploads\/2021\/09\/icon-Social.png\" alt=\"\" width=\"200\" height=\"200\" srcset=\"https:\/\/www.fallbrookmedicalcenter.com\/wp-content\/uploads\/2021\/09\/icon-Social.png 200w, https:\/\/www.fallbrookmedicalcenter.com\/wp-content\/uploads\/2021\/09\/icon-Social-160x160.png 160w\" sizes=\"auto, (max-width: 200px) 100vw, 200px\" \/><\/p>\n<h3 style=\"text-align: center;\">Social<\/h3>\n<div class=\"rowItem rowInnerItem col-md-4 btTextLeft\">\n<div class=\"rowItemContent\">\n<div class=\"btText\">\n<p style=\"text-align: center;\">Conectarse y relacionarse con otros y con nuestras comunidades de maneras significativas.<\/p>\n<\/div>\n<\/div>\n<\/div>\n<p>\n<\/div><\/div><\/div><div class=\"rowItem rowInnerItem col-md-4  btTextLeft\"  ><div class=\"rowItemContent\"><div class=\"btText\" ><\/p>\n<p style=\"text-align: center;\"><img loading=\"lazy\" decoding=\"async\" class=\"alignnone size-full wp-image-1583\" src=\"https:\/\/www.fallbrookmedicalcenter.com\/wp-content\/uploads\/2021\/09\/icon-Environmental.png\" alt=\"\" width=\"200\" height=\"200\" srcset=\"https:\/\/www.fallbrookmedicalcenter.com\/wp-content\/uploads\/2021\/09\/icon-Environmental.png 200w, https:\/\/www.fallbrookmedicalcenter.com\/wp-content\/uploads\/2021\/09\/icon-Environmental-160x160.png 160w\" sizes=\"auto, (max-width: 200px) 100vw, 200px\" \/><\/p>\n<h3 style=\"text-align: center;\">Ambiental<\/h3>\n<div class=\"rowItem col-md-6 col-sm-12 btTextLeft\">\n<div class=\"rowItemContent\">\n<div class=\"boldRow boldInnerRow \">\n<div class=\"rowItem rowInnerItem col-md-4 btTextLeft\">\n<div class=\"rowItemContent\">\n<div class=\"btText\">\n<p style=\"text-align: center;\">Fomentar interrelaciones positivas entre la salud planetaria y las acciones, elecciones y bienestar humanos.<\/p>\n<\/div>\n<\/div>\n<\/div>\n<\/div>\n<\/div>\n<\/div>\n<p>\n<\/div><\/div><\/div><\/div><\/div><\/div><div class=\"rowItem col-md-3 col-sm-6 col-ms-12 btTextLeft\"  ><div class=\"rowItemContent\" ><\/div><\/div><\/div><\/div><\/div><\/div><\/div><\/section><section id=\"bt_section69e08a8596480\"  class=\"boldSection gutter\" ><div class=\"port\"><div class=\"boldCell\"><div class=\"boldCellInner\"><div class=\"boldRow  \" ><div class=\"boldRowInner\"><div class=\"rowItem col-md-12 col-ms-12  btTextLeft\"  ><div class=\"rowItemContent\" ><div class=\"btText\" ><\/p>\n<p style=\"text-align: center;\"><strong>En Fallbrook Medical Center<\/strong>\u00a0, priorizamos\u00a0<strong>el bienestar<\/strong>\u00a0como un aspecto integral de nuestra filosof\u00eda de atenci\u00f3n al paciente. El bienestar no se trata solo de elecciones y comportamientos individuales; tambi\u00e9n est\u00e1 profundamente determinado por los entornos en los que vivimos, tanto f\u00edsica como socialmente.<\/p>\n<div class=\"btText\">\n<p style=\"text-align: center;\">Nuestro enfoque hol\u00edstico del\u00a0<strong>bienestar<\/strong>\u00a0se extiende m\u00e1s all\u00e1 de la atenci\u00f3n m\u00e9dica tradicional y abarca una comprensi\u00f3n integral de la salud que aborda las diversas necesidades y circunstancias de nuestros pacientes. Nos dedicamos a empoderar a las personas para que lleven vidas m\u00e1s saludables y felices promoviendo el bienestar en todas sus dimensiones.<\/p>\n<\/div>\n<p>\n<\/div><div class=\"btClear btSeparator bottomSemiSpaced noBorder\" ><hr><\/div><\/div><\/div><\/div><\/div><\/div><\/div><\/div><\/section><\/p>\n","protected":false},"excerpt":{"rendered":"","protected":false},"author":7,"featured_media":0,"parent":0,"menu_order":0,"comment_status":"closed","ping_status":"closed","template":"","meta":{"footnotes":""},"class_list":["post-5509","page","type-page","status-publish","hentry"],"yoast_head":"<!-- This site is optimized with the Yoast SEO plugin v27.0 - https:\/\/yoast.com\/product\/yoast-seo-wordpress\/ -->\n<title>Bienestar - Fallbrook Medical Center<\/title>\n<meta name=\"description\" content=\"Buscamos el bienestar como parte de las elecciones, comportamientos y estilos de vida de nuestros pacientes, pero tambi\u00e9n est\u00e1\" \/>\n<meta name=\"robots\" content=\"index, follow, max-snippet:-1, max-image-preview:large, max-video-preview:-1\" \/>\n<link rel=\"canonical\" href=\"https:\/\/www.fallbrookmedicalcenter.com\/wellness\/\" \/>\n<meta property=\"og:locale\" content=\"es_ES\" \/>\n<meta property=\"og:type\" content=\"article\" \/>\n<meta property=\"og:title\" content=\"Bienestar - Fallbrook Medical Center\" \/>\n<meta property=\"og:description\" content=\"Buscamos el bienestar como parte de las elecciones, comportamientos y estilos de vida de nuestros pacientes, pero tambi\u00e9n est\u00e1\" \/>\n<meta property=\"og:url\" content=\"https:\/\/www.fallbrookmedicalcenter.com\/wellness\/\" \/>\n<meta property=\"og:site_name\" content=\"Fallbrook Medical Center\" \/>\n<meta property=\"article:publisher\" content=\"http:\/\/www.facebook.com\/FallbrookMedical\" \/>\n<meta property=\"article:modified_time\" content=\"2024-08-08T22:04:13+00:00\" \/>\n<meta property=\"og:image\" content=\"https:\/\/www.fallbrookmedicalcenter.com\/wp-content\/uploads\/2021\/09\/icon-Physical.png\" \/>\n<meta name=\"twitter:card\" content=\"summary_large_image\" \/>\n<meta name=\"twitter:site\" content=\"@fallbrookmed\" \/>\n<meta name=\"twitter:label1\" content=\"Est. reading time\" \/>\n\t<meta name=\"twitter:data1\" content=\"4 minutes\" \/>\n<script type=\"application\/ld+json\" class=\"yoast-schema-graph\">{\"@context\":\"https:\/\/schema.org\",\"@graph\":[{\"@type\":\"WebPage\",\"@id\":\"https:\/\/www.fallbrookmedicalcenter.com\/wellness\/\",\"url\":\"https:\/\/www.fallbrookmedicalcenter.com\/wellness\/\",\"name\":\"Bienestar - Fallbrook Medical Center\",\"isPartOf\":{\"@id\":\"https:\/\/www.fallbrookmedicalcenter.com\/#website\"},\"primaryImageOfPage\":{\"@id\":\"https:\/\/www.fallbrookmedicalcenter.com\/wellness\/#primaryimage\"},\"image\":{\"@id\":\"https:\/\/www.fallbrookmedicalcenter.com\/wellness\/#primaryimage\"},\"thumbnailUrl\":\"https:\/\/www.fallbrookmedicalcenter.com\/wp-content\/uploads\/2021\/09\/icon-Physical.png\",\"datePublished\":\"2020-10-15T15:28:11+00:00\",\"dateModified\":\"2024-08-08T22:04:13+00:00\",\"description\":\"Buscamos el bienestar como parte de las elecciones, comportamientos y estilos de vida de nuestros pacientes, pero tambi\u00e9n est\u00e1\",\"breadcrumb\":{\"@id\":\"https:\/\/www.fallbrookmedicalcenter.com\/wellness\/#breadcrumb\"},\"inLanguage\":\"es-ES\",\"potentialAction\":[{\"@type\":\"ReadAction\",\"target\":[\"https:\/\/www.fallbrookmedicalcenter.com\/wellness\/\"]}]},{\"@type\":\"ImageObject\",\"inLanguage\":\"es-ES\",\"@id\":\"https:\/\/www.fallbrookmedicalcenter.com\/wellness\/#primaryimage\",\"url\":\"https:\/\/www.fallbrookmedicalcenter.com\/wp-content\/uploads\/2021\/09\/icon-Physical.png\",\"contentUrl\":\"https:\/\/www.fallbrookmedicalcenter.com\/wp-content\/uploads\/2021\/09\/icon-Physical.png\"},{\"@type\":\"BreadcrumbList\",\"@id\":\"https:\/\/www.fallbrookmedicalcenter.com\/wellness\/#breadcrumb\",\"itemListElement\":[{\"@type\":\"ListItem\",\"position\":1,\"name\":\"Portada\",\"item\":\"https:\/\/www.fallbrookmedicalcenter.com\/es\/\"},{\"@type\":\"ListItem\",\"position\":2,\"name\":\"Bienestar\"}]},{\"@type\":\"WebSite\",\"@id\":\"https:\/\/www.fallbrookmedicalcenter.com\/#website\",\"url\":\"https:\/\/www.fallbrookmedicalcenter.com\/\",\"name\":\"Fallbrook Medical Center\",\"description\":\"Por que tu Salud Importa\",\"potentialAction\":[{\"@type\":\"SearchAction\",\"target\":{\"@type\":\"EntryPoint\",\"urlTemplate\":\"https:\/\/www.fallbrookmedicalcenter.com\/?s={search_term_string}\"},\"query-input\":{\"@type\":\"PropertyValueSpecification\",\"valueRequired\":true,\"valueName\":\"search_term_string\"}}],\"inLanguage\":\"es-ES\"}]}<\/script>\n<!-- \/ Yoast SEO plugin. -->","yoast_head_json":{"title":"Bienestar - Fallbrook Medical Center","description":"Buscamos el bienestar como parte de las elecciones, comportamientos y estilos de vida de nuestros pacientes, pero tambi\u00e9n est\u00e1","robots":{"index":"index","follow":"follow","max-snippet":"max-snippet:-1","max-image-preview":"max-image-preview:large","max-video-preview":"max-video-preview:-1"},"canonical":"https:\/\/www.fallbrookmedicalcenter.com\/wellness\/","og_locale":"es_ES","og_type":"article","og_title":"Bienestar - Fallbrook Medical Center","og_description":"Buscamos el bienestar como parte de las elecciones, comportamientos y estilos de vida de nuestros pacientes, pero tambi\u00e9n est\u00e1","og_url":"https:\/\/www.fallbrookmedicalcenter.com\/wellness\/","og_site_name":"Fallbrook Medical Center","article_publisher":"http:\/\/www.facebook.com\/FallbrookMedical","article_modified_time":"2024-08-08T22:04:13+00:00","og_image":[{"url":"https:\/\/www.fallbrookmedicalcenter.com\/wp-content\/uploads\/2021\/09\/icon-Physical.png","type":"","width":"","height":""}],"twitter_card":"summary_large_image","twitter_site":"@fallbrookmed","twitter_misc":{"Est. reading time":"4 minutes"},"schema":{"@context":"https:\/\/schema.org","@graph":[{"@type":"WebPage","@id":"https:\/\/www.fallbrookmedicalcenter.com\/wellness\/","url":"https:\/\/www.fallbrookmedicalcenter.com\/wellness\/","name":"Bienestar - Fallbrook Medical Center","isPartOf":{"@id":"https:\/\/www.fallbrookmedicalcenter.com\/#website"},"primaryImageOfPage":{"@id":"https:\/\/www.fallbrookmedicalcenter.com\/wellness\/#primaryimage"},"image":{"@id":"https:\/\/www.fallbrookmedicalcenter.com\/wellness\/#primaryimage"},"thumbnailUrl":"https:\/\/www.fallbrookmedicalcenter.com\/wp-content\/uploads\/2021\/09\/icon-Physical.png","datePublished":"2020-10-15T15:28:11+00:00","dateModified":"2024-08-08T22:04:13+00:00","description":"Buscamos el bienestar como parte de las elecciones, comportamientos y estilos de vida de nuestros pacientes, pero tambi\u00e9n est\u00e1","breadcrumb":{"@id":"https:\/\/www.fallbrookmedicalcenter.com\/wellness\/#breadcrumb"},"inLanguage":"es-ES","potentialAction":[{"@type":"ReadAction","target":["https:\/\/www.fallbrookmedicalcenter.com\/wellness\/"]}]},{"@type":"ImageObject","inLanguage":"es-ES","@id":"https:\/\/www.fallbrookmedicalcenter.com\/wellness\/#primaryimage","url":"https:\/\/www.fallbrookmedicalcenter.com\/wp-content\/uploads\/2021\/09\/icon-Physical.png","contentUrl":"https:\/\/www.fallbrookmedicalcenter.com\/wp-content\/uploads\/2021\/09\/icon-Physical.png"},{"@type":"BreadcrumbList","@id":"https:\/\/www.fallbrookmedicalcenter.com\/wellness\/#breadcrumb","itemListElement":[{"@type":"ListItem","position":1,"name":"Portada","item":"https:\/\/www.fallbrookmedicalcenter.com\/es\/"},{"@type":"ListItem","position":2,"name":"Bienestar"}]},{"@type":"WebSite","@id":"https:\/\/www.fallbrookmedicalcenter.com\/#website","url":"https:\/\/www.fallbrookmedicalcenter.com\/","name":"Fallbrook Medical Center","description":"Por que tu Salud Importa","potentialAction":[{"@type":"SearchAction","target":{"@type":"EntryPoint","urlTemplate":"https:\/\/www.fallbrookmedicalcenter.com\/?s={search_term_string}"},"query-input":{"@type":"PropertyValueSpecification","valueRequired":true,"valueName":"search_term_string"}}],"inLanguage":"es-ES"}]}},"_links":{"self":[{"href":"https:\/\/www.fallbrookmedicalcenter.com\/es\/wp-json\/wp\/v2\/pages\/5509","targetHints":{"allow":["GET"]}}],"collection":[{"href":"https:\/\/www.fallbrookmedicalcenter.com\/es\/wp-json\/wp\/v2\/pages"}],"about":[{"href":"https:\/\/www.fallbrookmedicalcenter.com\/es\/wp-json\/wp\/v2\/types\/page"}],"author":[{"embeddable":true,"href":"https:\/\/www.fallbrookmedicalcenter.com\/es\/wp-json\/wp\/v2\/users\/7"}],"replies":[{"embeddable":true,"href":"https:\/\/www.fallbrookmedicalcenter.com\/es\/wp-json\/wp\/v2\/comments?post=5509"}],"version-history":[{"count":1,"href":"https:\/\/www.fallbrookmedicalcenter.com\/es\/wp-json\/wp\/v2\/pages\/5509\/revisions"}],"predecessor-version":[{"id":5510,"href":"https:\/\/www.fallbrookmedicalcenter.com\/es\/wp-json\/wp\/v2\/pages\/5509\/revisions\/5510"}],"wp:attachment":[{"href":"https:\/\/www.fallbrookmedicalcenter.com\/es\/wp-json\/wp\/v2\/media?parent=5509"}],"curies":[{"name":"wp","href":"https:\/\/api.w.org\/{rel}","templated":true}]}}