{"id":5516,"date":"2023-09-18T22:11:51","date_gmt":"2023-09-18T22:11:51","guid":{"rendered":"https:\/\/www.fallbrookmedicalcenter.com\/?page_id=5516"},"modified":"2024-08-08T22:30:10","modified_gmt":"2024-08-08T22:30:10","slug":"pacientes","status":"publish","type":"page","link":"https:\/\/www.fallbrookmedicalcenter.com\/es\/pacientes\/","title":{"rendered":"Pacientes"},"content":{"rendered":"<p><section id=\"bt_section69e08ab019532\"  class=\"boldSection topSemiSpaced bottomSemiSpaced btDarkSkin gutter inherit btAccentColorBackground\" ><div class=\"port\"><div class=\"boldCell\"><div class=\"boldCellInner\"><div class=\"boldRow  \" ><div class=\"boldRowInner\"><div class=\"rowItem col-md-12 col-ms-12  btTextLeft\"  ><div class=\"rowItemContent\" ><div class=\"btClear btSeparator topExtraSmallSpaced noBorder\" ><hr><\/div><div class=\"btClear btSeparator topExtraSmallSpaced noBorder\" ><hr><\/div><header class=\"header btClear large  btNormalDash\" ><div class=\"dash\"><h2><span class=\"headline\">Pacientes nuevos<\/span><\/h2><\/div><\/header><\/div><\/div><\/div><\/div><\/div><\/div><\/div><\/section><section id=\"bt_section69e08ab019924\"  class=\"boldSection topSemiSpaced bottomSemiSpaced gutter inherit\" ><div class=\"port\"><div class=\"boldCell\"><div class=\"boldCellInner\"><div class=\"boldRow  \" ><div class=\"boldRowInner\"><div class=\"rowItem col-md-4 col-ms-12 btTextLeft\"  ><div class=\"rowItemContent\" ><div class=\"btText\" ><\/p>\n<p>En Fallbrook Medical Center, nos esforzamos por brindarles a nuestros pacientes una experiencia excepcional y sin inconvenientes, reconociendo la importancia primordial de la atenci\u00f3n m\u00e9dica y su prestaci\u00f3n. Nuestra organizaci\u00f3n est\u00e1 comprometida con su salud y comodidad, ya que estamos dedicados a ofrecerles a nuestros pacientes la mejor atenci\u00f3n posible.<\/p>\n<p>Si es un paciente nuevo, le rogamos que complete el formulario de preinscripci\u00f3n.<\/p>\n<p>Si tiene alg\u00fan problema con el proceso de registro o para acceder al portal del paciente, no dude en comunicarse con uno de nuestros representantes para obtener ayuda.<\/p>\n<p>\n<\/div><div class=\"btClear btSeparator topSemiSpaced noBorder\" ><hr><\/div><a href=\"https:\/\/mycw104.ecwcloud.com\/portal14208\/jsp\/jspnew\/preRegistration_new.jsp\" class=\"btBtn btBtn btnFilledStyle btnAccentColor btnMedium btnNormalWidth btnLeftPosition btnIco\"  target=\"_blank\"><span class=\"btnInnerText\">Formulario de preinscripci\u00f3n<\/span><span class=\"btIco \" ><span  data-ico-fa=\"&#xf234;\" class=\"btIcoHolder\"><em><\/em><\/span><\/span><\/a><\/div><\/div><div class=\"rowItem col-md-8 col-ms-12 btTextLeft\"  ><div class=\"rowItemContent\" ><div class=\"btClear btSeparator topSemiSpaced noBorder bt_bb_hidden_xs bt_bb_hidden_ms\" ><hr><\/div><div class=\"bpgPhoto \"  style=\"btTextCenter btSimpleHoverType\">\r\n\t\t\t\t\t<a href=\"https:\/\/www.fallbrookmedicalcenter.com\/wp-content\/uploads\/2023\/09\/new-patient-pre-registration-form-pantalla-PC-Mockup.webp\" target=\"\" title=\"\"><\/a>\r\n\t\t\t\t\t<div class=\"boldPhotoBox\"><div class=\"bpbItem\"><div class=\"btImage\"><img decoding=\"async\" src=\"https:\/\/www.fallbrookmedicalcenter.com\/wp-content\/uploads\/2023\/09\/new-patient-pre-registration-form-pantalla-PC-Mockup.webp\" alt=\"\" title=\"\"><\/div><\/div><\/div>\r\n\t\t\t\t\t<div class=\"captionPane\">\r\n\t\t\t\t\t\t<div class=\"captionTable\">\r\n\t\t\t\t\t\t\t<div class=\"captionCell\">\r\n\t\t\t\t\t\t\t\t<div class=\"captionTxt\"><header class=\"header btClear small btDash bottomDash btAlternateDash\" ><div class=\"btSubTitle\">full<\/div><\/header><\/div>\r\n\t\t\t\t\t\t\t<\/div>\r\n\t\t\t\t\t\t<\/div>\r\n\t\t\t\t\t<\/div><\/div><\/div><\/div><\/div><\/div><div class=\"boldRow  \" ><div class=\"boldRowInner\"><div class=\"rowItem col-md-12 col-ms-12  btTextLeft\"  ><div class=\"rowItemContent\" ><div class=\"btClear btSeparator topSemiSpaced bottomSemiSpaced border\" ><hr><\/div><\/div><\/div><\/div><\/div><div class=\"boldRow  \" ><div class=\"boldRowInner\"><div class=\"rowItem col-md-8 col-ms-12 btTextLeft\"  ><div class=\"rowItemContent\" ><div class=\"btText\" ><\/p>\n<div class=\"rowItem col-md-8 col-ms-12 btTextLeft\">\n<div class=\"rowItemContent\">\n<div class=\"btText\">\n<p>Si es un paciente que regresa, utilice el Portal del paciente para programar citas, obtener informaci\u00f3n de facturaci\u00f3n y otras necesidades m\u00e9dicas.<\/p>\n<\/div>\n<\/div>\n<\/div>\n<p>\n<\/div><\/div><\/div><div class=\"rowItem col-md-4 col-ms-12 btTextCenter btMiddleVertical\"  ><div class=\"rowItemContent\" ><a href=\"https:\/\/mycw104.ecwcloud.com\/portal14208\/jsp\/100mp\/login_otp.jsp\" class=\"btBtn btBtn btnFilledStyle btnAlternateColor btnMedium btnFullWidth btnInlinePosition btnNoIcon\"  target=\"_blank\"><span class=\"btnInnerText\">Inicio de sesi\u00f3n del Paciente<\/span><\/a><\/div><\/div><\/div><\/div><div class=\"boldRow  \" ><div class=\"boldRowInner\"><div class=\"rowItem col-md-12 col-ms-12  btTextLeft\"  ><div class=\"rowItemContent\" ><div class=\"btClear btSeparator topSemiSpaced bottomSemiSpaced border\" ><hr><\/div><\/div><\/div><\/div><\/div><\/div><\/div><\/div><\/section><section id=\"bt_section69e08ab01adbf\"  class=\"boldSection bottomSpaced gutter inherit\" ><div class=\"port\"><div class=\"boldCell\"><div class=\"boldCellInner\"><div class=\"boldRow  \" ><div class=\"boldRowInner\"><div class=\"rowItem col-md-12 col-ms-12  btTextLeft\"  ><div class=\"rowItemContent\" ><header class=\"header btClear large btDash topDash  btAccentDash\" ><div class=\"dash\"><h2><span class=\"headline\"><em>Por favor traiga los siguientes art\u00edculos a <\/em><br \/><br><b class=\"animate\">Su cita inicial:<\/b><\/span><\/h2><\/div><\/header><div class=\"btClear btSeparator topSmallSpaced noBorder\" ><hr><\/div><div class=\"btText\" ><\/p>\n<ul>\n<li aria-level=\"1\">Autorizaci\u00f3n de solicitud de historial m\u00e9dico<\/li>\n<li aria-level=\"1\">Aseg\u00farese de tener a mano su tarjeta de seguro. Si no la tiene a mano, est\u00e9 preparado para cubrir el costo total de la cita.<\/li>\n<li aria-level=\"1\">Proporcione una lista completa de sus medicamentos actuales, que incluya medicamentos recetados y no recetados, junto con cualquier suplemento diet\u00e9tico que est\u00e9 usando actualmente.<\/li>\n<li aria-level=\"1\">Su licencia de conducir o identificaci\u00f3n con fotograf\u00eda.<\/li>\n<li aria-level=\"1\">Su copago por visita al consultorio (si corresponde). Esto se indicar\u00e1 en su tarjeta de identificaci\u00f3n de seguro.<\/li>\n<\/ul>\n<p>Le recomendamos llegar al menos 30 minutos antes de la hora programada de su cita. Reserve tiempo adicional para estacionar y registrarse para completar todos los formularios necesarios.<\/p>\n<p>Si viene como paciente sin cita previa, le recomendamos encarecidamente que llegue a nuestro consultorio a\u00a0<b>las 9:00 a. m.\u00a0<\/b>o a\u00a0<b>las 2:00 p. m\u00a0<\/b>. Recuerde que no hay garant\u00edas de que lo atiendan sin cita previa.<\/p>\n<p>Adem\u00e1s, le rogamos que haga los arreglos necesarios para que nos env\u00eden sus registros m\u00e9dicos anteriores lo antes posible. Puede traer copias o solicitarle a su proveedor de atenci\u00f3n m\u00e9dica anterior que las env\u00ede directamente a nuestro correo electr\u00f3nico\u00a0<a href=\"mailto:support@fallbrookmedicalcenter.com\"><strong>support@fallbrookmedicalcenter.com<\/strong><\/a>\u00a0. Para ello, deber\u00e1 completar el formulario de solicitud de registros m\u00e9dicos adjunto y enviarlo al consultorio de su m\u00e9dico anterior.<\/p>\n<p>\n<\/div><div class=\"btClear btSeparator topSmallSpaced noBorder\" ><hr><\/div><a href=\"https:\/\/www.fallbrookmedicalcenter.com\/wp-content\/uploads\/2023\/09\/Fallbrook-Medical-Center-Medical-Record-Request-Form.pdf\" class=\"btBtn btBtn btnFilledStyle btnAccentColor btnMedium btnNormalWidth btnLeftPosition btnIco\"  target=\"_blank\"><span class=\"btnInnerText\">Descargar el formulario de solicitud de historial m\u00e9dico<\/span><span class=\"btIco \" ><span  data-ico-fa=\"&#xf0ed;\" class=\"btIcoHolder\"><em><\/em><\/span><\/span><\/a><div class=\"btClear btSeparator topSmallSpaced noBorder\" ><hr><\/div><div class=\"btText\" ><\/p>\n<div class=\"bt_bb_wrapper\" data-templates-time=\"1722622897\">\n<div class=\"bt_bb_fe_wrap\">\n<section id=\"bt_section66b545f5b5052\" class=\"boldSection bottomSpaced gutter inherit\">\n<div class=\"port\">\n<div class=\"boldCell\">\n<div class=\"boldCellInner\">\n<div class=\"boldRow  \">\n<div class=\"boldRowInner\">\n<div class=\"rowItem col-md-12 col-ms-12  btTextLeft\">\n<div class=\"rowItemContent\">\n<div class=\"btText\">\n<p>Por \u00faltimo, t\u00f3mese un tiempo para pensar en las preguntas o inquietudes que le gustar\u00eda tratar con su m\u00e9dico. Recuerde que su proveedor m\u00e9dico es su socio y defensor de la salud, y que la comunicaci\u00f3n eficaz es fundamental para el \u00e9xito de su salud.<\/p>\n<\/div>\n<\/div>\n<\/div>\n<\/div>\n<\/div>\n<\/div>\n<\/div>\n<\/div>\n<\/section>\n<\/div>\n<\/div>\n<p>\n<\/div><\/div><\/div><\/div><\/div><\/div><\/div><\/div><\/section><\/p>\n","protected":false},"excerpt":{"rendered":"","protected":false},"author":7,"featured_media":0,"parent":0,"menu_order":0,"comment_status":"closed","ping_status":"closed","template":"","meta":{"footnotes":""},"class_list":["post-5516","page","type-page","status-publish","hentry"],"yoast_head":"<!-- This site is optimized with the Yoast SEO plugin v27.0 - https:\/\/yoast.com\/product\/yoast-seo-wordpress\/ -->\n<title>Pacientes - Fallbrook Medical Center<\/title>\n<meta name=\"description\" content=\"En Fallbrook Medical Center, nos esforzamos por brindarles a nuestros pacientes una experiencia excepcional y sin inconvenientes\" \/>\n<meta name=\"robots\" content=\"index, follow, max-snippet:-1, max-image-preview:large, max-video-preview:-1\" \/>\n<link rel=\"canonical\" href=\"https:\/\/www.fallbrookmedicalcenter.com\/patients\/\" \/>\n<meta property=\"og:locale\" content=\"es_ES\" \/>\n<meta property=\"og:type\" content=\"article\" \/>\n<meta property=\"og:title\" content=\"Pacientes - Fallbrook Medical Center\" \/>\n<meta property=\"og:description\" content=\"En Fallbrook Medical Center, nos esforzamos por brindarles a nuestros pacientes una experiencia excepcional y sin inconvenientes\" \/>\n<meta property=\"og:url\" content=\"https:\/\/www.fallbrookmedicalcenter.com\/patients\/\" \/>\n<meta property=\"og:site_name\" content=\"Fallbrook Medical Center\" \/>\n<meta property=\"article:publisher\" content=\"http:\/\/www.facebook.com\/FallbrookMedical\" \/>\n<meta property=\"article:modified_time\" content=\"2024-08-08T22:30:10+00:00\" \/>\n<meta name=\"twitter:card\" content=\"summary_large_image\" \/>\n<meta name=\"twitter:site\" content=\"@fallbrookmed\" \/>\n<meta name=\"twitter:label1\" content=\"Est. reading time\" \/>\n\t<meta name=\"twitter:data1\" content=\"6 minutes\" \/>\n<script type=\"application\/ld+json\" class=\"yoast-schema-graph\">{\"@context\":\"https:\/\/schema.org\",\"@graph\":[{\"@type\":\"WebPage\",\"@id\":\"https:\/\/www.fallbrookmedicalcenter.com\/patients\/\",\"url\":\"https:\/\/www.fallbrookmedicalcenter.com\/patients\/\",\"name\":\"Pacientes - Fallbrook Medical Center\",\"isPartOf\":{\"@id\":\"https:\/\/www.fallbrookmedicalcenter.com\/#website\"},\"datePublished\":\"2023-09-18T22:11:51+00:00\",\"dateModified\":\"2024-08-08T22:30:10+00:00\",\"description\":\"En Fallbrook Medical Center, nos esforzamos por brindarles a nuestros pacientes una experiencia excepcional y sin inconvenientes\",\"breadcrumb\":{\"@id\":\"https:\/\/www.fallbrookmedicalcenter.com\/patients\/#breadcrumb\"},\"inLanguage\":\"es-ES\",\"potentialAction\":[{\"@type\":\"ReadAction\",\"target\":[\"https:\/\/www.fallbrookmedicalcenter.com\/patients\/\"]}]},{\"@type\":\"BreadcrumbList\",\"@id\":\"https:\/\/www.fallbrookmedicalcenter.com\/patients\/#breadcrumb\",\"itemListElement\":[{\"@type\":\"ListItem\",\"position\":1,\"name\":\"Portada\",\"item\":\"https:\/\/www.fallbrookmedicalcenter.com\/es\/\"},{\"@type\":\"ListItem\",\"position\":2,\"name\":\"Pacientes\"}]},{\"@type\":\"WebSite\",\"@id\":\"https:\/\/www.fallbrookmedicalcenter.com\/#website\",\"url\":\"https:\/\/www.fallbrookmedicalcenter.com\/\",\"name\":\"Fallbrook Medical Center\",\"description\":\"Por que tu Salud Importa\",\"potentialAction\":[{\"@type\":\"SearchAction\",\"target\":{\"@type\":\"EntryPoint\",\"urlTemplate\":\"https:\/\/www.fallbrookmedicalcenter.com\/?s={search_term_string}\"},\"query-input\":{\"@type\":\"PropertyValueSpecification\",\"valueRequired\":true,\"valueName\":\"search_term_string\"}}],\"inLanguage\":\"es-ES\"}]}<\/script>\n<!-- \/ Yoast SEO plugin. -->","yoast_head_json":{"title":"Pacientes - Fallbrook Medical Center","description":"En Fallbrook Medical Center, nos esforzamos por brindarles a nuestros pacientes una experiencia excepcional y sin inconvenientes","robots":{"index":"index","follow":"follow","max-snippet":"max-snippet:-1","max-image-preview":"max-image-preview:large","max-video-preview":"max-video-preview:-1"},"canonical":"https:\/\/www.fallbrookmedicalcenter.com\/patients\/","og_locale":"es_ES","og_type":"article","og_title":"Pacientes - Fallbrook Medical Center","og_description":"En Fallbrook Medical Center, nos esforzamos por brindarles a nuestros pacientes una experiencia excepcional y sin inconvenientes","og_url":"https:\/\/www.fallbrookmedicalcenter.com\/patients\/","og_site_name":"Fallbrook Medical Center","article_publisher":"http:\/\/www.facebook.com\/FallbrookMedical","article_modified_time":"2024-08-08T22:30:10+00:00","twitter_card":"summary_large_image","twitter_site":"@fallbrookmed","twitter_misc":{"Est. reading time":"6 minutes"},"schema":{"@context":"https:\/\/schema.org","@graph":[{"@type":"WebPage","@id":"https:\/\/www.fallbrookmedicalcenter.com\/patients\/","url":"https:\/\/www.fallbrookmedicalcenter.com\/patients\/","name":"Pacientes - Fallbrook Medical Center","isPartOf":{"@id":"https:\/\/www.fallbrookmedicalcenter.com\/#website"},"datePublished":"2023-09-18T22:11:51+00:00","dateModified":"2024-08-08T22:30:10+00:00","description":"En Fallbrook Medical Center, nos esforzamos por brindarles a nuestros pacientes una experiencia excepcional y sin inconvenientes","breadcrumb":{"@id":"https:\/\/www.fallbrookmedicalcenter.com\/patients\/#breadcrumb"},"inLanguage":"es-ES","potentialAction":[{"@type":"ReadAction","target":["https:\/\/www.fallbrookmedicalcenter.com\/patients\/"]}]},{"@type":"BreadcrumbList","@id":"https:\/\/www.fallbrookmedicalcenter.com\/patients\/#breadcrumb","itemListElement":[{"@type":"ListItem","position":1,"name":"Portada","item":"https:\/\/www.fallbrookmedicalcenter.com\/es\/"},{"@type":"ListItem","position":2,"name":"Pacientes"}]},{"@type":"WebSite","@id":"https:\/\/www.fallbrookmedicalcenter.com\/#website","url":"https:\/\/www.fallbrookmedicalcenter.com\/","name":"Fallbrook Medical Center","description":"Por que tu Salud Importa","potentialAction":[{"@type":"SearchAction","target":{"@type":"EntryPoint","urlTemplate":"https:\/\/www.fallbrookmedicalcenter.com\/?s={search_term_string}"},"query-input":{"@type":"PropertyValueSpecification","valueRequired":true,"valueName":"search_term_string"}}],"inLanguage":"es-ES"}]}},"_links":{"self":[{"href":"https:\/\/www.fallbrookmedicalcenter.com\/es\/wp-json\/wp\/v2\/pages\/5516","targetHints":{"allow":["GET"]}}],"collection":[{"href":"https:\/\/www.fallbrookmedicalcenter.com\/es\/wp-json\/wp\/v2\/pages"}],"about":[{"href":"https:\/\/www.fallbrookmedicalcenter.com\/es\/wp-json\/wp\/v2\/types\/page"}],"author":[{"embeddable":true,"href":"https:\/\/www.fallbrookmedicalcenter.com\/es\/wp-json\/wp\/v2\/users\/7"}],"replies":[{"embeddable":true,"href":"https:\/\/www.fallbrookmedicalcenter.com\/es\/wp-json\/wp\/v2\/comments?post=5516"}],"version-history":[{"count":1,"href":"https:\/\/www.fallbrookmedicalcenter.com\/es\/wp-json\/wp\/v2\/pages\/5516\/revisions"}],"predecessor-version":[{"id":5517,"href":"https:\/\/www.fallbrookmedicalcenter.com\/es\/wp-json\/wp\/v2\/pages\/5516\/revisions\/5517"}],"wp:attachment":[{"href":"https:\/\/www.fallbrookmedicalcenter.com\/es\/wp-json\/wp\/v2\/media?parent=5516"}],"curies":[{"name":"wp","href":"https:\/\/api.w.org\/{rel}","templated":true}]}}