{"id":5520,"date":"2023-09-27T22:53:32","date_gmt":"2023-09-27T22:53:32","guid":{"rendered":"https:\/\/www.fallbrookmedicalcenter.com\/?page_id=5520"},"modified":"2024-08-08T22:48:13","modified_gmt":"2024-08-08T22:48:13","slug":"nosotros","status":"publish","type":"page","link":"https:\/\/www.fallbrookmedicalcenter.com\/es\/nosotros\/","title":{"rendered":"Nosotros"},"content":{"rendered":"<p><section id=\"bt_section69e152a9c3ac3\"  class=\"boldSection btDivider topSemiSpaced bottomSemiSpaced btDarkSkin gutter inherit wBackground cover btAccentColorBackground\" style=\"background-image:url('https:\/\/www.fallbrookmedicalcenter.com\/wp-content\/uploads\/2015\/12\/bgn-grad.png');\"><div class=\"port\"><div class=\"boldCell\"><div class=\"boldCellInner\"><div class=\"boldRow  \" ><div class=\"boldRowInner\"><div class=\"rowItem col-md-12 col-ms-12  btTextLeft animate animate-fadein animate-moveleft inherit\"  ><div class=\"rowItemContent\" ><div class=\"btClear btSeparator topExtraSmallSpaced noBorder\" ><hr><\/div><div class=\"btClear btSeparator topExtraSmallSpaced noBorder\" ><hr><\/div><header class=\"header btClear large  btNormalDash\" ><div class=\"dash\"><h2><span class=\"headline\">Acerca de nosotros<\/span><\/h2><\/div><\/header><\/div><\/div><\/div><\/div><\/div><\/div><\/div><\/section><section id=\"bt_section69e152a9c40e8\"  class=\"boldSection inherit\" ><div class=\"port\"><div class=\"boldCell\"><div class=\"boldCellInner\"><div class=\"boldRow  \" ><div class=\"boldRowInner\"><div class=\"rowItem col-md-12 col-ms-12  btTextLeft\"  ><div class=\"rowItemContent\" ><div class=\"bpgPhoto \"  style=\"btTextCenter\">\r\n\t\t\t\t\t<a href=\"https:\/\/www.fallbrookmedicalcenter.com\/wp-content\/uploads\/2023\/10\/Our-Strategic-Direction-banner.webp\" target=\"\" title=\"\"><\/a>\r\n\t\t\t\t\t<div class=\"boldPhotoBox\"><div class=\"bpbItem\"><div class=\"btImage\"><img decoding=\"async\" src=\"https:\/\/www.fallbrookmedicalcenter.com\/wp-content\/uploads\/2023\/10\/Our-Strategic-Direction-banner.webp\" alt=\"\" title=\"\"><\/div><\/div><\/div>\r\n\t\t\t\t\t<div class=\"captionPane\">\r\n\t\t\t\t\t\t<div class=\"captionTable\">\r\n\t\t\t\t\t\t\t<div class=\"captionCell\">\r\n\t\t\t\t\t\t\t\t<div class=\"captionTxt\"><header class=\"header btClear small btDash bottomDash btAlternateDash\" ><div class=\"btSubTitle\">full<\/div><\/header><\/div>\r\n\t\t\t\t\t\t\t<\/div>\r\n\t\t\t\t\t\t<\/div>\r\n\t\t\t\t\t<\/div><\/div><\/div><\/div><\/div><\/div><\/div><\/div><\/div><\/section><section id=\"bt_section69e152a9c5dd3\"  class=\"boldSection gutter\" ><div class=\"port\"><div class=\"boldCell\"><div class=\"boldCellInner\"><div class=\"boldRow  \" ><div class=\"boldRowInner\"><div class=\"rowItem col-md-12 col-ms-12  btTextLeft\"  ><div class=\"rowItemContent\" ><div class=\"btClear btSeparator topSpaced noBorder\" ><hr><\/div><header class=\"header btClear medium btDash topDash  btNormalDash\" ><div class=\"dash\"><h3><span class=\"headline\"><b class=\"animate\">Nuestra Misi\u00f3n<\/b><\/span><\/h3><\/div><\/header><div class=\"btText\" ><\/p>\n<div class=\"btText\">\n<p>Inspirado por la salud y el bienestar de nuestra comunidad, Fallbrook Medical Center se compromete a brindarles a los pacientes la mejor y m\u00e1s alta calidad de atenci\u00f3n m\u00e9dica de manera profesional y compasiva. La misi\u00f3n de Fallbrook Medical Center es ejercer la medicina promoviendo la concienciaci\u00f3n sobre la salud, previniendo y tratando enfermedades, as\u00ed como brindando los programas m\u00e1s accesibles y adecuados para que los pacientes sin seguro obtengan atenci\u00f3n m\u00e9dica por igual. Nuestra visi\u00f3n es crear el mejor centro de atenci\u00f3n de urgencias y pr\u00e1ctica familiar para todos los pacientes que necesiten atenci\u00f3n m\u00e9dica, independientemente de su cobertura de atenci\u00f3n m\u00e9dica.<\/p>\n<\/div>\n<p>\n<\/div><div class=\"btClear btSeparator bottomSpaced noBorder\" ><hr><\/div><\/div><\/div><\/div><\/div><\/div><\/div><\/div><\/section><section id=\"bt_section69e152a9c6403\"  class=\"boldSection gutter inherit\" style=\"background-color:rgb(41,52,93);\"><div class=\"port\"><div class=\"boldCell\"><div class=\"boldCellInner\"><div class=\"boldRow  \" ><div class=\"boldRowInner\"><div class=\"rowItem col-md-12 col-ms-12  btTextLeft\"  ><div class=\"rowItemContent\" ><div class=\"btClear btSeparator topSpaced border\" ><hr><\/div><header class=\"header btClear medium btDash topDash title-fmc-white btAlternateDash\" ><div class=\"dash\"><h3><span class=\"headline\"><b class=\"animate\">Nuestros Valores<\/b><\/span><\/h3><\/div><\/header><div class=\"btText\" ><\/p>\n<p><span style=\"color: #ffffff;\">Comprender los principios y valores de una empresa es fundamental para preservar un entorno empresarial \u00e9tico y socialmente responsable. Fallbrook Medical Center se esfuerza por transmitir continuamente sus valores y creencias \u00e9ticas a sus pacientes y empleados. Nuestra empresa se basa en la integridad, la honestidad y la responsabilidad, as\u00ed como en un desempe\u00f1o orientado a la \u00e9tica. Nuestros planes y acciones est\u00e1n impulsados \u200b\u200by estructurados por nuestros principios, que cuentan con el apoyo mutuo de la empresa y sus empleados. Fallbrook Medical Center espera un comportamiento \u00e9tico sobresaliente y adecuado de todos los miembros de la organizaci\u00f3n y nuestra empresa se esfuerza por defender sus valores y creencias \u00e9ticas en las tareas diarias, as\u00ed como por implementarlos en planes futuros.<\/span><\/p>\n<p>\n<\/div><div class=\"boldRow boldInnerRow  \" ><div class=\"rowItem rowInnerItem col-md-3  btTextCenter inherit\"  ><div class=\"rowItemContent\"><div class=\"btClear btSeparator topSemiSpaced noBorder\" ><hr><\/div><div class=\"btIconImageRow\" ><span class=\"btIco btIcoFilledType btIcoBigSize btIcoAlterColor   \" ><span  data-ico-fa=\"&#xf005;\" class=\"btIcoHolder\"><em><\/em><\/span><\/span><\/div><div class=\"btClear btSeparator topSmallSpaced noBorder\" ><hr><\/div><div class=\"btText\" ><\/p>\n<h3 style=\"color: #ffffff;\">Integridad<\/h3>\n<p>\n<\/div><\/div><\/div><div class=\"rowItem rowInnerItem col-md-3  btTextCenter inherit\"  ><div class=\"rowItemContent\"><div class=\"btClear btSeparator topSemiSpaced noBorder\" ><hr><\/div><div class=\"btIconImageRow\" ><span class=\"btIco btIcoFilledType btIcoBigSize btIcoAlterColor   \" ><span  data-ico-fa=\"&#xf00c;\" class=\"btIcoHolder\"><em><\/em><\/span><\/span><\/div><div class=\"btClear btSeparator topSmallSpaced noBorder\" ><hr><\/div><div class=\"btText\" ><\/p>\n<h3 style=\"color: #ffffff;\">Honestidad<\/h3>\n<p>\n<\/div><\/div><\/div><div class=\"rowItem rowInnerItem col-md-3  btTextCenter inherit\"  ><div class=\"rowItemContent\"><div class=\"btClear btSeparator topSemiSpaced noBorder\" ><hr><\/div><div class=\"btIconImageRow\" ><span class=\"btIco btIcoFilledType btIcoBigSize btIcoAlterColor   \" ><span  data-ico-fa=\"&#xf03a;\" class=\"btIcoHolder\"><em><\/em><\/span><\/span><\/div><div class=\"btClear btSeparator topSmallSpaced noBorder\" ><hr><\/div><div class=\"btText\" ><\/p>\n<h3 style=\"color: #ffffff;\">Responsabilidad<\/h3>\n<p>\n<\/div><\/div><\/div><div class=\"rowItem rowInnerItem col-md-3  btTextCenter inherit\"  ><div class=\"rowItemContent\"><div class=\"btClear btSeparator topSemiSpaced noBorder\" ><hr><\/div><div class=\"btIconImageRow\" ><span class=\"btIco btIcoFilledType btIcoBigSize btIcoAlterColor   \" ><span  data-ico-fa=\"&#xf004;\" class=\"btIcoHolder\"><em><\/em><\/span><\/span><\/div><div class=\"btClear btSeparator topSmallSpaced noBorder\" ><hr><\/div><div class=\"btText\" ><\/p>\n<h3 style=\"color: #ffffff;\">\u00c9tico<\/h3>\n<p>\n<\/div><\/div><\/div><\/div><div class=\"btClear btSeparator bottomSpaced noBorder\" ><hr><\/div><\/div><\/div><\/div><\/div><\/div><\/div><\/div><\/section><section id=\"bt_section69e152a9c798a\"  class=\"boldSection topSemiSpaced gutter inherit\" ><div class=\"port\"><div class=\"boldCell\"><div class=\"boldCellInner\"><div class=\"boldRow  \" ><div class=\"boldRowInner\"><div class=\"rowItem col-md-12 col-ms-12  btTextLeft\"  ><div class=\"rowItemContent\" ><div class=\"btClear btSeparator topSpaced noBorder\" ><hr><\/div><\/div><\/div><\/div><\/div><div class=\"boldRow  \" ><div class=\"boldRowInner\"><div class=\"rowItem col-md-6 col-sm-12 btTextLeft btMiddleVertical\"  ><div class=\"rowItemContent\" ><header class=\"header btClear medium btDash topDash  btNormalDash\" ><div class=\"dash\"><h3><span class=\"headline\"><b class=\"animate\">Nuestra Direcci\u00f3n Estrat\u00e9gica<\/b><\/span><\/h3><\/div><\/header><div class=\"btText\" ><\/p>\n<div class=\"rowItem col-md-6 col-sm-12 btTextLeft btMiddleVertical\">\n<div class=\"rowItemContent\">\n<div class=\"btText\">\n<p>Sin lugar a dudas, los valores \u00e9ticos, la responsabilidad social y la aceptaci\u00f3n cultural tienen una influencia significativa en la direcci\u00f3n estrat\u00e9gica de cualquier empresa. Fallbrook Medical Center ha previsto una direcci\u00f3n estrat\u00e9gica exitosa al considerar todos estos atributos mencionados anteriormente e implementarlos en nuestra planificaci\u00f3n y acciones estrat\u00e9gicas. Si bien la mayor\u00eda de los consultorios m\u00e9dicos o centros de salud practican la medicina dentro del \u00e1mbito social normal de expectativas, Fallbrook Medical Center se desaf\u00eda a s\u00ed mismo y a sus miembros al brindar a sus pacientes la m\u00e1s alta calidad de atenci\u00f3n m\u00e9dica. La empresa logra esto empleando principios \u00e9ticos, conocimiento m\u00e9dico, tecnolog\u00eda actualizada y, lo m\u00e1s importante, atenci\u00f3n m\u00e9dica compasiva.<\/p>\n<\/div>\n<\/div>\n<\/div>\n<p>\n<\/div><\/div><\/div><div class=\"rowItem col-md-6 col-sm-12 btTextLeft btMiddleVertical\"  ><div class=\"rowItemContent\" ><div class=\"bpgPhoto \"  style=\"btTextCenter\">\r\n\t\t\t\t\t<a href=\"https:\/\/www.fallbrookmedicalcenter.com\/wp-content\/uploads\/2023\/10\/Our-Strategic-Direction.webp\" target=\"\" title=\"\"><\/a>\r\n\t\t\t\t\t<div class=\"boldPhotoBox\"><div class=\"bpbItem\"><div class=\"btImage\"><img decoding=\"async\" src=\"https:\/\/www.fallbrookmedicalcenter.com\/wp-content\/uploads\/2023\/10\/Our-Strategic-Direction.webp\" alt=\"\" title=\"\"><\/div><\/div><\/div>\r\n\t\t\t\t\t<div class=\"captionPane\">\r\n\t\t\t\t\t\t<div class=\"captionTable\">\r\n\t\t\t\t\t\t\t<div class=\"captionCell\">\r\n\t\t\t\t\t\t\t\t<div class=\"captionTxt\"><header class=\"header btClear small btDash bottomDash btAlternateDash\" ><div class=\"btSubTitle\">full<\/div><\/header><\/div>\r\n\t\t\t\t\t\t\t<\/div>\r\n\t\t\t\t\t\t<\/div>\r\n\t\t\t\t\t<\/div><\/div><\/div><\/div><\/div><\/div><div class=\"boldRow  \" ><div class=\"boldRowInner\"><div class=\"rowItem col-md-12 col-ms-12  btTextLeft\"  ><div class=\"rowItemContent\" ><div class=\"btClear btSeparator bottomSpaced noBorder\" ><hr><\/div><\/div><\/div><\/div><\/div><\/div><\/div><\/div><\/section><\/p>\n","protected":false},"excerpt":{"rendered":"","protected":false},"author":7,"featured_media":0,"parent":0,"menu_order":0,"comment_status":"closed","ping_status":"closed","template":"","meta":{"footnotes":""},"class_list":["post-5520","page","type-page","status-publish","hentry"],"yoast_head":"<!-- This site is optimized with the Yoast SEO plugin v27.0 - https:\/\/yoast.com\/product\/yoast-seo-wordpress\/ -->\n<title>Nosotros - Fallbrook Medical Center<\/title>\n<meta name=\"description\" content=\"Inspirado por la salud y el bienestar de nuestra comunidad, Fallbrook Medical Center se compromete a brindarles a los pacientes la mejor\" \/>\n<meta name=\"robots\" content=\"index, follow, max-snippet:-1, max-image-preview:large, max-video-preview:-1\" \/>\n<link rel=\"canonical\" href=\"https:\/\/www.fallbrookmedicalcenter.com\/es\/nosotros\/\" \/>\n<meta property=\"og:locale\" content=\"es_ES\" \/>\n<meta property=\"og:type\" content=\"article\" \/>\n<meta property=\"og:title\" content=\"Nosotros - Fallbrook Medical Center\" \/>\n<meta property=\"og:description\" content=\"Inspirado por la salud y el bienestar de nuestra comunidad, Fallbrook Medical Center se compromete a brindarles a los pacientes la mejor\" \/>\n<meta property=\"og:url\" content=\"https:\/\/www.fallbrookmedicalcenter.com\/es\/nosotros\/\" \/>\n<meta property=\"og:site_name\" content=\"Fallbrook Medical Center\" \/>\n<meta property=\"article:publisher\" content=\"http:\/\/www.facebook.com\/FallbrookMedical\" \/>\n<meta property=\"article:modified_time\" content=\"2024-08-08T22:48:13+00:00\" \/>\n<meta name=\"twitter:card\" content=\"summary_large_image\" \/>\n<meta name=\"twitter:site\" content=\"@fallbrookmed\" \/>\n<meta name=\"twitter:label1\" content=\"Est. reading time\" \/>\n\t<meta name=\"twitter:data1\" content=\"8 minutes\" \/>\n<script type=\"application\/ld+json\" class=\"yoast-schema-graph\">{\"@context\":\"https:\/\/schema.org\",\"@graph\":[{\"@type\":\"WebPage\",\"@id\":\"https:\/\/www.fallbrookmedicalcenter.com\/es\/nosotros\/\",\"url\":\"https:\/\/www.fallbrookmedicalcenter.com\/es\/nosotros\/\",\"name\":\"Nosotros - Fallbrook Medical Center\",\"isPartOf\":{\"@id\":\"https:\/\/www.fallbrookmedicalcenter.com\/#website\"},\"datePublished\":\"2023-09-27T22:53:32+00:00\",\"dateModified\":\"2024-08-08T22:48:13+00:00\",\"description\":\"Inspirado por la salud y el bienestar de nuestra comunidad, Fallbrook Medical Center se compromete a brindarles a los pacientes la mejor\",\"breadcrumb\":{\"@id\":\"https:\/\/www.fallbrookmedicalcenter.com\/es\/nosotros\/#breadcrumb\"},\"inLanguage\":\"es-ES\",\"potentialAction\":[{\"@type\":\"ReadAction\",\"target\":[\"https:\/\/www.fallbrookmedicalcenter.com\/es\/nosotros\/\"]}]},{\"@type\":\"BreadcrumbList\",\"@id\":\"https:\/\/www.fallbrookmedicalcenter.com\/es\/nosotros\/#breadcrumb\",\"itemListElement\":[{\"@type\":\"ListItem\",\"position\":1,\"name\":\"Portada\",\"item\":\"https:\/\/www.fallbrookmedicalcenter.com\/es\/\"},{\"@type\":\"ListItem\",\"position\":2,\"name\":\"Nosotros\"}]},{\"@type\":\"WebSite\",\"@id\":\"https:\/\/www.fallbrookmedicalcenter.com\/#website\",\"url\":\"https:\/\/www.fallbrookmedicalcenter.com\/\",\"name\":\"Fallbrook Medical Center\",\"description\":\"Por que tu Salud Importa\",\"potentialAction\":[{\"@type\":\"SearchAction\",\"target\":{\"@type\":\"EntryPoint\",\"urlTemplate\":\"https:\/\/www.fallbrookmedicalcenter.com\/?s={search_term_string}\"},\"query-input\":{\"@type\":\"PropertyValueSpecification\",\"valueRequired\":true,\"valueName\":\"search_term_string\"}}],\"inLanguage\":\"es-ES\"}]}<\/script>\n<!-- \/ Yoast SEO plugin. -->","yoast_head_json":{"title":"Nosotros - Fallbrook Medical Center","description":"Inspirado por la salud y el bienestar de nuestra comunidad, Fallbrook Medical Center se compromete a brindarles a los pacientes la mejor","robots":{"index":"index","follow":"follow","max-snippet":"max-snippet:-1","max-image-preview":"max-image-preview:large","max-video-preview":"max-video-preview:-1"},"canonical":"https:\/\/www.fallbrookmedicalcenter.com\/es\/nosotros\/","og_locale":"es_ES","og_type":"article","og_title":"Nosotros - Fallbrook Medical Center","og_description":"Inspirado por la salud y el bienestar de nuestra comunidad, Fallbrook Medical Center se compromete a brindarles a los pacientes la mejor","og_url":"https:\/\/www.fallbrookmedicalcenter.com\/es\/nosotros\/","og_site_name":"Fallbrook Medical Center","article_publisher":"http:\/\/www.facebook.com\/FallbrookMedical","article_modified_time":"2024-08-08T22:48:13+00:00","twitter_card":"summary_large_image","twitter_site":"@fallbrookmed","twitter_misc":{"Est. reading time":"8 minutes"},"schema":{"@context":"https:\/\/schema.org","@graph":[{"@type":"WebPage","@id":"https:\/\/www.fallbrookmedicalcenter.com\/es\/nosotros\/","url":"https:\/\/www.fallbrookmedicalcenter.com\/es\/nosotros\/","name":"Nosotros - Fallbrook Medical Center","isPartOf":{"@id":"https:\/\/www.fallbrookmedicalcenter.com\/#website"},"datePublished":"2023-09-27T22:53:32+00:00","dateModified":"2024-08-08T22:48:13+00:00","description":"Inspirado por la salud y el bienestar de nuestra comunidad, Fallbrook Medical Center se compromete a brindarles a los pacientes la mejor","breadcrumb":{"@id":"https:\/\/www.fallbrookmedicalcenter.com\/es\/nosotros\/#breadcrumb"},"inLanguage":"es-ES","potentialAction":[{"@type":"ReadAction","target":["https:\/\/www.fallbrookmedicalcenter.com\/es\/nosotros\/"]}]},{"@type":"BreadcrumbList","@id":"https:\/\/www.fallbrookmedicalcenter.com\/es\/nosotros\/#breadcrumb","itemListElement":[{"@type":"ListItem","position":1,"name":"Portada","item":"https:\/\/www.fallbrookmedicalcenter.com\/es\/"},{"@type":"ListItem","position":2,"name":"Nosotros"}]},{"@type":"WebSite","@id":"https:\/\/www.fallbrookmedicalcenter.com\/#website","url":"https:\/\/www.fallbrookmedicalcenter.com\/","name":"Fallbrook Medical Center","description":"Por que tu Salud Importa","potentialAction":[{"@type":"SearchAction","target":{"@type":"EntryPoint","urlTemplate":"https:\/\/www.fallbrookmedicalcenter.com\/?s={search_term_string}"},"query-input":{"@type":"PropertyValueSpecification","valueRequired":true,"valueName":"search_term_string"}}],"inLanguage":"es-ES"}]}},"_links":{"self":[{"href":"https:\/\/www.fallbrookmedicalcenter.com\/es\/wp-json\/wp\/v2\/pages\/5520","targetHints":{"allow":["GET"]}}],"collection":[{"href":"https:\/\/www.fallbrookmedicalcenter.com\/es\/wp-json\/wp\/v2\/pages"}],"about":[{"href":"https:\/\/www.fallbrookmedicalcenter.com\/es\/wp-json\/wp\/v2\/types\/page"}],"author":[{"embeddable":true,"href":"https:\/\/www.fallbrookmedicalcenter.com\/es\/wp-json\/wp\/v2\/users\/7"}],"replies":[{"embeddable":true,"href":"https:\/\/www.fallbrookmedicalcenter.com\/es\/wp-json\/wp\/v2\/comments?post=5520"}],"version-history":[{"count":1,"href":"https:\/\/www.fallbrookmedicalcenter.com\/es\/wp-json\/wp\/v2\/pages\/5520\/revisions"}],"predecessor-version":[{"id":5521,"href":"https:\/\/www.fallbrookmedicalcenter.com\/es\/wp-json\/wp\/v2\/pages\/5520\/revisions\/5521"}],"wp:attachment":[{"href":"https:\/\/www.fallbrookmedicalcenter.com\/es\/wp-json\/wp\/v2\/media?parent=5520"}],"curies":[{"name":"wp","href":"https:\/\/api.w.org\/{rel}","templated":true}]}}