{"id":5522,"date":"2024-07-18T18:30:12","date_gmt":"2024-07-18T18:30:12","guid":{"rendered":"https:\/\/www.fallbrookmedicalcenter.com\/?page_id=5522"},"modified":"2024-08-08T23:02:54","modified_gmt":"2024-08-08T23:02:54","slug":"doctores-atencion-en-espanol-cerca-de-mi","status":"publish","type":"page","link":"https:\/\/www.fallbrookmedicalcenter.com\/es\/doctores-atencion-en-espanol-cerca-de-mi\/","title":{"rendered":"Doctores Atenci\u00f3n en Espa\u00f1ol Cerca de m\u00ed"},"content":{"rendered":"<p><section id=\"bt_section69f4667896457\"  class=\"boldSection topSemiSpaced bottomSemiSpaced btDarkSkin gutter inherit btAccentColorBackground\" ><div class=\"port\"><div class=\"boldCell\"><div class=\"boldCellInner\"><div class=\"boldRow  \" ><div class=\"boldRowInner\"><div class=\"rowItem col-md-12 col-ms-12  btTextLeft\"  ><div class=\"rowItemContent\" ><div class=\"btClear btSeparator topExtraSmallSpaced noBorder\" ><hr><\/div><div class=\"btClear btSeparator topExtraSmallSpaced noBorder\" ><hr><\/div><header class=\"header btClear large  btNormalDash\" ><div class=\"dash\"><h2><span class=\"headline\">Doctores Atenci\u00f3n en Espa\u00f1ol para Latinos cerca de m\u00ed<\/span><\/h2><\/div><\/header><\/div><\/div><\/div><\/div><\/div><\/div><\/div><\/section><section id=\"bt_section69f4667896823\"  class=\"boldSection inherit\" ><div class=\"port\"><div class=\"boldCell\"><div class=\"boldCellInner\"><div class=\"boldRow  \" ><div class=\"boldRowInner\"><div class=\"rowItem col-md-12 col-ms-12  btTextLeft\"  ><div class=\"rowItemContent\" ><div class=\"bpgPhoto Spanish Doctors Near Me Clinic - Dr Alvaro Berrios\"  style=\"btTextCenter spanish-doctor-slider\">\r\n\t\t\t\t\t<a href=\"https:\/\/www.fallbrookmedicalcenter.com\/wp-content\/uploads\/2024\/07\/Spanish-Doctors-Near-Me-Clinic.webp\" target=\"\" title=\"\"><\/a>\r\n\t\t\t\t\t<div class=\"boldPhotoBox\"><div class=\"bpbItem\"><div class=\"btImage\"><img decoding=\"async\" src=\"https:\/\/www.fallbrookmedicalcenter.com\/wp-content\/uploads\/2024\/07\/Spanish-Doctors-Near-Me-Clinic.webp\" alt=\"\" title=\"\"><\/div><\/div><\/div>\r\n\t\t\t\t\t<div class=\"captionPane\">\r\n\t\t\t\t\t\t<div class=\"captionTable\">\r\n\t\t\t\t\t\t\t<div class=\"captionCell\">\r\n\t\t\t\t\t\t\t\t<div class=\"captionTxt\"><header class=\"header btClear small btDash bottomDash btAlternateDash\" ><div class=\"btSubTitle\">full<\/div><\/header><\/div>\r\n\t\t\t\t\t\t\t<\/div>\r\n\t\t\t\t\t\t<\/div>\r\n\t\t\t\t\t<\/div><\/div><\/div><\/div><\/div><\/div><\/div><\/div><\/div><\/section><section id=\"bt_section69f46678971fb\"  class=\"boldSection topSpaced bottomSpaced gutter inherit\" ><div class=\"port\"><div class=\"boldCell\"><div class=\"boldCellInner\"><div class=\"boldRow  \" ><div class=\"boldRowInner\"><div class=\"rowItem col-md-6 col-sm-12 btTextLeft btMiddleVertical\"  ><div class=\"rowItemContent\" ><div class=\"btText\" ><\/p>\n<p>Bienvenido a &#8220;Fallbrook Medical Center <strong>Doctores Atenci\u00f3n en Espa\u00f1ol&#8221;<\/strong>, donde estamos orgullosos de ofrecer servicios de atenci\u00f3n m\u00e9dica integrales tanto en <strong>ingl\u00e9s<\/strong>\u00a0como\u00a0<strong>en espa\u00f1ol<\/strong>\u00a0. Nuestro equipo dedicado de m\u00e9dicos y personal biling\u00fce garantiza que el idioma nunca sea una barrera para recibir atenci\u00f3n m\u00e9dica de alta calidad.<\/p>\n<h2 style=\"font-size: 24px; line-height: 26px; letter-spacing: 1px;\">\u00bfPor qu\u00e9 es importante tener m\u00e9dicos que hablen espa\u00f1ol cerca de m\u00ed?<\/h2>\n<p>En Fallbrook Medical Center, comprendemos la importancia de una comunicaci\u00f3n clara entre m\u00e9dicos y pacientes.\u00a0<strong>Para nuestra comunidad hispanohablante<\/strong>\u00a0, contar con m\u00e9dicos que puedan comunicarse eficazmente en espa\u00f1ol garantiza que usted comprenda sus afecciones m\u00e9dicas, opciones de tratamiento y planes de atenci\u00f3n. Esto\u00a0<span style=\"color: #003366;\"><strong><a style=\"color: #003366;\" href=\"https:\/\/www.healthline.com\/nutrition\/16-ways-relieve-stress-anxiety\" target=\"_blank\" rel=\"noopener\">reduce el estr\u00e9s<\/a><\/strong><\/span>\u00a0y aumenta la precisi\u00f3n de\u00a0<span style=\"color: #003366;\"><strong><a style=\"color: #003366;\" href=\"https:\/\/www.bmsmedinfo.com\/\" target=\"_blank\" rel=\"noopener\">la informaci\u00f3n m\u00e9dica<\/a><\/strong>\u00a0<\/span>.<\/p>\n<p>\n<\/div><\/div><\/div><div class=\"rowItem col-md-6 col-sm-12 btTextLeft btMiddleVertical btNoPadding\"  ><div class=\"rowItemContent\" ><div class=\"bpgPhoto Hispanic and Latino Doctors Near Me\"  style=\"btTextCenter\">\r\n\t\t\t\t\t<a href=\"https:\/\/www.fallbrookmedicalcenter.com\/wp-content\/uploads\/2024\/07\/Hispanic-and-Latino-Doctors-Near-Me.webp\" target=\"\" title=\"\"><\/a>\r\n\t\t\t\t\t<div class=\"boldPhotoBox\"><div class=\"bpbItem\"><div class=\"btImage\"><img decoding=\"async\" src=\"https:\/\/www.fallbrookmedicalcenter.com\/wp-content\/uploads\/2024\/07\/Hispanic-and-Latino-Doctors-Near-Me.webp\" alt=\"\" title=\"\"><\/div><\/div><\/div>\r\n\t\t\t\t\t<div class=\"captionPane\">\r\n\t\t\t\t\t\t<div class=\"captionTable\">\r\n\t\t\t\t\t\t\t<div class=\"captionCell\">\r\n\t\t\t\t\t\t\t\t<div class=\"captionTxt\"><header class=\"header btClear small btDash bottomDash btAlternateDash\" ><div class=\"btSubTitle\">full<\/div><\/header><\/div>\r\n\t\t\t\t\t\t\t<\/div>\r\n\t\t\t\t\t\t<\/div>\r\n\t\t\t\t\t<\/div><\/div><\/div><\/div><\/div><\/div><\/div><\/div><\/div><\/section><section id=\"bt_section69f46678983d2\"  class=\"boldSection fullScreenHeight inherit\" style=\"background-color:rgb(41,52,93);\"><div class=\"port\"><div class=\"boldCell\"><div class=\"boldCellInner\"><div class=\"boldRow  \" ><div class=\"boldRowInner\"><div class=\"rowItem col-md-6 col-sm-12 btTextLeft\"  ><div class=\"rowItemContent\" ><div class=\"bpgPhoto Spanish-Speaking Internal Medicine Doctors Near Me\"  style=\"btTextCenter\">\r\n\t\t\t\t\t<a href=\"https:\/\/www.fallbrookmedicalcenter.com\/wp-content\/uploads\/2024\/07\/Spanish-Speaking-Internal-Medicine-Doctors-Near-Me.webp\" target=\"\" title=\"\"><\/a>\r\n\t\t\t\t\t<div class=\"boldPhotoBox\"><div class=\"bpbItem\"><div class=\"btImage\"><img decoding=\"async\" src=\"https:\/\/www.fallbrookmedicalcenter.com\/wp-content\/uploads\/2024\/07\/Spanish-Speaking-Internal-Medicine-Doctors-Near-Me.webp\" alt=\"\" title=\"\"><\/div><\/div><\/div>\r\n\t\t\t\t\t<div class=\"captionPane\">\r\n\t\t\t\t\t\t<div class=\"captionTable\">\r\n\t\t\t\t\t\t\t<div class=\"captionCell\">\r\n\t\t\t\t\t\t\t\t<div class=\"captionTxt\"><header class=\"header btClear small btDash bottomDash btAlternateDash\" ><div class=\"btSubTitle\">full<\/div><\/header><\/div>\r\n\t\t\t\t\t\t\t<\/div>\r\n\t\t\t\t\t\t<\/div>\r\n\t\t\t\t\t<\/div><\/div><div class=\"bpgPhoto Spanish-Speaking Primary Care Doctors Near Me\"  style=\"btTextCenter spanish-doctor-imgbt_bb_hidden_xs bt_bb_hidden_ms bt_bb_hidden_sm\">\r\n\t\t\t\t\t<a href=\"https:\/\/www.fallbrookmedicalcenter.com\/wp-content\/uploads\/2024\/07\/Spanish-Speaking-Primary-Care-Doctors-Near-Me.webp\" target=\"\" title=\"\"><\/a>\r\n\t\t\t\t\t<div class=\"boldPhotoBox\"><div class=\"bpbItem\"><div class=\"btImage\"><img decoding=\"async\" src=\"https:\/\/www.fallbrookmedicalcenter.com\/wp-content\/uploads\/2024\/07\/Spanish-Speaking-Primary-Care-Doctors-Near-Me.webp\" alt=\"\" title=\"\"><\/div><\/div><\/div>\r\n\t\t\t\t\t<div class=\"captionPane\">\r\n\t\t\t\t\t\t<div class=\"captionTable\">\r\n\t\t\t\t\t\t\t<div class=\"captionCell\">\r\n\t\t\t\t\t\t\t\t<div class=\"captionTxt\"><header class=\"header btClear small btDash bottomDash btAlternateDash\" ><div class=\"btSubTitle\">full<\/div><\/header><\/div>\r\n\t\t\t\t\t\t\t<\/div>\r\n\t\t\t\t\t\t<\/div>\r\n\t\t\t\t\t<\/div><\/div><\/div><\/div><div class=\"rowItem col-md-6 col-sm-12 btTextLeft\"  ><div class=\"rowItemContent\" ><div class=\"btClear btSeparator topSpaced border\" ><hr><\/div><div class=\"btText\" ><\/p>\n<div style=\"color: #fff; padding: 0px 40px;\">\n<h2 style=\"font-size: 24px; line-height: 26px; letter-spacing: 1px;\">M\u00e9dicos de atenci\u00f3n primaria que hablan espa\u00f1ol cerca de m\u00ed<\/h2>\n<p>Nuestros\u00a0<strong>m\u00e9dicos de atenci\u00f3n primaria<\/strong>\u00a0en Fallbrook Medical Center hablan espa\u00f1ol con fluidez y brindan una variedad de servicios, desde controles de rutina hasta el tratamiento de enfermedades cr\u00f3nicas. Est\u00e1n aqu\u00ed para ser su primer punto de contacto para cualquier inquietud de salud y guiarlo a trav\u00e9s del sistema de atenci\u00f3n m\u00e9dica.<\/p>\n<h2 style=\"font-size: 24px; line-height: 26px; letter-spacing: 1px;\">M\u00e9dicos de medicina interna que hablan espa\u00f1ol cerca de m\u00ed<\/h2>\n<p><strong>Para una atenci\u00f3n m\u00e1s especializada, nuestros m\u00e9dicos de medicina interna tambi\u00e9n hablan espa\u00f1ol. Se centran en la salud de los adultos, diagnosticando y tratando enfermedades complejas. Tener un m\u00e9dico de medicina interna<\/strong>\u00a0que hable espa\u00f1ol\u00a0garantiza que reciba una atenci\u00f3n personalizada y comprensible.<\/p>\n<h2 style=\"font-size: 24px; line-height: 26px; letter-spacing: 1px;\">M\u00e9dicos hispanos y latinos cerca de m\u00ed<\/h2>\n<p>Nuestro equipo diverso incluye\u00a0<strong>m\u00e9dicos hispanos y latinos<\/strong>\u00a0que no solo hablan espa\u00f1ol con fluidez, sino que tambi\u00e9n tienen conciencia cultural. Esta competencia cultural ayuda a brindar una atenci\u00f3n respetuosa y adaptada a sus necesidades culturales.<\/p>\n<h2 style=\"font-size: 24px; line-height: 26px; letter-spacing: 1px;\">Cl\u00ednicas espa\u00f1olas cerca de m\u00ed<\/h2>\n<p>Fallbrook Medical Center opera varias cl\u00ednicas que atienden a la poblaci\u00f3n hispanohablante. Estas cl\u00ednicas est\u00e1n equipadas con personal y m\u00e9dicos biling\u00fces para garantizar que su experiencia de atenci\u00f3n m\u00e9dica sea c\u00f3moda y sin complicaciones.<\/p>\n<\/div>\n<p>\n<\/div><a href=\"tel:760-723-5900\" class=\"btBtn btBtn btnFilledStyle btnAlternateColor btnMedium btnNormalWidth btnRightPosition btnNoIcon\" style=\"margin:20px 40px;\"><span class=\"btnInnerText\">\u00a1Ll\u00e1manos ahora!<\/span><\/a><\/div><\/div><\/div><\/div><\/div><\/div><\/div><\/section><section id=\"bt_section69f466789b096\"  class=\"boldSection topSpaced bottomSpaced gutter inherit\" ><div class=\"port\"><div class=\"boldCell\"><div class=\"boldCellInner\"><div class=\"boldRow  \" ><div class=\"boldRowInner\"><div class=\"rowItem col-md-12 col-ms-12  btTextLeft btMiddleVertical\"  ><div class=\"rowItemContent\" ><div class=\"btText\" ><\/p>\n<h2 style=\"font-size: 24px; line-height: 26px; letter-spacing: 1px;\">Preguntas frecuentes<\/h2>\n<h3 style=\"font-size: 21px; line-height: 23px; letter-spacing: 1px;\"><strong>P: \u00bfPuedo reservar una cita con un m\u00e9dico de habla hispana en l\u00ednea?<\/strong><\/h3>\n<p>R: S\u00ed, puede reservar f\u00e1cilmente una cita con nuestros m\u00e9dicos hispanohablantes a trav\u00e9s de nuestro sistema de reservas en l\u00ednea. Solo tiene que seleccionar el idioma de preferencia durante el proceso de reserva.<\/p>\n<p><a class=\"btBtn btBtn btnFilledStyle btnAccentColor btnMedium btnNormalWidth btnRightPosition btnNoIcon\" style=\"margin: 20px 0px;\" href=\"https:\/\/tawk.to\/chat\/65038d8bb1aaa13b7a76ee58\/1haau1qg3\" target=\"_blank\" rel=\"noopener\"><span class=\"btnInnerText\">\u00a1Conversa con nosotros ahora!<\/span><\/a><\/p>\n<h3 style=\"font-size: 21px; line-height: 23px; letter-spacing: 1px;\"><strong>P: \u00bfTodos los servicios est\u00e1n disponibles en espa\u00f1ol?<\/strong><\/h3>\n<p>R: S\u00ed, todos nuestros servicios, incluidas consultas, tratamientos y materiales educativos para el paciente, est\u00e1n disponibles en espa\u00f1ol para garantizar una atenci\u00f3n integral.<\/p>\n<p><a class=\"btBtn btBtn btnFilledStyle btnAccentColor btnMedium btnNormalWidth btnRightPosition btnNoIcon\" style=\"margin: 20px 0px;\" href=\"https:\/\/www.fallbrookmedicalcenter.com\/hablamos-espanol\/\"><span class=\"btnInnerText\">Hablamos Espa\u00f1ol<\/span><\/a><\/p>\n<h3 style=\"font-size: 21px; line-height: 23px; letter-spacing: 1px;\"><strong>P: \u00bfLos m\u00e9dicos hispanohablantes atienden atenci\u00f3n pedi\u00e1trica?<\/strong><\/h3>\n<p>R: Por supuesto, nuestros pediatras hablan espa\u00f1ol con fluidez y tienen experiencia en brindar una excelente atenci\u00f3n a los ni\u00f1os, garantizando que tanto el ni\u00f1o como los padres comprendan completamente el plan de salud.<\/p>\n<p>\n<\/div><\/div><\/div><\/div><\/div><\/div><\/div><\/div><\/section><\/p>\n","protected":false},"excerpt":{"rendered":"","protected":false},"author":7,"featured_media":0,"parent":0,"menu_order":0,"comment_status":"closed","ping_status":"closed","template":"","meta":{"footnotes":""},"class_list":["post-5522","page","type-page","status-publish","hentry"],"yoast_head":"<!-- This site is optimized with the Yoast SEO plugin v27.0 - https:\/\/yoast.com\/product\/yoast-seo-wordpress\/ -->\n<title>Doctores Atenci\u00f3n en Espa\u00f1ol Cerca de m\u00ed - Fallbrook Medical Center<\/title>\n<meta name=\"description\" content=\"Bienvenido a &quot;Fallbrook Medical Center Doctores Atenci\u00f3n en Espa\u00f1ol&quot;, donde estamos orgullosos de ofrecer servicios de atenci\u00f3n m\u00e9dica\" \/>\n<meta name=\"robots\" content=\"index, follow, max-snippet:-1, max-image-preview:large, max-video-preview:-1\" \/>\n<link rel=\"canonical\" href=\"https:\/\/www.fallbrookmedicalcenter.com\/spanish-doctors-near-me-2\/\" \/>\n<meta property=\"og:locale\" content=\"es_ES\" \/>\n<meta property=\"og:type\" content=\"article\" \/>\n<meta property=\"og:title\" content=\"Doctores Atenci\u00f3n en Espa\u00f1ol Cerca de m\u00ed - Fallbrook Medical Center\" \/>\n<meta property=\"og:description\" content=\"Bienvenido a &quot;Fallbrook Medical Center Doctores Atenci\u00f3n en Espa\u00f1ol&quot;, donde estamos orgullosos de ofrecer servicios de atenci\u00f3n m\u00e9dica\" \/>\n<meta property=\"og:url\" content=\"https:\/\/www.fallbrookmedicalcenter.com\/spanish-doctors-near-me-2\/\" \/>\n<meta property=\"og:site_name\" content=\"Fallbrook Medical Center\" \/>\n<meta property=\"article:publisher\" content=\"http:\/\/www.facebook.com\/FallbrookMedical\" \/>\n<meta property=\"article:modified_time\" content=\"2024-08-08T23:02:54+00:00\" \/>\n<meta name=\"twitter:card\" content=\"summary_large_image\" \/>\n<meta name=\"twitter:site\" content=\"@fallbrookmed\" \/>\n<meta name=\"twitter:label1\" content=\"Est. reading time\" \/>\n\t<meta name=\"twitter:data1\" content=\"6 minutes\" \/>\n<script type=\"application\/ld+json\" class=\"yoast-schema-graph\">{\"@context\":\"https:\/\/schema.org\",\"@graph\":[{\"@type\":\"WebPage\",\"@id\":\"https:\/\/www.fallbrookmedicalcenter.com\/spanish-doctors-near-me-2\/\",\"url\":\"https:\/\/www.fallbrookmedicalcenter.com\/spanish-doctors-near-me-2\/\",\"name\":\"Doctores Atenci\u00f3n en Espa\u00f1ol Cerca de m\u00ed - Fallbrook Medical Center\",\"isPartOf\":{\"@id\":\"https:\/\/www.fallbrookmedicalcenter.com\/#website\"},\"datePublished\":\"2024-07-18T18:30:12+00:00\",\"dateModified\":\"2024-08-08T23:02:54+00:00\",\"description\":\"Bienvenido a \\\"Fallbrook Medical Center Doctores Atenci\u00f3n en Espa\u00f1ol\\\", donde estamos orgullosos de ofrecer servicios de atenci\u00f3n m\u00e9dica\",\"breadcrumb\":{\"@id\":\"https:\/\/www.fallbrookmedicalcenter.com\/spanish-doctors-near-me-2\/#breadcrumb\"},\"inLanguage\":\"es-ES\",\"potentialAction\":[{\"@type\":\"ReadAction\",\"target\":[\"https:\/\/www.fallbrookmedicalcenter.com\/spanish-doctors-near-me-2\/\"]}]},{\"@type\":\"BreadcrumbList\",\"@id\":\"https:\/\/www.fallbrookmedicalcenter.com\/spanish-doctors-near-me-2\/#breadcrumb\",\"itemListElement\":[{\"@type\":\"ListItem\",\"position\":1,\"name\":\"Portada\",\"item\":\"https:\/\/www.fallbrookmedicalcenter.com\/es\/\"},{\"@type\":\"ListItem\",\"position\":2,\"name\":\"Doctores Atenci\u00f3n en Espa\u00f1ol Cerca de m\u00ed\"}]},{\"@type\":\"WebSite\",\"@id\":\"https:\/\/www.fallbrookmedicalcenter.com\/#website\",\"url\":\"https:\/\/www.fallbrookmedicalcenter.com\/\",\"name\":\"Fallbrook Medical Center\",\"description\":\"Por que tu Salud Importa\",\"potentialAction\":[{\"@type\":\"SearchAction\",\"target\":{\"@type\":\"EntryPoint\",\"urlTemplate\":\"https:\/\/www.fallbrookmedicalcenter.com\/?s={search_term_string}\"},\"query-input\":{\"@type\":\"PropertyValueSpecification\",\"valueRequired\":true,\"valueName\":\"search_term_string\"}}],\"inLanguage\":\"es-ES\"}]}<\/script>\n<!-- \/ Yoast SEO plugin. -->","yoast_head_json":{"title":"Doctores Atenci\u00f3n en Espa\u00f1ol Cerca de m\u00ed - Fallbrook Medical Center","description":"Bienvenido a \"Fallbrook Medical Center Doctores Atenci\u00f3n en Espa\u00f1ol\", donde estamos orgullosos de ofrecer servicios de atenci\u00f3n m\u00e9dica","robots":{"index":"index","follow":"follow","max-snippet":"max-snippet:-1","max-image-preview":"max-image-preview:large","max-video-preview":"max-video-preview:-1"},"canonical":"https:\/\/www.fallbrookmedicalcenter.com\/spanish-doctors-near-me-2\/","og_locale":"es_ES","og_type":"article","og_title":"Doctores Atenci\u00f3n en Espa\u00f1ol Cerca de m\u00ed - Fallbrook Medical Center","og_description":"Bienvenido a \"Fallbrook Medical Center Doctores Atenci\u00f3n en Espa\u00f1ol\", donde estamos orgullosos de ofrecer servicios de atenci\u00f3n m\u00e9dica","og_url":"https:\/\/www.fallbrookmedicalcenter.com\/spanish-doctors-near-me-2\/","og_site_name":"Fallbrook Medical Center","article_publisher":"http:\/\/www.facebook.com\/FallbrookMedical","article_modified_time":"2024-08-08T23:02:54+00:00","twitter_card":"summary_large_image","twitter_site":"@fallbrookmed","twitter_misc":{"Est. reading time":"6 minutes"},"schema":{"@context":"https:\/\/schema.org","@graph":[{"@type":"WebPage","@id":"https:\/\/www.fallbrookmedicalcenter.com\/spanish-doctors-near-me-2\/","url":"https:\/\/www.fallbrookmedicalcenter.com\/spanish-doctors-near-me-2\/","name":"Doctores Atenci\u00f3n en Espa\u00f1ol Cerca de m\u00ed - Fallbrook Medical Center","isPartOf":{"@id":"https:\/\/www.fallbrookmedicalcenter.com\/#website"},"datePublished":"2024-07-18T18:30:12+00:00","dateModified":"2024-08-08T23:02:54+00:00","description":"Bienvenido a \"Fallbrook Medical Center Doctores Atenci\u00f3n en Espa\u00f1ol\", donde estamos orgullosos de ofrecer servicios de atenci\u00f3n m\u00e9dica","breadcrumb":{"@id":"https:\/\/www.fallbrookmedicalcenter.com\/spanish-doctors-near-me-2\/#breadcrumb"},"inLanguage":"es-ES","potentialAction":[{"@type":"ReadAction","target":["https:\/\/www.fallbrookmedicalcenter.com\/spanish-doctors-near-me-2\/"]}]},{"@type":"BreadcrumbList","@id":"https:\/\/www.fallbrookmedicalcenter.com\/spanish-doctors-near-me-2\/#breadcrumb","itemListElement":[{"@type":"ListItem","position":1,"name":"Portada","item":"https:\/\/www.fallbrookmedicalcenter.com\/es\/"},{"@type":"ListItem","position":2,"name":"Doctores Atenci\u00f3n en Espa\u00f1ol Cerca de m\u00ed"}]},{"@type":"WebSite","@id":"https:\/\/www.fallbrookmedicalcenter.com\/#website","url":"https:\/\/www.fallbrookmedicalcenter.com\/","name":"Fallbrook Medical Center","description":"Por que tu Salud Importa","potentialAction":[{"@type":"SearchAction","target":{"@type":"EntryPoint","urlTemplate":"https:\/\/www.fallbrookmedicalcenter.com\/?s={search_term_string}"},"query-input":{"@type":"PropertyValueSpecification","valueRequired":true,"valueName":"search_term_string"}}],"inLanguage":"es-ES"}]}},"_links":{"self":[{"href":"https:\/\/www.fallbrookmedicalcenter.com\/es\/wp-json\/wp\/v2\/pages\/5522","targetHints":{"allow":["GET"]}}],"collection":[{"href":"https:\/\/www.fallbrookmedicalcenter.com\/es\/wp-json\/wp\/v2\/pages"}],"about":[{"href":"https:\/\/www.fallbrookmedicalcenter.com\/es\/wp-json\/wp\/v2\/types\/page"}],"author":[{"embeddable":true,"href":"https:\/\/www.fallbrookmedicalcenter.com\/es\/wp-json\/wp\/v2\/users\/7"}],"replies":[{"embeddable":true,"href":"https:\/\/www.fallbrookmedicalcenter.com\/es\/wp-json\/wp\/v2\/comments?post=5522"}],"version-history":[{"count":3,"href":"https:\/\/www.fallbrookmedicalcenter.com\/es\/wp-json\/wp\/v2\/pages\/5522\/revisions"}],"predecessor-version":[{"id":5525,"href":"https:\/\/www.fallbrookmedicalcenter.com\/es\/wp-json\/wp\/v2\/pages\/5522\/revisions\/5525"}],"wp:attachment":[{"href":"https:\/\/www.fallbrookmedicalcenter.com\/es\/wp-json\/wp\/v2\/media?parent=5522"}],"curies":[{"name":"wp","href":"https:\/\/api.w.org\/{rel}","templated":true}]}}