{"id":5526,"date":"2024-02-27T16:13:12","date_gmt":"2024-02-27T16:13:12","guid":{"rendered":"https:\/\/www.fallbrookmedicalcenter.com\/?page_id=5526"},"modified":"2024-11-21T23:22:40","modified_gmt":"2024-11-21T23:22:40","slug":"doctores-en-fallbrook","status":"publish","type":"page","link":"https:\/\/www.fallbrookmedicalcenter.com\/es\/doctores-en-fallbrook\/","title":{"rendered":"Doctores en Fallbrook"},"content":{"rendered":"<p><section id=\"bt_section69e07406c298b\"  class=\"boldSection topSemiSpaced bottomSemiSpaced gutter inherit\" style=\"background-color:rgb(41,52,93);\"><div class=\"port\"><div class=\"boldCell\"><div class=\"boldCellInner\"><div class=\"boldRow  \" ><div class=\"boldRowInner\"><div class=\"rowItem col-md-12 col-ms-12  btTextLeft animate animate-fadein animate-moveleft inherit\"  ><div class=\"rowItemContent\" ><div class=\"btClear btSeparator topExtraSmallSpaced noBorder\" ><hr><\/div><div class=\"btClear btSeparator topExtraSmallSpaced noBorder\" ><hr><\/div><header class=\"header btClear large  btNormalDash\" style=\"color:#ffffff;\"><div class=\"dash\"><h2><span class=\"headline\">Doctores en Fallbrook<\/span><\/h2><\/div><\/header><\/div><\/div><\/div><\/div><\/div><\/div><\/div><\/section><section id=\"bt_section69e07406c2e07\"  class=\"boldSection gutter\" ><div class=\"port\"><div class=\"boldCell\"><div class=\"boldCellInner\"><div class=\"boldRow  \" ><div class=\"boldRowInner\"><div class=\"rowItem col-md-3 col-sm-6 col-ms-12 btTextLeft\"  ><div class=\"rowItemContent\" ><div class=\"btCustomMenu \" ><div class=\"menu-fmc-about-spanish-container\"><ul id=\"menu-fmc-about-spanish\" class=\"menu\"><li id=\"menu-item-5569\" class=\"menu-item menu-item-type-post_type menu-item-object-page menu-item-5569\"><a href=\"https:\/\/www.fallbrookmedicalcenter.com\/es\/doctores-en-fallbrook\/\">Doctores en Fallbrook<\/a><\/li><li id=\"menu-item-5570\" class=\"menu-item menu-item-type-post_type menu-item-object-page menu-item-5570\"><a href=\"https:\/\/www.fallbrookmedicalcenter.com\/es\/nuestros-proveedores-medicos\/\">Proveedores M\u00e9dicos<\/a><\/li>\n<\/ul><\/div><\/div><\/div><\/div><div class=\"rowItem col-md-9 col-ms-12  btTextLeft\"  ><div class=\"rowItemContent\" ><div class=\"bpgPhoto \"  style=\"btTextCenter\">\r\n\t\t\t\t\t<a href=\"https:\/\/www.fallbrookmedicalcenter.com\/wp-content\/uploads\/2023\/09\/Fallbrook-Medical-Center-Doctor-Alvaro-Berrios.webp\" target=\"\" title=\"\"><\/a>\r\n\t\t\t\t\t<div class=\"boldPhotoBox\"><div class=\"bpbItem\"><div class=\"btImage\"><img decoding=\"async\" src=\"https:\/\/www.fallbrookmedicalcenter.com\/wp-content\/uploads\/2023\/09\/Fallbrook-Medical-Center-Doctor-Alvaro-Berrios.webp\" alt=\"\" title=\"\"><\/div><\/div><\/div>\r\n\t\t\t\t\t<div class=\"captionPane\">\r\n\t\t\t\t\t\t<div class=\"captionTable\">\r\n\t\t\t\t\t\t\t<div class=\"captionCell\">\r\n\t\t\t\t\t\t\t\t<div class=\"captionTxt\"><\/div>\r\n\t\t\t\t\t\t\t<\/div>\r\n\t\t\t\t\t\t<\/div>\r\n\t\t\t\t\t<\/div><\/div><div class=\"btClear btSeparator topSemiSpaced noBorder\" ><hr><\/div><div class=\"btText\" ><\/p>\n<h3>Conozca a nuestro personal de Doctores en Fallbrook:<\/h3>\n<p>En Fallbrook Medical Center, estamos muy orgullosos de nuestro equipo de m\u00e9dicos altamente capacitados, dedicados a servir a la comunidad de Fallbrook. Nuestros m\u00e9dicos est\u00e1n comprometidos a brindar atenci\u00f3n integral y compasiva a nuestros pacientes. Perm\u00edtanos presentarle a algunos de nuestros excepcionales <strong>doctores en Fallbrook:<\/strong><\/p>\n<h3>Alvaro Berrios \u2013 M\u00e1ster en Ciencias de Enfermer\u00eda y Enfermero de Familia<\/h3>\n<p>\u00c1lvaro Berrios, MSN, FNP, aporta una amplia experiencia en servicios de medicina familiar primaria y especializada al Centro M\u00e9dico Fallbrook. Se especializa en salud de la mujer, pediatr\u00eda, atenci\u00f3n aguda y geriatr\u00eda. Como cofundador de la Cl\u00ednica M\u00e9dica Fallbrook, est\u00e1 comprometido tanto con la prevenci\u00f3n como con el tratamiento, ofreciendo programas para satisfacer las necesidades de atenci\u00f3n m\u00e9dica de los pacientes sin seguro.<\/p>\n<h3>Laura Albergo \u2013 Asistente m\u00e9dica<\/h3>\n<p>Laura Albergo, PA-C, es una m\u00e9dica asociada a quien le apasiona abordar las enfermedades cr\u00f3nicas. Se gradu\u00f3 en el campus Christiana de la Universidad Arcadia y pas\u00f3 cinco a\u00f1os en un consultorio m\u00e9dico de familia sin cita previa brindando servicios de medicina familiar y atenci\u00f3n de urgencias. La dedicaci\u00f3n de Laura a los estudios de medicina funcional subraya su compromiso con la atenci\u00f3n personalizada y el potencial transformador de las opciones de estilo de vida en la prevenci\u00f3n y el tratamiento de enfermedades.<\/p>\n<h3>Margaret Deel \u2013 Directora m\u00e9dica y m\u00e9dica de familia<\/h3>\n<p>La Dra. Margaret Deel se desempe\u00f1a como directora m\u00e9dica y m\u00e9dica de medicina familiar en Fallbrook Medical Center. Se centra en la medicina preventiva y cl\u00ednica, y hace hincapi\u00e9 en la importancia de la atenci\u00f3n individualizada al paciente. Las afiliaciones de la Dra. Deel a prestigiosas organizaciones profesionales, como la Junta Estadounidense de Medicina Familiar y la Asociaci\u00f3n M\u00e9dica Estadounidense, reflejan su vasta experiencia.<\/p>\n<h3>Experimente una atenci\u00f3n excepcional con nuestro Doctores en Fallbrook<\/h3>\n<div class=\"btText\">\n<p>Ya sea que necesite atenci\u00f3n primaria, tratamiento especializado o servicios preventivos, nuestro equipo de\u00a0\u00a0<strong>doctores en Fallbrook<\/strong>\u00a0\u00a0est\u00e1 aqu\u00ed para brindarle atenci\u00f3n integral y personalizada. Programe una cita con nosotros hoy y experimente la diferencia en Fallbrook Medical Center.<\/p>\n<\/div>\n<p>\n<\/div><div class=\"btClear btSeparator topSmallSpaced noBorder\" ><hr><\/div><a href=\"https:\/\/www.fallbrookmedicalcenter.com\/es\/nuestros-proveedores-medicos\/\" class=\"btBtn btBtn btnFilledStyle btnAccentColor btnMedium btnFullWidth btnRightPosition btnNoIcon\" style=\"text-align:center;\"><span class=\"btnInnerText\">Conozca a nuestros m\u00e9dicos de Fallbrook<\/span><\/a><div class=\"btClear btSeparator topSmallSpaced noBorder\" ><hr><\/div><div class=\"bpgPhoto Nutricionista con un paciente en fallbrook medical center\"  style=\"btTextCenter\">\r\n\t\t\t\t\t<a href=\"https:\/\/www.fallbrookmedicalcenter.com\/wp-content\/uploads\/2024\/11\/Nutricionista-con-un-paciente-en-fallbrook-medical-center.webp\" target=\"\" title=\"\"><\/a>\r\n\t\t\t\t\t<div class=\"boldPhotoBox\"><div class=\"bpbItem\"><div class=\"btImage\"><img decoding=\"async\" src=\"https:\/\/www.fallbrookmedicalcenter.com\/wp-content\/uploads\/2024\/11\/Nutricionista-con-un-paciente-en-fallbrook-medical-center.webp\" alt=\"\" title=\"\"><\/div><\/div><\/div>\r\n\t\t\t\t\t<div class=\"captionPane\">\r\n\t\t\t\t\t\t<div class=\"captionTable\">\r\n\t\t\t\t\t\t\t<div class=\"captionCell\">\r\n\t\t\t\t\t\t\t\t<div class=\"captionTxt\"><\/div>\r\n\t\t\t\t\t\t\t<\/div>\r\n\t\t\t\t\t\t<\/div>\r\n\t\t\t\t\t<\/div><\/div><\/div><\/div><\/div><\/div><\/div><\/div><\/div><\/section><\/p>\n","protected":false},"excerpt":{"rendered":"","protected":false},"author":7,"featured_media":0,"parent":0,"menu_order":0,"comment_status":"closed","ping_status":"closed","template":"","meta":{"footnotes":""},"class_list":["post-5526","page","type-page","status-publish","hentry"],"yoast_head":"<!-- This site is optimized with the Yoast SEO plugin v27.0 - https:\/\/yoast.com\/product\/yoast-seo-wordpress\/ -->\n<title>Doctores en Fallbrook - Fallbrook Medical Center<\/title>\n<meta name=\"description\" content=\"Conozca a nuestro personal de Doctores en Fallbrook:En Fallbrook Medical Center, estamos muy orgullosos de nuestro equipo de m\u00e9dicos altamente\" \/>\n<meta name=\"robots\" content=\"index, follow, max-snippet:-1, max-image-preview:large, max-video-preview:-1\" \/>\n<link rel=\"canonical\" href=\"https:\/\/www.fallbrookmedicalcenter.com\/fallbrook-doctor\/\" \/>\n<meta property=\"og:locale\" content=\"es_ES\" \/>\n<meta property=\"og:type\" content=\"article\" \/>\n<meta property=\"og:title\" content=\"Doctores en Fallbrook - Fallbrook Medical Center\" \/>\n<meta property=\"og:description\" content=\"Conozca a nuestro personal de Doctores en Fallbrook:En Fallbrook Medical Center, estamos muy orgullosos de nuestro equipo de m\u00e9dicos altamente\" \/>\n<meta property=\"og:url\" content=\"https:\/\/www.fallbrookmedicalcenter.com\/fallbrook-doctor\/\" \/>\n<meta property=\"og:site_name\" content=\"Fallbrook Medical Center\" \/>\n<meta property=\"article:publisher\" content=\"http:\/\/www.facebook.com\/FallbrookMedical\" \/>\n<meta property=\"article:modified_time\" content=\"2024-11-21T23:22:40+00:00\" \/>\n<meta name=\"twitter:card\" content=\"summary_large_image\" \/>\n<meta name=\"twitter:site\" content=\"@fallbrookmed\" \/>\n<meta name=\"twitter:label1\" content=\"Est. reading time\" \/>\n\t<meta name=\"twitter:data1\" content=\"4 minutes\" \/>\n<script type=\"application\/ld+json\" class=\"yoast-schema-graph\">{\"@context\":\"https:\/\/schema.org\",\"@graph\":[{\"@type\":\"WebPage\",\"@id\":\"https:\/\/www.fallbrookmedicalcenter.com\/fallbrook-doctor\/\",\"url\":\"https:\/\/www.fallbrookmedicalcenter.com\/fallbrook-doctor\/\",\"name\":\"Doctores en Fallbrook - Fallbrook Medical Center\",\"isPartOf\":{\"@id\":\"https:\/\/www.fallbrookmedicalcenter.com\/#website\"},\"datePublished\":\"2024-02-27T16:13:12+00:00\",\"dateModified\":\"2024-11-21T23:22:40+00:00\",\"description\":\"Conozca a nuestro personal de Doctores en Fallbrook:En Fallbrook Medical Center, estamos muy orgullosos de nuestro equipo de m\u00e9dicos altamente\",\"breadcrumb\":{\"@id\":\"https:\/\/www.fallbrookmedicalcenter.com\/fallbrook-doctor\/#breadcrumb\"},\"inLanguage\":\"es-ES\",\"potentialAction\":[{\"@type\":\"ReadAction\",\"target\":[\"https:\/\/www.fallbrookmedicalcenter.com\/fallbrook-doctor\/\"]}]},{\"@type\":\"BreadcrumbList\",\"@id\":\"https:\/\/www.fallbrookmedicalcenter.com\/fallbrook-doctor\/#breadcrumb\",\"itemListElement\":[{\"@type\":\"ListItem\",\"position\":1,\"name\":\"Portada\",\"item\":\"https:\/\/www.fallbrookmedicalcenter.com\/es\/\"},{\"@type\":\"ListItem\",\"position\":2,\"name\":\"Doctores en Fallbrook\"}]},{\"@type\":\"WebSite\",\"@id\":\"https:\/\/www.fallbrookmedicalcenter.com\/#website\",\"url\":\"https:\/\/www.fallbrookmedicalcenter.com\/\",\"name\":\"Fallbrook Medical Center\",\"description\":\"Por que tu Salud Importa\",\"potentialAction\":[{\"@type\":\"SearchAction\",\"target\":{\"@type\":\"EntryPoint\",\"urlTemplate\":\"https:\/\/www.fallbrookmedicalcenter.com\/?s={search_term_string}\"},\"query-input\":{\"@type\":\"PropertyValueSpecification\",\"valueRequired\":true,\"valueName\":\"search_term_string\"}}],\"inLanguage\":\"es-ES\"}]}<\/script>\n<!-- \/ Yoast SEO plugin. -->","yoast_head_json":{"title":"Doctores en Fallbrook - Fallbrook Medical Center","description":"Conozca a nuestro personal de Doctores en Fallbrook:En Fallbrook Medical Center, estamos muy orgullosos de nuestro equipo de m\u00e9dicos altamente","robots":{"index":"index","follow":"follow","max-snippet":"max-snippet:-1","max-image-preview":"max-image-preview:large","max-video-preview":"max-video-preview:-1"},"canonical":"https:\/\/www.fallbrookmedicalcenter.com\/fallbrook-doctor\/","og_locale":"es_ES","og_type":"article","og_title":"Doctores en Fallbrook - Fallbrook Medical Center","og_description":"Conozca a nuestro personal de Doctores en Fallbrook:En Fallbrook Medical Center, estamos muy orgullosos de nuestro equipo de m\u00e9dicos altamente","og_url":"https:\/\/www.fallbrookmedicalcenter.com\/fallbrook-doctor\/","og_site_name":"Fallbrook Medical Center","article_publisher":"http:\/\/www.facebook.com\/FallbrookMedical","article_modified_time":"2024-11-21T23:22:40+00:00","twitter_card":"summary_large_image","twitter_site":"@fallbrookmed","twitter_misc":{"Est. reading time":"4 minutes"},"schema":{"@context":"https:\/\/schema.org","@graph":[{"@type":"WebPage","@id":"https:\/\/www.fallbrookmedicalcenter.com\/fallbrook-doctor\/","url":"https:\/\/www.fallbrookmedicalcenter.com\/fallbrook-doctor\/","name":"Doctores en Fallbrook - Fallbrook Medical Center","isPartOf":{"@id":"https:\/\/www.fallbrookmedicalcenter.com\/#website"},"datePublished":"2024-02-27T16:13:12+00:00","dateModified":"2024-11-21T23:22:40+00:00","description":"Conozca a nuestro personal de Doctores en Fallbrook:En Fallbrook Medical Center, estamos muy orgullosos de nuestro equipo de m\u00e9dicos altamente","breadcrumb":{"@id":"https:\/\/www.fallbrookmedicalcenter.com\/fallbrook-doctor\/#breadcrumb"},"inLanguage":"es-ES","potentialAction":[{"@type":"ReadAction","target":["https:\/\/www.fallbrookmedicalcenter.com\/fallbrook-doctor\/"]}]},{"@type":"BreadcrumbList","@id":"https:\/\/www.fallbrookmedicalcenter.com\/fallbrook-doctor\/#breadcrumb","itemListElement":[{"@type":"ListItem","position":1,"name":"Portada","item":"https:\/\/www.fallbrookmedicalcenter.com\/es\/"},{"@type":"ListItem","position":2,"name":"Doctores en Fallbrook"}]},{"@type":"WebSite","@id":"https:\/\/www.fallbrookmedicalcenter.com\/#website","url":"https:\/\/www.fallbrookmedicalcenter.com\/","name":"Fallbrook Medical Center","description":"Por que tu Salud Importa","potentialAction":[{"@type":"SearchAction","target":{"@type":"EntryPoint","urlTemplate":"https:\/\/www.fallbrookmedicalcenter.com\/?s={search_term_string}"},"query-input":{"@type":"PropertyValueSpecification","valueRequired":true,"valueName":"search_term_string"}}],"inLanguage":"es-ES"}]}},"_links":{"self":[{"href":"https:\/\/www.fallbrookmedicalcenter.com\/es\/wp-json\/wp\/v2\/pages\/5526","targetHints":{"allow":["GET"]}}],"collection":[{"href":"https:\/\/www.fallbrookmedicalcenter.com\/es\/wp-json\/wp\/v2\/pages"}],"about":[{"href":"https:\/\/www.fallbrookmedicalcenter.com\/es\/wp-json\/wp\/v2\/types\/page"}],"author":[{"embeddable":true,"href":"https:\/\/www.fallbrookmedicalcenter.com\/es\/wp-json\/wp\/v2\/users\/7"}],"replies":[{"embeddable":true,"href":"https:\/\/www.fallbrookmedicalcenter.com\/es\/wp-json\/wp\/v2\/comments?post=5526"}],"version-history":[{"count":4,"href":"https:\/\/www.fallbrookmedicalcenter.com\/es\/wp-json\/wp\/v2\/pages\/5526\/revisions"}],"predecessor-version":[{"id":6041,"href":"https:\/\/www.fallbrookmedicalcenter.com\/es\/wp-json\/wp\/v2\/pages\/5526\/revisions\/6041"}],"wp:attachment":[{"href":"https:\/\/www.fallbrookmedicalcenter.com\/es\/wp-json\/wp\/v2\/media?parent=5526"}],"curies":[{"name":"wp","href":"https:\/\/api.w.org\/{rel}","templated":true}]}}