{"id":5528,"date":"2020-10-16T17:22:24","date_gmt":"2020-10-16T17:22:24","guid":{"rendered":"https:\/\/www.fallbrookmedicalcenter.com\/?page_id=5528"},"modified":"2026-03-09T17:26:08","modified_gmt":"2026-03-09T17:26:08","slug":"nuestros-proveedores-medicos","status":"publish","type":"page","link":"https:\/\/www.fallbrookmedicalcenter.com\/es\/nuestros-proveedores-medicos\/","title":{"rendered":"Nuestros proveedores m\u00e9dicos"},"content":{"rendered":"<p><section id=\"bt_section69e073de98dee\"  class=\"boldSection btDivider topSemiSpaced bottomSemiSpaced btDarkSkin gutter inherit wBackground cover btAccentColorBackground\" style=\"background-image:url('https:\/\/www.fallbrookmedicalcenter.com\/wp-content\/uploads\/2015\/12\/bgn-grad.png');\"><div class=\"port\"><div class=\"boldCell\"><div class=\"boldCellInner\"><div class=\"boldRow  \" ><div class=\"boldRowInner\"><div class=\"rowItem col-md-12 col-ms-12  btTextLeft animate animate-fadein animate-moveleft inherit\"  ><div class=\"rowItemContent\" ><div class=\"btClear btSeparator topExtraSmallSpaced noBorder\" ><hr><\/div><div class=\"btClear btSeparator topExtraSmallSpaced noBorder\" ><hr><\/div><header class=\"header btClear large  btNormalDash\" ><div class=\"dash\"><h2><span class=\"headline\">Nuestros proveedores m\u00e9dicos<\/span><\/h2><\/div><\/header><\/div><\/div><\/div><\/div><\/div><\/div><\/div><\/section><section id=\"bt_section69e073de9946b\"  class=\"boldSection topSemiSpaced gutter inherit\" ><div class=\"port\"><div class=\"boldCell\"><div class=\"boldCellInner\"><div class=\"boldRow  \" ><div class=\"boldRowInner\"><div class=\"rowItem col-md-4 col-ms-12 btTextLeft\"  ><div class=\"rowItemContent\" ><div class=\"btCustomMenu \" ><div class=\"menu-fmc-about-spanish-container\"><ul id=\"menu-fmc-about-spanish\" class=\"menu\"><li id=\"menu-item-5569\" class=\"menu-item menu-item-type-post_type menu-item-object-page menu-item-5569\"><a href=\"https:\/\/www.fallbrookmedicalcenter.com\/es\/doctores-en-fallbrook\/\">Doctores en Fallbrook<\/a><\/li><li id=\"menu-item-5570\" class=\"menu-item menu-item-type-post_type menu-item-object-page menu-item-5570\"><a href=\"https:\/\/www.fallbrookmedicalcenter.com\/es\/nuestros-proveedores-medicos\/\">Proveedores M\u00e9dicos<\/a><\/li>\n<\/ul><\/div><\/div><\/div><\/div><div class=\"rowItem col-md-8 col-ms-12 btTextLeft\"  ><div class=\"rowItemContent\" ><div class=\"btText\" ><\/p>\n<h3>Conozca a nuestros profesionales de la salud en Fallbrook<\/h3>\n<div class=\"btText\">\n<p><strong>Nuestros proveedores m\u00e9dicos.<\/strong>\u00a0Fallbrook Medical Center se enorgullece de contar con proveedores de atenci\u00f3n m\u00e9dica altamente capacitados y dedicados a servir a nuestra comunidad. Estamos orgullosos de tener a la Dra. Margaret Deel MD, Alvaro Berrios, MSN, FNP y Laura Albergo PA-C justo al otro lado de la calle del Fallbrook Hospital en Fallbrook Medical Center.<\/p>\n<\/div>\n<p>\n<\/div><div class=\"btClear btSeparator topSpaced noBorder\" ><hr><\/div><div class=\"boldRow boldInnerRow  \" ><div class=\"rowItem rowInnerItem col-md-6  btTextCenter inherit\"  ><div class=\"rowItemContent\"><div class=\"bpgPhoto Fallbrook Medical Margaret Deel MD - Medical Providers\"  style=\"btTextCenter btSimpleHoverType\">\r\n\t\t\t\t\t<a href=\"https:\/\/www.fallbrookmedicalcenter.com\/wp-content\/uploads\/2024\/01\/Fallbrook-Medical-Margaret-Deel-MD-Medical-Providers.webp\" target=\"\" title=\"\"><\/a>\r\n\t\t\t\t\t<div class=\"boldPhotoBox\"><div class=\"bpbItem\"><div class=\"btImage\"><img decoding=\"async\" src=\"https:\/\/www.fallbrookmedicalcenter.com\/wp-content\/uploads\/2024\/01\/Fallbrook-Medical-Margaret-Deel-MD-Medical-Providers.webp\" alt=\"\" title=\"\"><\/div><\/div><\/div>\r\n\t\t\t\t\t<div class=\"captionPane\">\r\n\t\t\t\t\t\t<div class=\"captionTable\">\r\n\t\t\t\t\t\t\t<div class=\"captionCell\">\r\n\t\t\t\t\t\t\t\t<div class=\"captionTxt\"><header class=\"header btClear small btDash bottomDash btAlternateDash\" ><div class=\"btSubTitle\">full<\/div><\/header><\/div>\r\n\t\t\t\t\t\t\t<\/div>\r\n\t\t\t\t\t\t<\/div>\r\n\t\t\t\t\t<\/div><\/div><div class=\"btIconImageRow btIconsHalfHoverPosition\" ><span class=\"btIco btIcoFilledType btIcoMediumSize btIcoAccentColor btIcoFromBottom btIcoOutline \" ><a href=\"https:\/\/www.fallbrookmedicalcenter.com\/es\/dr-margaret-deel\/\"  target = \"no_target\" data-ico-fa=\"&#xf0f1;\" class=\"btIcoHolder\"><em><\/em><\/a><\/span><\/div><div class=\"btClear btSeparator topExtraSmallSpaced noBorder\" ><hr><\/div><header class=\"header btClear medium  btNormalDash\" ><div class=\"btSuperTitle\">Director m\u00e9dico y m\u00e9dico de familia<\/div><div class=\"dash\"><h3><span class=\"headline\">Margaret Deel, MD<\/span><\/h3><\/div><\/header><div class=\"btClear btSeparator topExtraSmallSpaced noBorder\" ><hr><\/div><a href=\"https:\/\/www.fallbrookmedicalcenter.com\/es\/dr-margaret-deel\/\" class=\"btBtn btBtn btnFilledStyle btnAccentColor btnMedium btnFullWidth btnRightPosition btnNoIcon\" ><span class=\"btnInnerText\">Leer m\u00e1s<\/span><\/a><div class=\"btClear btSeparator topSpaced noBorder\" ><hr><\/div><\/div><\/div><div class=\"rowItem rowInnerItem col-md-6  btTextCenter inherit\"  ><div class=\"rowItemContent\"><div class=\"bpgPhoto Fallbrook Medical Alvaro Berrios MSN FNP - Medical Providers\"  style=\"btTextCenter btSimpleHoverType\">\r\n\t\t\t\t\t<a href=\"https:\/\/www.fallbrookmedicalcenter.com\/wp-content\/uploads\/2024\/01\/Fallbrook-Medical-Alvaro-Berrios-MSN-FNP-Medical-Providers.webp\" target=\"\" title=\"\"><\/a>\r\n\t\t\t\t\t<div class=\"boldPhotoBox\"><div class=\"bpbItem\"><div class=\"btImage\"><img decoding=\"async\" src=\"https:\/\/www.fallbrookmedicalcenter.com\/wp-content\/uploads\/2024\/01\/Fallbrook-Medical-Alvaro-Berrios-MSN-FNP-Medical-Providers.webp\" alt=\"\" title=\"\"><\/div><\/div><\/div>\r\n\t\t\t\t\t<div class=\"captionPane\">\r\n\t\t\t\t\t\t<div class=\"captionTable\">\r\n\t\t\t\t\t\t\t<div class=\"captionCell\">\r\n\t\t\t\t\t\t\t\t<div class=\"captionTxt\"><header class=\"header btClear small btDash bottomDash btAlternateDash\" ><div class=\"btSubTitle\">full<\/div><\/header><\/div>\r\n\t\t\t\t\t\t\t<\/div>\r\n\t\t\t\t\t\t<\/div>\r\n\t\t\t\t\t<\/div><\/div><div class=\"btIconImageRow btIconsHalfHoverPosition\" ><span class=\"btIco btIcoFilledType btIcoMediumSize btIcoAccentColor btIcoFromBottom btIcoOutline \" ><a href=\"https:\/\/www.fallbrookmedicalcenter.com\/alvaro-berrios-nurse-practitioner\/\"  target = \"no_target\" data-ico-fa=\"&#xf0f1;\" class=\"btIcoHolder\"><em><\/em><\/a><\/span><\/div><div class=\"btClear btSeparator topExtraSmallSpaced noBorder\" ><hr><\/div><header class=\"header btClear medium  btNormalDash\" ><div class=\"btSuperTitle\">Maestr\u00eda en Ciencias de Enfermer\u00eda y Enfermera de Familia<\/div><div class=\"dash\"><h3><span class=\"headline\">Alvaro Berrios, MSN, FNP<\/span><\/h3><\/div><\/header><div class=\"btClear btSeparator topExtraSmallSpaced noBorder\" ><hr><\/div><a href=\"https:\/\/www.fallbrookmedicalcenter.com\/alvaro-berrios-nurse-practitioner\/\" class=\"btBtn btBtn btnFilledStyle btnAccentColor btnMedium btnFullWidth btnRightPosition btnNoIcon\" ><span class=\"btnInnerText\">Leer m\u00e1s<\/span><\/a><div class=\"btClear btSeparator topSpaced noBorder\" ><hr><\/div><\/div><\/div><\/div><div class=\"boldRow boldInnerRow  \" ><div class=\"rowItem rowInnerItem col-md-6  btTextCenter inherit\"  ><div class=\"rowItemContent\"><div class=\"bpgPhoto Fallbrook Medical Laura Albergo PA-C - Medical Providers\"  style=\"btTextCenter btSimpleHoverType\">\r\n\t\t\t\t\t<a href=\"https:\/\/www.fallbrookmedicalcenter.com\/wp-content\/uploads\/2024\/01\/Fallbrook-Medical-Laura-Albergo-PA-C-Medical-Providers.webp\" target=\"\" title=\"\"><\/a>\r\n\t\t\t\t\t<div class=\"boldPhotoBox\"><div class=\"bpbItem\"><div class=\"btImage\"><img decoding=\"async\" src=\"https:\/\/www.fallbrookmedicalcenter.com\/wp-content\/uploads\/2024\/01\/Fallbrook-Medical-Laura-Albergo-PA-C-Medical-Providers.webp\" alt=\"\" title=\"\"><\/div><\/div><\/div>\r\n\t\t\t\t\t<div class=\"captionPane\">\r\n\t\t\t\t\t\t<div class=\"captionTable\">\r\n\t\t\t\t\t\t\t<div class=\"captionCell\">\r\n\t\t\t\t\t\t\t\t<div class=\"captionTxt\"><header class=\"header btClear small btDash bottomDash btAlternateDash\" ><div class=\"btSubTitle\">full<\/div><\/header><\/div>\r\n\t\t\t\t\t\t\t<\/div>\r\n\t\t\t\t\t\t<\/div>\r\n\t\t\t\t\t<\/div><\/div><div class=\"btIconImageRow btIconsHalfHoverPosition\" ><span class=\"btIco btIcoFilledType btIcoMediumSize btIcoAccentColor btIcoFromBottom btIcoOutline \" ><a href=\"https:\/\/www.fallbrookmedicalcenter.com\/es\/laura-albergo-pa-c\/\"  target = \"no_target\" data-ico-fa=\"&#xf0f1;\" class=\"btIcoHolder\"><em><\/em><\/a><\/span><\/div><div class=\"btClear btSeparator topExtraSmallSpaced noBorder\" ><hr><\/div><header class=\"header btClear medium  btNormalDash\" ><div class=\"btSuperTitle\">Asistente m\u00e9dico<\/div><div class=\"dash\"><h3><span class=\"headline\">Laura Albergo, PA-C<\/span><\/h3><\/div><\/header><div class=\"btClear btSeparator topExtraSmallSpaced noBorder\" ><hr><\/div><a href=\"https:\/\/www.fallbrookmedicalcenter.com\/es\/laura-albergo-pa-c\/\" class=\"btBtn btBtn btnFilledStyle btnAccentColor btnMedium btnFullWidth btnRightPosition btnNoIcon\" ><span class=\"btnInnerText\">Leer m\u00e1s<\/span><\/a><div class=\"btClear btSeparator topSpaced noBorder\" ><hr><\/div><\/div><\/div><div class=\"rowItem rowInnerItem col-md-6  btTextCenter inherit\"  ><div class=\"rowItemContent\"><\/div><\/div><\/div><div class=\"boldRow boldInnerRow  bt_bb_hidden_xs bt_bb_hidden_ms bt_bb_hidden_sm bt_bb_hidden_md bt_bb_hidden_lg\" ><div class=\"rowItem rowInnerItem col-md-4  btTextLeft\"  ><div class=\"rowItemContent\"><div class=\"bpgPhoto \"  style=\"btTextCenter\">\r\n\t\t\t\t\t<a href=\"https:\/\/www.fallbrookmedicalcenter.com\/wp-content\/uploads\/2021\/12\/deel.jpg\" target=\"\" title=\"\"><\/a>\r\n\t\t\t\t\t<div class=\"boldPhotoBox\"><div class=\"bpbItem\"><div class=\"btImage\"><img decoding=\"async\" src=\"https:\/\/www.fallbrookmedicalcenter.com\/wp-content\/uploads\/2021\/12\/deel.jpg\" alt=\"\" title=\"\"><\/div><\/div><\/div>\r\n\t\t\t\t\t<div class=\"captionPane\">\r\n\t\t\t\t\t\t<div class=\"captionTable\">\r\n\t\t\t\t\t\t\t<div class=\"captionCell\">\r\n\t\t\t\t\t\t\t\t<div class=\"captionTxt\"><\/div>\r\n\t\t\t\t\t\t\t<\/div>\r\n\t\t\t\t\t\t<\/div>\r\n\t\t\t\t\t<\/div><\/div><div class=\"btText\" ><\/p>\n<p style=\"text-align: center;\"><strong>Margaret Deel<br \/>\n<\/strong>Medical Director and Family Practice Physician<\/p>\n<p>\n<\/div><\/div><\/div><div class=\"rowItem rowInnerItem col-md-8  btTextLeft\"  ><div class=\"rowItemContent\"><div class=\"btText\" ><\/p>\n<p>\nWe are proud to have Dr.\u00a0Deel\u00a0as the newest addition to our Fallbrook Medical Center team, our new Medical Director and Family Practice Physician. &#8220;In this age of reimbursement driven medical care, I take great pride in taking the time to practice the highest quality of preventive and clinical medicine.&#8221;<\/p>\n<p>Dr. Deel is part of the following Professional Societies: American Board of Family Medicine, American Medical Association, University of Virginia Family Practice Association, Explorers of University of Virginia Medical School, Physicians for Social Responsibility and the\u00a0Samaritans Suicide Prevention Society.<\/p>\n<p>Born in Glen Cove, New York, Dr. Deel has worked\u00a0in both large inner-city type clinics and small town Family Practice clinics over the past 25 years, and\u00a0she prefers the smaller offices where she can get to know and treat the entire patient.<\/p>\n<p>\n<\/div><\/div><\/div><\/div><div class=\"btClear btSeparator topSpaced noBorder bt_bb_hidden_xs bt_bb_hidden_ms bt_bb_hidden_sm bt_bb_hidden_md bt_bb_hidden_lg\" ><hr><\/div><div class=\"boldRow boldInnerRow  bt_bb_hidden_xs bt_bb_hidden_ms bt_bb_hidden_sm bt_bb_hidden_md bt_bb_hidden_lg\" ><div class=\"rowItem rowInnerItem col-md-4  btTextLeft\"  ><div class=\"rowItemContent\"><div class=\"bpgPhoto \"  style=\"btTextCenter\">\r\n\t\t\t\t\t<a href=\"https:\/\/www.fallbrookmedicalcenter.com\/wp-content\/uploads\/2021\/09\/alvaro-berrios.jpg\" target=\"\" title=\"\"><\/a>\r\n\t\t\t\t\t<div class=\"boldPhotoBox\"><div class=\"bpbItem\"><div class=\"btImage\"><img decoding=\"async\" src=\"https:\/\/www.fallbrookmedicalcenter.com\/wp-content\/uploads\/2021\/09\/alvaro-berrios.jpg\" alt=\"\" title=\"\"><\/div><\/div><\/div>\r\n\t\t\t\t\t<div class=\"captionPane\">\r\n\t\t\t\t\t\t<div class=\"captionTable\">\r\n\t\t\t\t\t\t\t<div class=\"captionCell\">\r\n\t\t\t\t\t\t\t\t<div class=\"captionTxt\"><\/div>\r\n\t\t\t\t\t\t\t<\/div>\r\n\t\t\t\t\t\t<\/div>\r\n\t\t\t\t\t<\/div><\/div><div class=\"btText\" ><\/p>\n<div class=\"oIy2qc\" style=\"text-align: center;\" data-message-text=\"Connie Robledo\"><strong>Alvaro Berrios<br \/>\n<\/strong><\/div>\n<div class=\"oIy2qc\" style=\"text-align: center;\" data-message-text=\"Connie Robledo MSN, FNP\">Master of Science in Nursing &amp; Family Nurse Practitioner<\/div>\n<p>\n<\/div><\/div><\/div><div class=\"rowItem rowInnerItem col-md-8  btTextLeft\"  ><div class=\"rowItemContent\"><div class=\"btText\" ><\/p>\n<p>\nAlvaro Berrios, MSN, FNP, provides primary and specialty care in many areas of family medicine including women&#8217;s health, pediatrics, acute care and geriatrics for Fallbrook Medical Center. He works closely with <strong>Fallbrook doctors<\/strong> at the <strong>Fallbrook hospital<\/strong> across the street to ensure his patients are getting the best possible treatment. As a founder of Fallbrook Medical Clinic, Berrios is passionate about providing the best medical practices and services to prevent and treat any illness his patients may develop. He has also created a program to meet the needs of <a title=\"Memberships\" href=\"http:\/\/www.fallbrookmedicalcenter.com\">non-insured<\/a> patients who might not seek medical treatment otherwise. He is a popular caregiver in the Fallbrook area as well as a trusted parter of the Fallbrook Medical Center team. Berrios, along with his years of experience in <a title=\"Fallbrook Urgent Care\" href=\"https:\/\/www.fallbrookmedicalcenter.com\/es\/atencion-en-espanol-de-urgencias-medicas-menores\/\">urgent care <\/a>and <a title=\"Fallbrook Family Medicine\" href=\"https:\/\/www.fallbrookmedicalcenter.com\/es\/servicio-para-pacientes\/\">family medicine<\/a> also consistently volunteers his time and resources to help others.<\/p>\n<p>In L.A. County, Berrios managed health education programs in 10 Latin American Consulates where he also served as the coordinator for the Health Fair of the Americas. He created and implemented health education and prevention programs for underserved communities in L.A. County using T.V. and radio programs. Berrios can often be found at area Fallbrook fairs offering free and low cost health screenings. He received his MSN and FNP certificate from California State University, Dominguez Hills where he earned his Master&#8217;s Degree.<\/p>\n<p>\n<\/div><\/div><\/div><\/div><div class=\"btClear btSeparator topSpaced noBorder bt_bb_hidden_xs bt_bb_hidden_ms bt_bb_hidden_sm bt_bb_hidden_md bt_bb_hidden_lg\" ><hr><\/div><div class=\"boldRow boldInnerRow  bt_bb_hidden_xs bt_bb_hidden_ms bt_bb_hidden_sm bt_bb_hidden_md bt_bb_hidden_lg\" ><div class=\"rowItem rowInnerItem col-md-4  btTextLeft\"  ><div class=\"rowItemContent\"><div class=\"bpgPhoto \"  style=\"btTextCenter\">\r\n\t\t\t\t\t<a href=\"https:\/\/www.fallbrookmedicalcenter.com\/wp-content\/uploads\/2023\/02\/Laura-Albergo-1.webp\" target=\"\" title=\"\"><\/a>\r\n\t\t\t\t\t<div class=\"boldPhotoBox\"><div class=\"bpbItem\"><div class=\"btImage\"><img decoding=\"async\" src=\"https:\/\/www.fallbrookmedicalcenter.com\/wp-content\/uploads\/2023\/02\/Laura-Albergo-1.webp\" alt=\"\" title=\"\"><\/div><\/div><\/div>\r\n\t\t\t\t\t<div class=\"captionPane\">\r\n\t\t\t\t\t\t<div class=\"captionTable\">\r\n\t\t\t\t\t\t\t<div class=\"captionCell\">\r\n\t\t\t\t\t\t\t\t<div class=\"captionTxt\"><\/div>\r\n\t\t\t\t\t\t\t<\/div>\r\n\t\t\t\t\t\t<\/div>\r\n\t\t\t\t\t<\/div><\/div><div class=\"btText\" ><\/p>\n<div class=\"GDhqjd\" tabindex=\"-1\" data-sender-id=\"spaces\/4TtvrYtGItMB\/devices\/18d05889-27c6-4b6c-b635-0682160fc967\" data-sender-name=\"Jairo Martinez\" data-timestamp=\"1643157114001\" data-formatted-timestamp=\"7:31 PM\">\n<div class=\"Zmm6We\">\n<div class=\"oIy2qc\" style=\"text-align: center;\" data-message-text=\"Robert Krochalis Soliani\"><strong>Laura Albergo<\/strong><\/div>\n<\/div>\n<\/div>\n<div class=\"GDhqjd\" tabindex=\"-1\" data-sender-id=\"spaces\/4TtvrYtGItMB\/devices\/18d05889-27c6-4b6c-b635-0682160fc967\" data-sender-name=\"Jairo Martinez\" data-timestamp=\"1643157185000\" data-formatted-timestamp=\"7:33 PM\">\n<div class=\"Zmm6We\">\n<div class=\"oIy2qc\" style=\"text-align: center;\" data-message-text=\"Physician Associate\">Physician Assistant<\/div>\n<\/div>\n<\/div>\n<p>\n<\/div><\/div><\/div><div class=\"rowItem rowInnerItem col-md-8  btTextLeft\"  ><div class=\"rowItemContent\"><div class=\"btText\" ><\/p>\n<p>\nLaura Albergo is a physician associate who received her graduate degree at Arcadia University&#8217;s Christiana, DE campus. As a southern California native, she moved back to the west coast and worked as a PA for 5 years at a walk-in family practice. She provided both family medicine and urgent care services.<\/p>\n<p>Her desire to understand chronic illness on a deeper level prompted her to study functional medicine through the American Academy of Functional Health. She is a firm believer in the power of lifestyle to prevent and treat disease. She is enthusiastic about sharing her knowledge and tailoring care to individual needs.<\/p>\n<p>\n<\/div><\/div><\/div><\/div><div class=\"btClear btSeparator topSpaced noBorder bt_bb_hidden_xs bt_bb_hidden_ms bt_bb_hidden_sm bt_bb_hidden_md bt_bb_hidden_lg\" ><hr><\/div><div class=\"btClear btSeparator topSpaced noBorder bt_bb_hidden_xs bt_bb_hidden_ms bt_bb_hidden_sm bt_bb_hidden_md bt_bb_hidden_lg\" ><hr><\/div><\/div><\/div><\/div><\/div><\/div><\/div><\/div><\/section><\/p>\n","protected":false},"excerpt":{"rendered":"","protected":false},"author":7,"featured_media":0,"parent":0,"menu_order":0,"comment_status":"closed","ping_status":"closed","template":"","meta":{"footnotes":""},"class_list":["post-5528","page","type-page","status-publish","hentry"],"yoast_head":"<!-- This site is optimized with the Yoast SEO plugin v27.0 - https:\/\/yoast.com\/product\/yoast-seo-wordpress\/ -->\n<title>Nuestros proveedores m\u00e9dicos - Fallbrook Medical Center<\/title>\n<meta name=\"description\" content=\"Nuestros proveedores m\u00e9dicos. Fallbrook Medical Center se enorgullece de contar con proveedores de atenci\u00f3n m\u00e9dica altamente capacitados\" \/>\n<meta name=\"robots\" content=\"index, follow, max-snippet:-1, max-image-preview:large, max-video-preview:-1\" \/>\n<link rel=\"canonical\" href=\"https:\/\/www.fallbrookmedicalcenter.com\/es\/nuestros-proveedores-medicos\/\" \/>\n<meta property=\"og:locale\" content=\"es_ES\" \/>\n<meta property=\"og:type\" content=\"article\" \/>\n<meta property=\"og:title\" content=\"Nuestros proveedores m\u00e9dicos - Fallbrook Medical Center\" \/>\n<meta property=\"og:description\" content=\"Nuestros proveedores m\u00e9dicos. Fallbrook Medical Center se enorgullece de contar con proveedores de atenci\u00f3n m\u00e9dica altamente capacitados\" \/>\n<meta property=\"og:url\" content=\"https:\/\/www.fallbrookmedicalcenter.com\/es\/nuestros-proveedores-medicos\/\" \/>\n<meta property=\"og:site_name\" content=\"Fallbrook Medical Center\" \/>\n<meta property=\"article:publisher\" content=\"http:\/\/www.facebook.com\/FallbrookMedical\" \/>\n<meta property=\"article:modified_time\" content=\"2026-03-09T17:26:08+00:00\" \/>\n<meta name=\"twitter:card\" content=\"summary_large_image\" \/>\n<meta name=\"twitter:site\" content=\"@fallbrookmed\" \/>\n<meta name=\"twitter:label1\" content=\"Est. reading time\" \/>\n\t<meta name=\"twitter:data1\" content=\"9 minutes\" \/>\n<script type=\"application\/ld+json\" class=\"yoast-schema-graph\">{\"@context\":\"https:\/\/schema.org\",\"@graph\":[{\"@type\":\"WebPage\",\"@id\":\"https:\/\/www.fallbrookmedicalcenter.com\/es\/nuestros-proveedores-medicos\/\",\"url\":\"https:\/\/www.fallbrookmedicalcenter.com\/es\/nuestros-proveedores-medicos\/\",\"name\":\"Nuestros proveedores m\u00e9dicos - Fallbrook Medical Center\",\"isPartOf\":{\"@id\":\"https:\/\/www.fallbrookmedicalcenter.com\/#website\"},\"datePublished\":\"2020-10-16T17:22:24+00:00\",\"dateModified\":\"2026-03-09T17:26:08+00:00\",\"description\":\"Nuestros proveedores m\u00e9dicos. Fallbrook Medical Center se enorgullece de contar con proveedores de atenci\u00f3n m\u00e9dica altamente capacitados\",\"breadcrumb\":{\"@id\":\"https:\/\/www.fallbrookmedicalcenter.com\/es\/nuestros-proveedores-medicos\/#breadcrumb\"},\"inLanguage\":\"es-ES\",\"potentialAction\":[{\"@type\":\"ReadAction\",\"target\":[\"https:\/\/www.fallbrookmedicalcenter.com\/es\/nuestros-proveedores-medicos\/\"]}]},{\"@type\":\"BreadcrumbList\",\"@id\":\"https:\/\/www.fallbrookmedicalcenter.com\/es\/nuestros-proveedores-medicos\/#breadcrumb\",\"itemListElement\":[{\"@type\":\"ListItem\",\"position\":1,\"name\":\"Portada\",\"item\":\"https:\/\/www.fallbrookmedicalcenter.com\/es\/\"},{\"@type\":\"ListItem\",\"position\":2,\"name\":\"Nuestros proveedores m\u00e9dicos\"}]},{\"@type\":\"WebSite\",\"@id\":\"https:\/\/www.fallbrookmedicalcenter.com\/#website\",\"url\":\"https:\/\/www.fallbrookmedicalcenter.com\/\",\"name\":\"Fallbrook Medical Center\",\"description\":\"Por que tu Salud Importa\",\"potentialAction\":[{\"@type\":\"SearchAction\",\"target\":{\"@type\":\"EntryPoint\",\"urlTemplate\":\"https:\/\/www.fallbrookmedicalcenter.com\/?s={search_term_string}\"},\"query-input\":{\"@type\":\"PropertyValueSpecification\",\"valueRequired\":true,\"valueName\":\"search_term_string\"}}],\"inLanguage\":\"es-ES\"}]}<\/script>\n<!-- \/ Yoast SEO plugin. -->","yoast_head_json":{"title":"Nuestros proveedores m\u00e9dicos - Fallbrook Medical Center","description":"Nuestros proveedores m\u00e9dicos. Fallbrook Medical Center se enorgullece de contar con proveedores de atenci\u00f3n m\u00e9dica altamente capacitados","robots":{"index":"index","follow":"follow","max-snippet":"max-snippet:-1","max-image-preview":"max-image-preview:large","max-video-preview":"max-video-preview:-1"},"canonical":"https:\/\/www.fallbrookmedicalcenter.com\/es\/nuestros-proveedores-medicos\/","og_locale":"es_ES","og_type":"article","og_title":"Nuestros proveedores m\u00e9dicos - Fallbrook Medical Center","og_description":"Nuestros proveedores m\u00e9dicos. Fallbrook Medical Center se enorgullece de contar con proveedores de atenci\u00f3n m\u00e9dica altamente capacitados","og_url":"https:\/\/www.fallbrookmedicalcenter.com\/es\/nuestros-proveedores-medicos\/","og_site_name":"Fallbrook Medical Center","article_publisher":"http:\/\/www.facebook.com\/FallbrookMedical","article_modified_time":"2026-03-09T17:26:08+00:00","twitter_card":"summary_large_image","twitter_site":"@fallbrookmed","twitter_misc":{"Est. reading time":"9 minutes"},"schema":{"@context":"https:\/\/schema.org","@graph":[{"@type":"WebPage","@id":"https:\/\/www.fallbrookmedicalcenter.com\/es\/nuestros-proveedores-medicos\/","url":"https:\/\/www.fallbrookmedicalcenter.com\/es\/nuestros-proveedores-medicos\/","name":"Nuestros proveedores m\u00e9dicos - Fallbrook Medical Center","isPartOf":{"@id":"https:\/\/www.fallbrookmedicalcenter.com\/#website"},"datePublished":"2020-10-16T17:22:24+00:00","dateModified":"2026-03-09T17:26:08+00:00","description":"Nuestros proveedores m\u00e9dicos. Fallbrook Medical Center se enorgullece de contar con proveedores de atenci\u00f3n m\u00e9dica altamente capacitados","breadcrumb":{"@id":"https:\/\/www.fallbrookmedicalcenter.com\/es\/nuestros-proveedores-medicos\/#breadcrumb"},"inLanguage":"es-ES","potentialAction":[{"@type":"ReadAction","target":["https:\/\/www.fallbrookmedicalcenter.com\/es\/nuestros-proveedores-medicos\/"]}]},{"@type":"BreadcrumbList","@id":"https:\/\/www.fallbrookmedicalcenter.com\/es\/nuestros-proveedores-medicos\/#breadcrumb","itemListElement":[{"@type":"ListItem","position":1,"name":"Portada","item":"https:\/\/www.fallbrookmedicalcenter.com\/es\/"},{"@type":"ListItem","position":2,"name":"Nuestros proveedores m\u00e9dicos"}]},{"@type":"WebSite","@id":"https:\/\/www.fallbrookmedicalcenter.com\/#website","url":"https:\/\/www.fallbrookmedicalcenter.com\/","name":"Fallbrook Medical Center","description":"Por que tu Salud Importa","potentialAction":[{"@type":"SearchAction","target":{"@type":"EntryPoint","urlTemplate":"https:\/\/www.fallbrookmedicalcenter.com\/?s={search_term_string}"},"query-input":{"@type":"PropertyValueSpecification","valueRequired":true,"valueName":"search_term_string"}}],"inLanguage":"es-ES"}]}},"_links":{"self":[{"href":"https:\/\/www.fallbrookmedicalcenter.com\/es\/wp-json\/wp\/v2\/pages\/5528","targetHints":{"allow":["GET"]}}],"collection":[{"href":"https:\/\/www.fallbrookmedicalcenter.com\/es\/wp-json\/wp\/v2\/pages"}],"about":[{"href":"https:\/\/www.fallbrookmedicalcenter.com\/es\/wp-json\/wp\/v2\/types\/page"}],"author":[{"embeddable":true,"href":"https:\/\/www.fallbrookmedicalcenter.com\/es\/wp-json\/wp\/v2\/users\/7"}],"replies":[{"embeddable":true,"href":"https:\/\/www.fallbrookmedicalcenter.com\/es\/wp-json\/wp\/v2\/comments?post=5528"}],"version-history":[{"count":3,"href":"https:\/\/www.fallbrookmedicalcenter.com\/es\/wp-json\/wp\/v2\/pages\/5528\/revisions"}],"predecessor-version":[{"id":7251,"href":"https:\/\/www.fallbrookmedicalcenter.com\/es\/wp-json\/wp\/v2\/pages\/5528\/revisions\/7251"}],"wp:attachment":[{"href":"https:\/\/www.fallbrookmedicalcenter.com\/es\/wp-json\/wp\/v2\/media?parent=5528"}],"curies":[{"name":"wp","href":"https:\/\/api.w.org\/{rel}","templated":true}]}}