{"id":5530,"date":"2023-09-27T16:11:26","date_gmt":"2023-09-27T16:11:26","guid":{"rendered":"https:\/\/www.fallbrookmedicalcenter.com\/?page_id=5530"},"modified":"2024-08-08T23:18:48","modified_gmt":"2024-08-08T23:18:48","slug":"alvaro-berrios-msn-fnp","status":"publish","type":"page","link":"https:\/\/www.fallbrookmedicalcenter.com\/es\/alvaro-berrios-msn-fnp\/","title":{"rendered":"Alvaro Berrios, MSN, FNP"},"content":{"rendered":"<p><section id=\"bt_section69e5e456f1c5c\"  class=\"boldSection btDivider topSemiSpaced bottomSemiSpaced btDarkSkin gutter inherit wBackground cover btAccentColorBackground\" style=\"background-image:url('https:\/\/www.fallbrookmedicalcenter.com\/wp-content\/uploads\/2015\/12\/bgn-grad.png');\"><div class=\"port\"><div class=\"boldCell\"><div class=\"boldCellInner\"><div class=\"boldRow  \" ><div class=\"boldRowInner\"><div class=\"rowItem col-md-12 col-ms-12  btTextLeft animate animate-fadein animate-moveleft inherit\"  ><div class=\"rowItemContent\" ><div class=\"btClear btSeparator topExtraSmallSpaced noBorder\" ><hr><\/div><div class=\"btClear btSeparator topExtraSmallSpaced noBorder\" ><hr><\/div><header class=\"header btClear large  btNormalDash\" ><div class=\"btSuperTitle\">Master of Science in Nursing &amp; Family Nurse Practitioner<\/div><div class=\"dash\"><h2><span class=\"headline\">Alvaro Berrios, MSN, FNP <\/span><\/h2><\/div><\/header><\/div><\/div><\/div><\/div><\/div><\/div><\/div><\/section><section id=\"bt_section69e5e456f1fda\"  class=\"boldSection topSpaced bottomSpaced gutter inherit\" ><div class=\"port\"><div class=\"boldCell\"><div class=\"boldCellInner\"><div class=\"boldRow  \" ><div class=\"boldRowInner\"><div class=\"rowItem col-md-4 col-ms-12 btTextCenter inherit\"  ><div class=\"rowItemContent\" ><div class=\"bpgPhoto Fallbrook Medical Alvaro Berrios MSN FNP - Medical Providers\"  style=\"btTextCenter btSimpleHoverType\">\r\n\t\t\t\t\t<a href=\"https:\/\/www.fallbrookmedicalcenter.com\/wp-content\/uploads\/2024\/01\/Fallbrook-Medical-Alvaro-Berrios-MSN-FNP-Medical-Providers.webp\" target=\"\" title=\"\"><\/a>\r\n\t\t\t\t\t<div class=\"boldPhotoBox\"><div class=\"bpbItem\"><div class=\"btImage\"><img decoding=\"async\" src=\"https:\/\/www.fallbrookmedicalcenter.com\/wp-content\/uploads\/2024\/01\/Fallbrook-Medical-Alvaro-Berrios-MSN-FNP-Medical-Providers.webp\" alt=\"\" title=\"\"><\/div><\/div><\/div>\r\n\t\t\t\t\t<div class=\"captionPane\">\r\n\t\t\t\t\t\t<div class=\"captionTable\">\r\n\t\t\t\t\t\t\t<div class=\"captionCell\">\r\n\t\t\t\t\t\t\t\t<div class=\"captionTxt\"><header class=\"header btClear small btDash bottomDash btAlternateDash\" ><div class=\"btSubTitle\">full<\/div><\/header><\/div>\r\n\t\t\t\t\t\t\t<\/div>\r\n\t\t\t\t\t\t<\/div>\r\n\t\t\t\t\t<\/div><\/div><div class=\"btIconImageRow btIconsHalfHoverPosition\" ><span class=\"btIco btIcoFilledType btIcoMediumSize btIcoAccentColor btIcoFromBottom btIcoOutline \" ><a href=\"#\"  target = \"no_target\" data-ico-fa=\"&#xf0f1;\" class=\"btIcoHolder\"><em><\/em><\/a><\/span><\/div><div class=\"btClear btSeparator topExtraSmallSpaced noBorder\" ><hr><\/div><a href=\"https:\/\/www.fallbrookmedicalcenter.com\/our-medical-providers\/\" class=\"btBtn btBtn btnFilledStyle btnAlternateColor btnMedium btnFullWidth btnRightPosition btnNoIcon\" ><span class=\"btnInnerText\">Ver m\u00e1s personal m\u00e9dico<\/span><\/a><div class=\"btClear btSeparator topExtraSmallSpaced noBorder\" ><hr><\/div><\/div><\/div><div class=\"rowItem col-md-4 col-ms-12 btTextLeft\"  ><div class=\"rowItemContent\" ><div class=\"btText\" ><\/p>\n<p>\u00c1lvaro Berrios, MSN, es nuestro proveedor dedicado de servicios de medicina familiar primaria y especializada en Fallbrook Medical Center. Su amplia experiencia abarca diversas \u00e1reas, como salud de la mujer, pediatr\u00eda, atenci\u00f3n aguda y geriatr\u00eda. Berrios mantiene una estrecha relaci\u00f3n con los profesionales m\u00e9dicos del Fallbrook Hospital, lo que garantiza que sus pacientes reciban la m\u00e1s alta calidad de atenci\u00f3n.<\/p>\n<p>Como cofundador de Fallbrook Medical Clinic, Berrios est\u00e1 profundamente comprometido con la prestaci\u00f3n de una atenci\u00f3n m\u00e9dica excepcional, centr\u00e1ndose tanto en la prevenci\u00f3n como en el tratamiento. Ha establecido un programa dise\u00f1ado para atender a pacientes sin seguro y abordar sus necesidades de atenci\u00f3n m\u00e9dica.<\/p>\n<p>\n<\/div><\/div><\/div><div class=\"rowItem col-md-4 col-ms-12 btTextLeft\"  ><div class=\"rowItemContent\" ><div class=\"btText\" ><\/p>\n<p>Berrios no solo es un respetado proveedor de atenci\u00f3n m\u00e9dica en la comunidad de Fallbrook, sino tambi\u00e9n una parte esencial del equipo del Centro M\u00e9dico de Fallbrook. Tiene a\u00f1os de experiencia en atenci\u00f3n de urgencias y medicina familiar.<\/p>\n<p>En el condado de Los \u00c1ngeles, Berrios dirigi\u00f3 iniciativas de educaci\u00f3n sanitaria en 10 consulados latinoamericanos y encabez\u00f3 la Feria de Salud de las Am\u00e9ricas. Desarroll\u00f3 y ejecut\u00f3 programas de educaci\u00f3n sanitaria y prevenci\u00f3n para comunidades desfavorecidas del condado, utilizando transmisiones de televisi\u00f3n y radio. Berrios est\u00e1 presente con frecuencia en las ferias locales de Fallbrook, donde ofrece ex\u00e1menes de salud gratuitos y asequibles. Tiene un certificado de MSN y FNP de la Universidad Estatal de California, Dominguez Hills, donde obtuvo su maestr\u00eda.<\/p>\n<p>\n<\/div><\/div><\/div><\/div><\/div><\/div><\/div><\/div><\/section><\/p>\n","protected":false},"excerpt":{"rendered":"","protected":false},"author":7,"featured_media":0,"parent":0,"menu_order":0,"comment_status":"closed","ping_status":"closed","template":"","meta":{"footnotes":""},"class_list":["post-5530","page","type-page","status-publish","hentry"],"yoast_head":"<!-- This site is optimized with the Yoast SEO plugin v27.0 - https:\/\/yoast.com\/product\/yoast-seo-wordpress\/ -->\n<title>Alvaro Berrios, MSN, FNP - Fallbrook Medical Center<\/title>\n<meta name=\"description\" content=\"\u00c1lvaro Berrios, MSN, es nuestro proveedor dedicado de servicios de medicina familiar primaria y especializada en Fallbrook Medical Center\" \/>\n<meta name=\"robots\" content=\"index, follow, max-snippet:-1, max-image-preview:large, max-video-preview:-1\" \/>\n<link rel=\"canonical\" href=\"https:\/\/www.fallbrookmedicalcenter.com\/alvaro-berrios-nurse-practitioner\/\" \/>\n<meta property=\"og:locale\" content=\"es_ES\" \/>\n<meta property=\"og:type\" content=\"article\" \/>\n<meta property=\"og:title\" content=\"Alvaro Berrios, MSN, FNP - Fallbrook Medical Center\" \/>\n<meta property=\"og:description\" content=\"\u00c1lvaro Berrios, MSN, es nuestro proveedor dedicado de servicios de medicina familiar primaria y especializada en Fallbrook Medical Center\" \/>\n<meta property=\"og:url\" content=\"https:\/\/www.fallbrookmedicalcenter.com\/alvaro-berrios-nurse-practitioner\/\" \/>\n<meta property=\"og:site_name\" content=\"Fallbrook Medical Center\" \/>\n<meta property=\"article:publisher\" content=\"http:\/\/www.facebook.com\/FallbrookMedical\" \/>\n<meta property=\"article:modified_time\" content=\"2024-08-08T23:18:48+00:00\" \/>\n<meta name=\"twitter:card\" content=\"summary_large_image\" \/>\n<meta name=\"twitter:site\" content=\"@fallbrookmed\" \/>\n<meta name=\"twitter:label1\" content=\"Est. reading time\" \/>\n\t<meta name=\"twitter:data1\" content=\"3 minutes\" \/>\n<script type=\"application\/ld+json\" class=\"yoast-schema-graph\">{\"@context\":\"https:\/\/schema.org\",\"@graph\":[{\"@type\":\"WebPage\",\"@id\":\"https:\/\/www.fallbrookmedicalcenter.com\/alvaro-berrios-nurse-practitioner\/\",\"url\":\"https:\/\/www.fallbrookmedicalcenter.com\/alvaro-berrios-nurse-practitioner\/\",\"name\":\"Alvaro Berrios, MSN, FNP - Fallbrook Medical Center\",\"isPartOf\":{\"@id\":\"https:\/\/www.fallbrookmedicalcenter.com\/#website\"},\"datePublished\":\"2023-09-27T16:11:26+00:00\",\"dateModified\":\"2024-08-08T23:18:48+00:00\",\"description\":\"\u00c1lvaro Berrios, MSN, es nuestro proveedor dedicado de servicios de medicina familiar primaria y especializada en Fallbrook Medical Center\",\"breadcrumb\":{\"@id\":\"https:\/\/www.fallbrookmedicalcenter.com\/alvaro-berrios-nurse-practitioner\/#breadcrumb\"},\"inLanguage\":\"es-ES\",\"potentialAction\":[{\"@type\":\"ReadAction\",\"target\":[\"https:\/\/www.fallbrookmedicalcenter.com\/alvaro-berrios-nurse-practitioner\/\"]}]},{\"@type\":\"BreadcrumbList\",\"@id\":\"https:\/\/www.fallbrookmedicalcenter.com\/alvaro-berrios-nurse-practitioner\/#breadcrumb\",\"itemListElement\":[{\"@type\":\"ListItem\",\"position\":1,\"name\":\"Portada\",\"item\":\"https:\/\/www.fallbrookmedicalcenter.com\/es\/\"},{\"@type\":\"ListItem\",\"position\":2,\"name\":\"Alvaro Berrios, MSN, FNP\"}]},{\"@type\":\"WebSite\",\"@id\":\"https:\/\/www.fallbrookmedicalcenter.com\/#website\",\"url\":\"https:\/\/www.fallbrookmedicalcenter.com\/\",\"name\":\"Fallbrook Medical Center\",\"description\":\"Por que tu Salud Importa\",\"potentialAction\":[{\"@type\":\"SearchAction\",\"target\":{\"@type\":\"EntryPoint\",\"urlTemplate\":\"https:\/\/www.fallbrookmedicalcenter.com\/?s={search_term_string}\"},\"query-input\":{\"@type\":\"PropertyValueSpecification\",\"valueRequired\":true,\"valueName\":\"search_term_string\"}}],\"inLanguage\":\"es-ES\"}]}<\/script>\n<!-- \/ Yoast SEO plugin. -->","yoast_head_json":{"title":"Alvaro Berrios, MSN, FNP - Fallbrook Medical Center","description":"\u00c1lvaro Berrios, MSN, es nuestro proveedor dedicado de servicios de medicina familiar primaria y especializada en Fallbrook Medical Center","robots":{"index":"index","follow":"follow","max-snippet":"max-snippet:-1","max-image-preview":"max-image-preview:large","max-video-preview":"max-video-preview:-1"},"canonical":"https:\/\/www.fallbrookmedicalcenter.com\/alvaro-berrios-nurse-practitioner\/","og_locale":"es_ES","og_type":"article","og_title":"Alvaro Berrios, MSN, FNP - Fallbrook Medical Center","og_description":"\u00c1lvaro Berrios, MSN, es nuestro proveedor dedicado de servicios de medicina familiar primaria y especializada en Fallbrook Medical Center","og_url":"https:\/\/www.fallbrookmedicalcenter.com\/alvaro-berrios-nurse-practitioner\/","og_site_name":"Fallbrook Medical Center","article_publisher":"http:\/\/www.facebook.com\/FallbrookMedical","article_modified_time":"2024-08-08T23:18:48+00:00","twitter_card":"summary_large_image","twitter_site":"@fallbrookmed","twitter_misc":{"Est. reading time":"3 minutes"},"schema":{"@context":"https:\/\/schema.org","@graph":[{"@type":"WebPage","@id":"https:\/\/www.fallbrookmedicalcenter.com\/alvaro-berrios-nurse-practitioner\/","url":"https:\/\/www.fallbrookmedicalcenter.com\/alvaro-berrios-nurse-practitioner\/","name":"Alvaro Berrios, MSN, FNP - Fallbrook Medical Center","isPartOf":{"@id":"https:\/\/www.fallbrookmedicalcenter.com\/#website"},"datePublished":"2023-09-27T16:11:26+00:00","dateModified":"2024-08-08T23:18:48+00:00","description":"\u00c1lvaro Berrios, MSN, es nuestro proveedor dedicado de servicios de medicina familiar primaria y especializada en Fallbrook Medical Center","breadcrumb":{"@id":"https:\/\/www.fallbrookmedicalcenter.com\/alvaro-berrios-nurse-practitioner\/#breadcrumb"},"inLanguage":"es-ES","potentialAction":[{"@type":"ReadAction","target":["https:\/\/www.fallbrookmedicalcenter.com\/alvaro-berrios-nurse-practitioner\/"]}]},{"@type":"BreadcrumbList","@id":"https:\/\/www.fallbrookmedicalcenter.com\/alvaro-berrios-nurse-practitioner\/#breadcrumb","itemListElement":[{"@type":"ListItem","position":1,"name":"Portada","item":"https:\/\/www.fallbrookmedicalcenter.com\/es\/"},{"@type":"ListItem","position":2,"name":"Alvaro Berrios, MSN, FNP"}]},{"@type":"WebSite","@id":"https:\/\/www.fallbrookmedicalcenter.com\/#website","url":"https:\/\/www.fallbrookmedicalcenter.com\/","name":"Fallbrook Medical Center","description":"Por que tu Salud Importa","potentialAction":[{"@type":"SearchAction","target":{"@type":"EntryPoint","urlTemplate":"https:\/\/www.fallbrookmedicalcenter.com\/?s={search_term_string}"},"query-input":{"@type":"PropertyValueSpecification","valueRequired":true,"valueName":"search_term_string"}}],"inLanguage":"es-ES"}]}},"_links":{"self":[{"href":"https:\/\/www.fallbrookmedicalcenter.com\/es\/wp-json\/wp\/v2\/pages\/5530","targetHints":{"allow":["GET"]}}],"collection":[{"href":"https:\/\/www.fallbrookmedicalcenter.com\/es\/wp-json\/wp\/v2\/pages"}],"about":[{"href":"https:\/\/www.fallbrookmedicalcenter.com\/es\/wp-json\/wp\/v2\/types\/page"}],"author":[{"embeddable":true,"href":"https:\/\/www.fallbrookmedicalcenter.com\/es\/wp-json\/wp\/v2\/users\/7"}],"replies":[{"embeddable":true,"href":"https:\/\/www.fallbrookmedicalcenter.com\/es\/wp-json\/wp\/v2\/comments?post=5530"}],"version-history":[{"count":1,"href":"https:\/\/www.fallbrookmedicalcenter.com\/es\/wp-json\/wp\/v2\/pages\/5530\/revisions"}],"predecessor-version":[{"id":5531,"href":"https:\/\/www.fallbrookmedicalcenter.com\/es\/wp-json\/wp\/v2\/pages\/5530\/revisions\/5531"}],"wp:attachment":[{"href":"https:\/\/www.fallbrookmedicalcenter.com\/es\/wp-json\/wp\/v2\/media?parent=5530"}],"curies":[{"name":"wp","href":"https:\/\/api.w.org\/{rel}","templated":true}]}}