{"id":5540,"date":"2023-09-18T22:15:02","date_gmt":"2023-09-18T22:15:02","guid":{"rendered":"https:\/\/www.fallbrookmedicalcenter.com\/?page_id=5540"},"modified":"2024-08-08T23:51:17","modified_gmt":"2024-08-08T23:51:17","slug":"examen-preventivo-anual","status":"publish","type":"page","link":"https:\/\/www.fallbrookmedicalcenter.com\/es\/examen-preventivo-anual\/","title":{"rendered":"Examen Preventivo Anual"},"content":{"rendered":"<p><section id=\"bt_section69e0866b429f4\"  class=\"boldSection topSemiSpaced bottomSemiSpaced btDarkSkin gutter inherit btAccentColorBackground\" ><div class=\"port\"><div class=\"boldCell\"><div class=\"boldCellInner\"><div class=\"boldRow  \" ><div class=\"boldRowInner\"><div class=\"rowItem col-md-12 col-ms-12  btTextLeft\"  ><div class=\"rowItemContent\" ><div class=\"btClear btSeparator topExtraSmallSpaced noBorder\" ><hr><\/div><div class=\"btClear btSeparator topExtraSmallSpaced noBorder\" ><hr><\/div><header class=\"header btClear large  btNormalDash\" ><div class=\"dash\"><h2><span class=\"headline\">Examen Preventivo Anual<\/span><\/h2><\/div><\/header><\/div><\/div><\/div><\/div><\/div><\/div><\/div><\/section><section id=\"bt_section69e0866b42d2c\"  class=\"boldSection topSpaced gutter inherit\" ><div class=\"port\"><div class=\"boldCell\"><div class=\"boldCellInner\"><div class=\"boldRow  \" ><div class=\"boldRowInner\"><div class=\"rowItem col-md-6 col-sm-12 btTextLeft btMiddleVertical\"  ><div class=\"rowItemContent\" ><div class=\"btText\" ><\/p>\n<p><strong>Examen preventivo anual.<\/strong>\u00a0Independientemente de su edad, es fundamental programar un examen f\u00edsico anual o una evaluaci\u00f3n de salud preventiva, que puede estar cubierta por Medi-Cal, un seguro privado o pagarse en efectivo. Otra opci\u00f3n es elegir una visita de bienestar anual, que est\u00e1 incluida en Medicare o Medi-Medi.<\/p>\n<p>Considere estos controles preventivos de rutina como una oportunidad para monitorear activamente su bienestar. El objetivo principal es identificar y tratar posibles problemas de salud. Recuerde que la prevenci\u00f3n es la mejor cura.<\/p>\n<p>\n<\/div><\/div><\/div><div class=\"rowItem col-md-6 col-sm-12 btTextLeft btMiddleVertical btNoPadding\"  ><div class=\"rowItemContent\" ><div class=\"bpgPhoto \"  style=\"btTextCenter\">\r\n\t\t\t\t\t<a href=\"https:\/\/www.fallbrookmedicalcenter.com\/wp-content\/uploads\/2023\/09\/annual-preventive-exam-1.webp\" target=\"\" title=\"\"><\/a>\r\n\t\t\t\t\t<div class=\"boldPhotoBox\"><div class=\"bpbItem\"><div class=\"btImage\"><img decoding=\"async\" src=\"https:\/\/www.fallbrookmedicalcenter.com\/wp-content\/uploads\/2023\/09\/annual-preventive-exam-1.webp\" alt=\"\" title=\"\"><\/div><\/div><\/div>\r\n\t\t\t\t\t<div class=\"captionPane\">\r\n\t\t\t\t\t\t<div class=\"captionTable\">\r\n\t\t\t\t\t\t\t<div class=\"captionCell\">\r\n\t\t\t\t\t\t\t\t<div class=\"captionTxt\"><header class=\"header btClear small btDash bottomDash btAlternateDash\" ><div class=\"btSubTitle\">full<\/div><\/header><\/div>\r\n\t\t\t\t\t\t\t<\/div>\r\n\t\t\t\t\t\t<\/div>\r\n\t\t\t\t\t<\/div><\/div><\/div><\/div><\/div><\/div><\/div><\/div><\/div><\/section><section id=\"bt_section69e0866b436c9\"  class=\"boldSection topSpaced bottomSpaced gutter inherit\" ><div class=\"port\"><div class=\"boldCell\"><div class=\"boldCellInner\"><div class=\"boldRow  \" ><div class=\"boldRowInner\"><div class=\"rowItem col-md-12 col-ms-12  btTextLeft\"  ><div class=\"rowItemContent\" ><header class=\"header btClear medium btDash topDash  btAccentDash\" ><div class=\"dash\"><h3><span class=\"headline\"><em>Un mirada al <\/em><br \/><br><b class=\"animate\">examen preventivo<\/b><br \/><br><\/span><\/h3><\/div><\/header><div class=\"btClear btSeparator topSmallSpaced noBorder\" ><hr><\/div><div class=\"btText\" ><\/p>\n<p>Tenga en cuenta que lo que sigue proporciona un esquema general de un examen f\u00edsico est\u00e1ndar y los detalles de su chequeo pueden variar seg\u00fan sus necesidades individuales.<\/p>\n<p><strong>Nuestros profesionales y equipo sanitarios:<\/strong><\/p>\n<ul>\n<li aria-level=\"1\">Verifique sus signos vitales, altura y peso.<\/li>\n<li aria-level=\"1\">Pregunte sobre su salud actual, historial m\u00e9dico, estilo de vida y antecedentes m\u00e9dicos familiares.<\/li>\n<li aria-level=\"1\">Pregunte sobre cualquier medicamento recetado o de venta libre (OCT) o suplementos diet\u00e9ticos que pueda estar tomando.<\/li>\n<li aria-level=\"1\">Eval\u00fae la salud de los distintos sistemas de su cuerpo. Esto puede implicar preguntas y debates.<\/li>\n<li aria-level=\"1\">Realizar pruebas de detecci\u00f3n b\u00e1sicas o derivarlo a un especialista si es necesario. Las pruebas espec\u00edficas depender\u00e1n de su edad, sexo y pautas cl\u00ednicas.<\/li>\n<li aria-level=\"1\">Para las mujeres, esto podr\u00eda incluir un examen de mamas, un examen de cuello uterino, una colonoscopia, un examen Dexa, etc.<\/li>\n<li aria-level=\"1\">Para los hombres, podr\u00eda implicar una colonoscopia, un examen Dexa, etc.<\/li>\n<li aria-level=\"1\">Solicite an\u00e1lisis de laboratorio peri\u00f3dicos.<\/li>\n<li aria-level=\"1\">Brindar asesoramiento sobre el manejo de los factores de riesgo de salud relacionados con el estilo de vida, como la dieta, el tabaquismo, la obesidad o el estr\u00e9s.<\/li>\n<\/ul>\n<p>Si su m\u00e9dico identifica alg\u00fan riesgo potencial para la salud, es posible que le recomiende ex\u00e1menes o pruebas adicionales.<\/p>\n<p>\n<\/div><\/div><\/div><\/div><\/div><\/div><\/div><\/div><\/section><\/p>\n","protected":false},"excerpt":{"rendered":"","protected":false},"author":7,"featured_media":0,"parent":0,"menu_order":0,"comment_status":"closed","ping_status":"closed","template":"","meta":{"footnotes":""},"class_list":["post-5540","page","type-page","status-publish","hentry"],"yoast_head":"<!-- This site is optimized with the Yoast SEO plugin v27.0 - https:\/\/yoast.com\/product\/yoast-seo-wordpress\/ -->\n<title>Examen Preventivo Anual - Fallbrook Medical Center<\/title>\n<meta name=\"description\" content=\"Examen preventivo anual.\u00a0Independientemente de su edad, es fundamental programar un examen f\u00edsico anual o una evaluaci\u00f3n de salud preventiva\" \/>\n<meta name=\"robots\" content=\"index, follow, max-snippet:-1, max-image-preview:large, max-video-preview:-1\" \/>\n<link rel=\"canonical\" href=\"https:\/\/www.fallbrookmedicalcenter.com\/annual-preventive-exam\/\" \/>\n<meta property=\"og:locale\" content=\"es_ES\" \/>\n<meta property=\"og:type\" content=\"article\" \/>\n<meta property=\"og:title\" content=\"Examen Preventivo Anual - Fallbrook Medical Center\" \/>\n<meta property=\"og:description\" content=\"Examen preventivo anual.\u00a0Independientemente de su edad, es fundamental programar un examen f\u00edsico anual o una evaluaci\u00f3n de salud preventiva\" \/>\n<meta property=\"og:url\" content=\"https:\/\/www.fallbrookmedicalcenter.com\/annual-preventive-exam\/\" \/>\n<meta property=\"og:site_name\" content=\"Fallbrook Medical Center\" \/>\n<meta property=\"article:publisher\" content=\"http:\/\/www.facebook.com\/FallbrookMedical\" \/>\n<meta property=\"article:modified_time\" content=\"2024-08-08T23:51:17+00:00\" \/>\n<meta name=\"twitter:card\" content=\"summary_large_image\" \/>\n<meta name=\"twitter:site\" content=\"@fallbrookmed\" \/>\n<meta name=\"twitter:label1\" content=\"Est. reading time\" \/>\n\t<meta name=\"twitter:data1\" content=\"4 minutes\" \/>\n<script type=\"application\/ld+json\" class=\"yoast-schema-graph\">{\"@context\":\"https:\/\/schema.org\",\"@graph\":[{\"@type\":\"WebPage\",\"@id\":\"https:\/\/www.fallbrookmedicalcenter.com\/annual-preventive-exam\/\",\"url\":\"https:\/\/www.fallbrookmedicalcenter.com\/annual-preventive-exam\/\",\"name\":\"Examen Preventivo Anual - Fallbrook Medical Center\",\"isPartOf\":{\"@id\":\"https:\/\/www.fallbrookmedicalcenter.com\/#website\"},\"datePublished\":\"2023-09-18T22:15:02+00:00\",\"dateModified\":\"2024-08-08T23:51:17+00:00\",\"description\":\"Examen preventivo anual.\u00a0Independientemente de su edad, es fundamental programar un examen f\u00edsico anual o una evaluaci\u00f3n de salud preventiva\",\"breadcrumb\":{\"@id\":\"https:\/\/www.fallbrookmedicalcenter.com\/annual-preventive-exam\/#breadcrumb\"},\"inLanguage\":\"es-ES\",\"potentialAction\":[{\"@type\":\"ReadAction\",\"target\":[\"https:\/\/www.fallbrookmedicalcenter.com\/annual-preventive-exam\/\"]}]},{\"@type\":\"BreadcrumbList\",\"@id\":\"https:\/\/www.fallbrookmedicalcenter.com\/annual-preventive-exam\/#breadcrumb\",\"itemListElement\":[{\"@type\":\"ListItem\",\"position\":1,\"name\":\"Portada\",\"item\":\"https:\/\/www.fallbrookmedicalcenter.com\/es\/\"},{\"@type\":\"ListItem\",\"position\":2,\"name\":\"Examen Preventivo Anual\"}]},{\"@type\":\"WebSite\",\"@id\":\"https:\/\/www.fallbrookmedicalcenter.com\/#website\",\"url\":\"https:\/\/www.fallbrookmedicalcenter.com\/\",\"name\":\"Fallbrook Medical Center\",\"description\":\"Por que tu Salud Importa\",\"potentialAction\":[{\"@type\":\"SearchAction\",\"target\":{\"@type\":\"EntryPoint\",\"urlTemplate\":\"https:\/\/www.fallbrookmedicalcenter.com\/?s={search_term_string}\"},\"query-input\":{\"@type\":\"PropertyValueSpecification\",\"valueRequired\":true,\"valueName\":\"search_term_string\"}}],\"inLanguage\":\"es-ES\"}]}<\/script>\n<!-- \/ Yoast SEO plugin. -->","yoast_head_json":{"title":"Examen Preventivo Anual - Fallbrook Medical Center","description":"Examen preventivo anual.\u00a0Independientemente de su edad, es fundamental programar un examen f\u00edsico anual o una evaluaci\u00f3n de salud preventiva","robots":{"index":"index","follow":"follow","max-snippet":"max-snippet:-1","max-image-preview":"max-image-preview:large","max-video-preview":"max-video-preview:-1"},"canonical":"https:\/\/www.fallbrookmedicalcenter.com\/annual-preventive-exam\/","og_locale":"es_ES","og_type":"article","og_title":"Examen Preventivo Anual - Fallbrook Medical Center","og_description":"Examen preventivo anual.\u00a0Independientemente de su edad, es fundamental programar un examen f\u00edsico anual o una evaluaci\u00f3n de salud preventiva","og_url":"https:\/\/www.fallbrookmedicalcenter.com\/annual-preventive-exam\/","og_site_name":"Fallbrook Medical Center","article_publisher":"http:\/\/www.facebook.com\/FallbrookMedical","article_modified_time":"2024-08-08T23:51:17+00:00","twitter_card":"summary_large_image","twitter_site":"@fallbrookmed","twitter_misc":{"Est. reading time":"4 minutes"},"schema":{"@context":"https:\/\/schema.org","@graph":[{"@type":"WebPage","@id":"https:\/\/www.fallbrookmedicalcenter.com\/annual-preventive-exam\/","url":"https:\/\/www.fallbrookmedicalcenter.com\/annual-preventive-exam\/","name":"Examen Preventivo Anual - Fallbrook Medical Center","isPartOf":{"@id":"https:\/\/www.fallbrookmedicalcenter.com\/#website"},"datePublished":"2023-09-18T22:15:02+00:00","dateModified":"2024-08-08T23:51:17+00:00","description":"Examen preventivo anual.\u00a0Independientemente de su edad, es fundamental programar un examen f\u00edsico anual o una evaluaci\u00f3n de salud preventiva","breadcrumb":{"@id":"https:\/\/www.fallbrookmedicalcenter.com\/annual-preventive-exam\/#breadcrumb"},"inLanguage":"es-ES","potentialAction":[{"@type":"ReadAction","target":["https:\/\/www.fallbrookmedicalcenter.com\/annual-preventive-exam\/"]}]},{"@type":"BreadcrumbList","@id":"https:\/\/www.fallbrookmedicalcenter.com\/annual-preventive-exam\/#breadcrumb","itemListElement":[{"@type":"ListItem","position":1,"name":"Portada","item":"https:\/\/www.fallbrookmedicalcenter.com\/es\/"},{"@type":"ListItem","position":2,"name":"Examen Preventivo Anual"}]},{"@type":"WebSite","@id":"https:\/\/www.fallbrookmedicalcenter.com\/#website","url":"https:\/\/www.fallbrookmedicalcenter.com\/","name":"Fallbrook Medical Center","description":"Por que tu Salud Importa","potentialAction":[{"@type":"SearchAction","target":{"@type":"EntryPoint","urlTemplate":"https:\/\/www.fallbrookmedicalcenter.com\/?s={search_term_string}"},"query-input":{"@type":"PropertyValueSpecification","valueRequired":true,"valueName":"search_term_string"}}],"inLanguage":"es-ES"}]}},"_links":{"self":[{"href":"https:\/\/www.fallbrookmedicalcenter.com\/es\/wp-json\/wp\/v2\/pages\/5540","targetHints":{"allow":["GET"]}}],"collection":[{"href":"https:\/\/www.fallbrookmedicalcenter.com\/es\/wp-json\/wp\/v2\/pages"}],"about":[{"href":"https:\/\/www.fallbrookmedicalcenter.com\/es\/wp-json\/wp\/v2\/types\/page"}],"author":[{"embeddable":true,"href":"https:\/\/www.fallbrookmedicalcenter.com\/es\/wp-json\/wp\/v2\/users\/7"}],"replies":[{"embeddable":true,"href":"https:\/\/www.fallbrookmedicalcenter.com\/es\/wp-json\/wp\/v2\/comments?post=5540"}],"version-history":[{"count":1,"href":"https:\/\/www.fallbrookmedicalcenter.com\/es\/wp-json\/wp\/v2\/pages\/5540\/revisions"}],"predecessor-version":[{"id":5541,"href":"https:\/\/www.fallbrookmedicalcenter.com\/es\/wp-json\/wp\/v2\/pages\/5540\/revisions\/5541"}],"wp:attachment":[{"href":"https:\/\/www.fallbrookmedicalcenter.com\/es\/wp-json\/wp\/v2\/media?parent=5540"}],"curies":[{"name":"wp","href":"https:\/\/api.w.org\/{rel}","templated":true}]}}