{"id":5547,"date":"2022-10-26T00:49:01","date_gmt":"2022-10-26T00:49:01","guid":{"rendered":"https:\/\/www.fallbrookmedicalcenter.com\/?page_id=5547"},"modified":"2025-03-12T23:11:19","modified_gmt":"2025-03-12T23:11:19","slug":"politica-de-privacidad","status":"publish","type":"page","link":"https:\/\/www.fallbrookmedicalcenter.com\/es\/politica-de-privacidad\/","title":{"rendered":"Pol\u00edtica de Privacidad"},"content":{"rendered":"<p><section id=\"bt_section69e0785ba6e14\"  class=\"boldSection btDivider topSemiSpaced bottomSemiSpaced btDarkSkin gutter inherit btAccentColorBackground\" ><div class=\"port\"><div class=\"boldCell\"><div class=\"boldCellInner\"><div class=\"boldRow  \" ><div class=\"boldRowInner\"><div class=\"rowItem col-md-12 col-ms-12  btTextLeft\"  ><div class=\"rowItemContent\" ><div class=\"btClear btSeparator topExtraSmallSpaced noBorder\" ><hr><\/div><div class=\"btClear btSeparator topExtraSmallSpaced noBorder\" ><hr><\/div><header class=\"header btClear large  btNormalDash\" ><div class=\"dash\"><h2><span class=\"headline\">Pol\u00edtica de Privacidad<\/span><\/h2><\/div><\/header><\/div><\/div><\/div><\/div><\/div><\/div><\/div><\/section><section id=\"bt_section69e0785ba7178\"  class=\"boldSection topSemiSpaced bottomSemiSpaced gutter inherit\" ><div class=\"port\"><div class=\"boldCell\"><div class=\"boldCellInner\"><div class=\"boldRow  \" ><div class=\"boldRowInner\"><div class=\"rowItem col-md-12 col-ms-12  btTextLeft\"  ><div class=\"rowItemContent\" ><div class=\"btText\" ><\/p>\n<div class=\"btText\">\n<h2><span style=\"vertical-align: inherit;\"><span style=\"vertical-align: inherit;\">Pol\u00edtica de Privacidad<\/span><\/span><\/h2>\n<p><span style=\"font-weight: 400;\"><span style=\"vertical-align: inherit;\"><span style=\"vertical-align: inherit;\">Esta Pol\u00edtica de Privacidad establece c\u00f3mo Hormona Vida LLC (en adelante \u201cPractice\u201d, \u201cwe\u201d, \u201co \u201d us\u201c), recopila, utiliza y protege cualquier informaci\u00f3n que nos proporcione cuando utilice nuestro sitio web.\u00a0 Los t\u00e9rminos \u201cyou\u201d o \u201cyours\u201d se refieren al usuario de nuestro sitio web.\u00a0 Al utilizar el Sitio Web, usted acepta las pr\u00e1cticas de datos descritas en esta Pol\u00edtica de Privacidad.\u00a0 Si no est\u00e1 de acuerdo con estos t\u00e9rminos, no acceda ni utilice el sitio web.\u00a0\u00a0<\/span><\/span><\/span><\/p>\n<p><span style=\"font-weight: 400;\"><span style=\"vertical-align: inherit;\"><span style=\"vertical-align: inherit;\">La pr\u00e1ctica se compromete a garantizar que su privacidad est\u00e9 protegida. Si le pedimos que proporcione cierta informaci\u00f3n mediante la cual puede ser identificado al usar este Sitio web, puede estar seguro de que solo se utilizar\u00e1 de acuerdo con esta Pol\u00edtica de privacidad.\u00a0<\/span><\/span><\/span><\/p>\n<h2><span style=\"vertical-align: inherit;\"><span style=\"vertical-align: inherit;\">Cambios a la Pol\u00edtica de Privacidad.<\/span><\/span><\/h2>\n<p><span style=\"font-weight: 400;\"><span style=\"vertical-align: inherit;\"><span style=\"vertical-align: inherit;\">Podemos cambiar esta Pol\u00edtica de privacidad de vez en cuando sin previo aviso. Usted reconoce y acepta que es su responsabilidad revisar este Sitio Web y la Pol\u00edtica de Privacidad peri\u00f3dicamente y estar al tanto de cualquier modificaci\u00f3n.\u00a0 Su uso continuado del Sitio web despu\u00e9s de dichas modificaciones constituir\u00e1 su: 1) reconocimiento de la Pol\u00edtica de Privacidad modificada y 2) acuerdo de cumplir y estar sujeto a la Pol\u00edtica modificada.\u00a0\u00a0<\/span><\/span><\/span><\/p>\n<h2><span style=\"vertical-align: inherit;\"><span style=\"vertical-align: inherit;\">Contrase\u00f1as.<\/span><\/span><span style=\"font-weight: 400;\">\u00a0\u00a0<\/span><\/h2>\n<p><span style=\"font-weight: 400;\"><span style=\"vertical-align: inherit;\"><span style=\"vertical-align: inherit;\">Para utilizar ciertas funciones de nuestro sitio web, se le puede emitir un nombre de usuario y contrase\u00f1a \u00fanicos o grupales, que recibir\u00e1 a trav\u00e9s de su proceso de registro y\/o compra. Usted es responsable de mantener la confidencialidad de la contrase\u00f1a y la cuenta, y es responsable de todas las actividades (ya sea por usted o por otros) que ocurran bajo su contrase\u00f1a o cuenta.<\/span><\/span><\/span><\/p>\n<p><span style=\"font-weight: 400;\"><span style=\"vertical-align: inherit;\"><span style=\"vertical-align: inherit;\">No se le permite compartir su nombre de usuario y\/o contrase\u00f1a con nadie. Si comparte su nombre de usuario y\/o contrase\u00f1a con otra persona, Practice se reserva el derecho de cancelar inmediatamente su acceso al sitio web, programa, producto o servicio. La pr\u00e1ctica no puede y no ser\u00e1 responsable de ninguna p\u00e9rdida o da\u00f1o que surja de su falta de protecci\u00f3n de su contrase\u00f1a o informaci\u00f3n de cuenta. Usted es responsable de las actividades que tienen lugar utilizando su contrase\u00f1a(s) y dentro de su cuenta. Si comparte su contrase\u00f1a(s) con alguien, es posible que puedan obtener acceso a su informaci\u00f3n personal bajo su propio riesgo.\u00a0<\/span><\/span><\/span><\/p>\n<p><span style=\"font-weight: 400;\"><span style=\"vertical-align: inherit;\"><span style=\"vertical-align: inherit;\">Usted acepta notificar a Practice inmediatamente de cualquier uso no autorizado de su contrase\u00f1a o cuenta o cualquier otra violaci\u00f3n de seguridad, y para asegurarse de que sale de su cuenta al final de cada sesi\u00f3n.\u00a0<\/span><\/span><\/span><\/p>\n<p><span style=\"font-weight: 400;\">By using this Website, you agree to enter true and accurate information as part of the registration, purchase process and otherwise. If you enter a false email address, or other false or inaccurate information, we have the right to immediately inactivate your account or block your participation in any feature delivered on or through this Website.\u00a0<\/span><\/p>\n<p><span style=\"font-weight: 400;\">We will use our best efforts to keep your password(s) private and will not otherwise share your password(s) without your consent, except as necessary when the law requires it or in the good faith belief that such action is necessary, particularly when disclosure is necessary to identify, contact or bring legal action against someone who may be causing injury to others or interfering with our rights or property.\u00a0<\/span><\/p>\n<h2>Submission, Storage and Sharing of Personal Information and How We Use It.<\/h2>\n<p><span style=\"font-weight: 400;\">Practice may collect personal information, such as your name, e-mail address, home or work address, telephone number, and financial information that you provide to us when you use our Website or purchase our programs, products, or services (\u201cPersonal Information\u201d). By providing such information to us, you grant us permission to use and store such information. We, in turn, will use our best efforts to keep such information safe and secure.\u00a0<\/span><\/p>\n<p><span style=\"font-weight: 400;\">We may also collect anonymous demographic information, which is not unique to you, such as your zip code, age, gender, preferences, interests and favorites.\u00a0\u00a0<\/span><\/p>\n<p><span style=\"font-weight: 400;\">If you believe that any information about you that we retain is incorrect or incomplete, please contact us as soon as possible.\u00a0 We will promptly correct any information found to be incorrect.\u00a0<\/span><\/p>\n<p><span style=\"font-weight: 400;\">There is also information about your computer hardware and software that may be automatically collected by Practice.\u00a0 This information can include your IP address, browser type, domain names, access times and referring Website addresses.\u00a0 This information may be used by Practice for the operation of its business, to maintain quality of service, and to provide general statistics regarding use of the Website.\u00a0<\/span><\/p>\n<p><span style=\"font-weight: 400;\">Practice requests and requires various personal data to understand your needs and provide you with better service. In addition, we may gather such information for the following reasons: (1) internal record keeping, (2) to keep records of customer purchases, (3) to improve our Website, programs, products, or services (4) to periodically send promotions about new programs, products or services, or other special offers from which you may unsubscribe at any time, (5) for aggregate, non-identifiable data for market research purposes, and\/or (6) to customize the respective program, product, or service you purchase or use according to your interests. You will be given the opportunity to opt-out of having your email address used for commercial emails from Practice at the time you receive any marketing email message from us.\u00a0 In any case, if you wish to be removed from any such Practice emails, you can send an email with \u201cUnsubscribe\u201d in the subject line to <\/span><span style=\"font-weight: 400;\">support@fallbrookmedicalcenter.com<\/span><span style=\"font-weight: 400;\">.\u00a0 You can also contact this email address if you would like to:<\/span><\/p>\n<ul>\n<li style=\"font-weight: 400;\" aria-level=\"1\"><span style=\"font-weight: 400;\">See what information we have about you, if any.<\/span><\/li>\n<li style=\"font-weight: 400;\" aria-level=\"2\"><span style=\"font-weight: 400;\">Change and correct any information we have about you.<\/span><\/li>\n<li style=\"font-weight: 400;\" aria-level=\"2\"><span style=\"font-weight: 400;\">Have us delete any information we have about you.<\/span><\/li>\n<li style=\"font-weight: 400;\" aria-level=\"2\"><span style=\"font-weight: 400;\">Express any concern you have about our use of your information.<\/span><\/li>\n<\/ul>\n<h2>Information Storage.<\/h2>\n<p><span style=\"font-weight: 400;\">All information is stored through a data management system. Practice takes precautions to protect Personal Information. When customers submit Personal Information via the Website, it is protected both online and offline. Whenever Practice collects sensitive Personal Information (such as credit card data), that information is encrypted and transmitted to Practice in a secure way. Customers can verify this by looking for a closed lock icon at the bottom of their web browser, or looking for \u201chttps\u201d at the beginning of the address of the web page.<\/span><\/p>\n<p><span style=\"font-weight: 400;\">While Practice uses encryption to protect sensitive information transmitted online, we also protect your information offline. Only employees who need the information to perform a specific job (for example, customer service) are granted access to Personal Information. The computers and servers in which we store Personal Information are kept in a secure environment.<\/span><\/p>\n<p><span style=\"font-weight: 400;\">However, unfortunately, please note that no data transmission over the Internet or any wireless network can be guaranteed to be 100% secure.\u00a0 As a result, while we strive to protect your Personal Information, you acknowledge that (a) there are security and privacy limitations of the Internet which are beyond our control; (b) the security, integrity, and privacy of any and all information and data exchanged between you and us through this Website cannot be guaranteed; and (c) any such information and data may be viewed or tampered within transit by a third party.<\/span><\/p>\n<h2>Confidential Information.<\/h2>\n<p><span style=\"font-weight: 400;\">All Personal Information collected by Practice will be held in confidentiality and will not be disclosed to third parties, except that we may disclose Personal Information: (1) pursuant to the Terms and Conditions and this Privacy Policy, (2) if we are required to do so by law, (3) in the good-faith belief that such action is necessary to conform to the edicts of the law, (4) to comply with legal process served on us, our partners, sponsors, investors, or affiliates, (5) to protect and defend our rights or property or those of our users and\/or (6) to act as immediately necessary in order to protect the personal safety of our users or the public. Practice will not sell, distribute or lease your Personal Information to third parties unless we have your permission or are required by law to do so.\u00a0<\/span><\/p>\n<h2>Access by Third Parties.<\/h2>\n<p><span style=\"font-weight: 400;\">Note that whenever you make your Personal Information available for access or viewing by third parties through our Website, programs, products, or services, and social media, the information you share also can be seen, collected and used by third parties and, therefore, we cannot be responsible for any unauthorized third party use of such information that you voluntarily share online or in any other manner.\u00a0 Practice also is not responsible for the privacy statements or other content on the websites outside of our Website.<\/span><\/p>\n<h2>Use of Cookies.<\/h2>\n<p><span style=\"font-weight: 400;\">A cookie is a piece of data stored on a site visitor\u2019s hard drive by a web page server to help Practice improve customers\u2019 access to our Website and identify repeat visitors to our Website.\u00a0 Cookies allow web applications to respond to you as an individual. The web application can tailor its operations to your needs, likes and dislikes by gathering and remembering information about your preferences. Like most companies, this Website may use cookies to identify which pages are being used. This helps us analyze data about webpage traffic and improve our Website in order to tailor it to customer needs. We only use this information for statistical analysis purposes and then the data is removed from the system. Overall, cookies help us provide you with a better Website, by enabling us to monitor which pages you find useful and which you do not. A cookie in no way gives us access to your computer or any information about you, other than the data you choose to share with us. You can choose to accept or decline cookies. Most web browsers automatically accept cookies, but you can usually modify your browser setting to decline cookies if you prefer. This may prevent you from taking full advantage of our Website, programs, products, or services.<\/span><\/p>\n<h2><span style=\"vertical-align: inherit;\"><span style=\"vertical-align: inherit;\">Uso por Ni\u00f1os.<\/span><\/span><\/h2>\n<p><span style=\"font-weight: 400;\"><span style=\"vertical-align: inherit;\"><span style=\"vertical-align: inherit;\">Este sitio web no est\u00e1 dise\u00f1ado ni creemos que sea atractivo para ni\u00f1os menores de 13 a\u00f1os.\u00a0 No recopilamos a sabiendas Informaci\u00f3n personal de ni\u00f1os menores de 13 a\u00f1os.\u00a0 Animamos a los ni\u00f1os a consultar con sus padres antes de proporcionar Informaci\u00f3n Personal.\u00a0\u00a0\u00a0<\/span><\/span><\/span><\/p>\n<h2><span style=\"vertical-align: inherit;\"><span style=\"vertical-align: inherit;\">Contacto.<\/span><\/span><\/h2>\n<p><span style=\"font-weight: 400;\"><span style=\"vertical-align: inherit;\"><span style=\"vertical-align: inherit;\">Si tiene alguna pregunta sobre cualquiera de los t\u00e9rminos de esta Pol\u00edtica de Privacidad, comun\u00edquese con Practice en <\/span><\/span><\/span><a style=\"color: #29345d; font-weight: bold;\" href=\"mailto:support@fallbrookmedicalcenter.com\"><span style=\"vertical-align: inherit;\"><span style=\"vertical-align: inherit;\">soporte@fallbrookmedicalcenter.com<\/span><\/span><\/a><\/p>\n<\/div>\n<p>\n<\/div><\/div><\/div><\/div><\/div><\/div><\/div><\/div><\/section><\/p>\n","protected":false},"excerpt":{"rendered":"","protected":false},"author":7,"featured_media":0,"parent":0,"menu_order":0,"comment_status":"closed","ping_status":"closed","template":"","meta":{"footnotes":""},"class_list":["post-5547","page","type-page","status-publish","hentry"],"yoast_head":"<!-- This site is optimized with the Yoast SEO plugin v27.0 - https:\/\/yoast.com\/product\/yoast-seo-wordpress\/ -->\n<title>Pol\u00edtica de Privacidad - Fallbrook Medical Center<\/title>\n<meta name=\"description\" content=\"Esta Pol\u00edtica de Privacidad establece c\u00f3mo Hormona Vida LLC (en adelante \u201cPractice\u201d, \u201cwe\u201d, \u201co \u201d us\u201c), recopila, utiliza y protege\" \/>\n<meta name=\"robots\" content=\"index, follow, max-snippet:-1, max-image-preview:large, max-video-preview:-1\" \/>\n<link rel=\"canonical\" href=\"https:\/\/www.fallbrookmedicalcenter.com\/privacy-policy\/\" \/>\n<meta property=\"og:locale\" content=\"es_ES\" \/>\n<meta property=\"og:type\" content=\"article\" \/>\n<meta property=\"og:title\" content=\"Pol\u00edtica de Privacidad - Fallbrook Medical Center\" \/>\n<meta property=\"og:description\" content=\"Esta Pol\u00edtica de Privacidad establece c\u00f3mo Hormona Vida LLC (en adelante \u201cPractice\u201d, \u201cwe\u201d, \u201co \u201d us\u201c), recopila, utiliza y protege\" \/>\n<meta property=\"og:url\" content=\"https:\/\/www.fallbrookmedicalcenter.com\/privacy-policy\/\" \/>\n<meta property=\"og:site_name\" content=\"Fallbrook Medical Center\" \/>\n<meta property=\"article:publisher\" content=\"http:\/\/www.facebook.com\/FallbrookMedical\" \/>\n<meta property=\"article:modified_time\" content=\"2025-03-12T23:11:19+00:00\" \/>\n<meta name=\"twitter:card\" content=\"summary_large_image\" \/>\n<meta name=\"twitter:site\" content=\"@fallbrookmed\" \/>\n<meta name=\"twitter:label1\" content=\"Est. reading time\" \/>\n\t<meta name=\"twitter:data1\" content=\"10 minutes\" \/>\n<script type=\"application\/ld+json\" class=\"yoast-schema-graph\">{\"@context\":\"https:\/\/schema.org\",\"@graph\":[{\"@type\":\"WebPage\",\"@id\":\"https:\/\/www.fallbrookmedicalcenter.com\/privacy-policy\/\",\"url\":\"https:\/\/www.fallbrookmedicalcenter.com\/privacy-policy\/\",\"name\":\"Pol\u00edtica de Privacidad - Fallbrook Medical Center\",\"isPartOf\":{\"@id\":\"https:\/\/www.fallbrookmedicalcenter.com\/#website\"},\"datePublished\":\"2022-10-26T00:49:01+00:00\",\"dateModified\":\"2025-03-12T23:11:19+00:00\",\"description\":\"Esta Pol\u00edtica de Privacidad establece c\u00f3mo Hormona Vida LLC (en adelante \u201cPractice\u201d, \u201cwe\u201d, \u201co \u201d us\u201c), recopila, utiliza y protege\",\"breadcrumb\":{\"@id\":\"https:\/\/www.fallbrookmedicalcenter.com\/privacy-policy\/#breadcrumb\"},\"inLanguage\":\"es-ES\",\"potentialAction\":[{\"@type\":\"ReadAction\",\"target\":[\"https:\/\/www.fallbrookmedicalcenter.com\/privacy-policy\/\"]}]},{\"@type\":\"BreadcrumbList\",\"@id\":\"https:\/\/www.fallbrookmedicalcenter.com\/privacy-policy\/#breadcrumb\",\"itemListElement\":[{\"@type\":\"ListItem\",\"position\":1,\"name\":\"Portada\",\"item\":\"https:\/\/www.fallbrookmedicalcenter.com\/es\/\"},{\"@type\":\"ListItem\",\"position\":2,\"name\":\"Pol\u00edtica de Privacidad\"}]},{\"@type\":\"WebSite\",\"@id\":\"https:\/\/www.fallbrookmedicalcenter.com\/#website\",\"url\":\"https:\/\/www.fallbrookmedicalcenter.com\/\",\"name\":\"Fallbrook Medical Center\",\"description\":\"Por que tu Salud Importa\",\"potentialAction\":[{\"@type\":\"SearchAction\",\"target\":{\"@type\":\"EntryPoint\",\"urlTemplate\":\"https:\/\/www.fallbrookmedicalcenter.com\/?s={search_term_string}\"},\"query-input\":{\"@type\":\"PropertyValueSpecification\",\"valueRequired\":true,\"valueName\":\"search_term_string\"}}],\"inLanguage\":\"es-ES\"}]}<\/script>\n<!-- \/ Yoast SEO plugin. -->","yoast_head_json":{"title":"Pol\u00edtica de Privacidad - Fallbrook Medical Center","description":"Esta Pol\u00edtica de Privacidad establece c\u00f3mo Hormona Vida LLC (en adelante \u201cPractice\u201d, \u201cwe\u201d, \u201co \u201d us\u201c), recopila, utiliza y protege","robots":{"index":"index","follow":"follow","max-snippet":"max-snippet:-1","max-image-preview":"max-image-preview:large","max-video-preview":"max-video-preview:-1"},"canonical":"https:\/\/www.fallbrookmedicalcenter.com\/privacy-policy\/","og_locale":"es_ES","og_type":"article","og_title":"Pol\u00edtica de Privacidad - Fallbrook Medical Center","og_description":"Esta Pol\u00edtica de Privacidad establece c\u00f3mo Hormona Vida LLC (en adelante \u201cPractice\u201d, \u201cwe\u201d, \u201co \u201d us\u201c), recopila, utiliza y protege","og_url":"https:\/\/www.fallbrookmedicalcenter.com\/privacy-policy\/","og_site_name":"Fallbrook Medical Center","article_publisher":"http:\/\/www.facebook.com\/FallbrookMedical","article_modified_time":"2025-03-12T23:11:19+00:00","twitter_card":"summary_large_image","twitter_site":"@fallbrookmed","twitter_misc":{"Est. reading time":"10 minutes"},"schema":{"@context":"https:\/\/schema.org","@graph":[{"@type":"WebPage","@id":"https:\/\/www.fallbrookmedicalcenter.com\/privacy-policy\/","url":"https:\/\/www.fallbrookmedicalcenter.com\/privacy-policy\/","name":"Pol\u00edtica de Privacidad - Fallbrook Medical Center","isPartOf":{"@id":"https:\/\/www.fallbrookmedicalcenter.com\/#website"},"datePublished":"2022-10-26T00:49:01+00:00","dateModified":"2025-03-12T23:11:19+00:00","description":"Esta Pol\u00edtica de Privacidad establece c\u00f3mo Hormona Vida LLC (en adelante \u201cPractice\u201d, \u201cwe\u201d, \u201co \u201d us\u201c), recopila, utiliza y protege","breadcrumb":{"@id":"https:\/\/www.fallbrookmedicalcenter.com\/privacy-policy\/#breadcrumb"},"inLanguage":"es-ES","potentialAction":[{"@type":"ReadAction","target":["https:\/\/www.fallbrookmedicalcenter.com\/privacy-policy\/"]}]},{"@type":"BreadcrumbList","@id":"https:\/\/www.fallbrookmedicalcenter.com\/privacy-policy\/#breadcrumb","itemListElement":[{"@type":"ListItem","position":1,"name":"Portada","item":"https:\/\/www.fallbrookmedicalcenter.com\/es\/"},{"@type":"ListItem","position":2,"name":"Pol\u00edtica de Privacidad"}]},{"@type":"WebSite","@id":"https:\/\/www.fallbrookmedicalcenter.com\/#website","url":"https:\/\/www.fallbrookmedicalcenter.com\/","name":"Fallbrook Medical Center","description":"Por que tu Salud Importa","potentialAction":[{"@type":"SearchAction","target":{"@type":"EntryPoint","urlTemplate":"https:\/\/www.fallbrookmedicalcenter.com\/?s={search_term_string}"},"query-input":{"@type":"PropertyValueSpecification","valueRequired":true,"valueName":"search_term_string"}}],"inLanguage":"es-ES"}]}},"_links":{"self":[{"href":"https:\/\/www.fallbrookmedicalcenter.com\/es\/wp-json\/wp\/v2\/pages\/5547","targetHints":{"allow":["GET"]}}],"collection":[{"href":"https:\/\/www.fallbrookmedicalcenter.com\/es\/wp-json\/wp\/v2\/pages"}],"about":[{"href":"https:\/\/www.fallbrookmedicalcenter.com\/es\/wp-json\/wp\/v2\/types\/page"}],"author":[{"embeddable":true,"href":"https:\/\/www.fallbrookmedicalcenter.com\/es\/wp-json\/wp\/v2\/users\/7"}],"replies":[{"embeddable":true,"href":"https:\/\/www.fallbrookmedicalcenter.com\/es\/wp-json\/wp\/v2\/comments?post=5547"}],"version-history":[{"count":2,"href":"https:\/\/www.fallbrookmedicalcenter.com\/es\/wp-json\/wp\/v2\/pages\/5547\/revisions"}],"predecessor-version":[{"id":5856,"href":"https:\/\/www.fallbrookmedicalcenter.com\/es\/wp-json\/wp\/v2\/pages\/5547\/revisions\/5856"}],"wp:attachment":[{"href":"https:\/\/www.fallbrookmedicalcenter.com\/es\/wp-json\/wp\/v2\/media?parent=5547"}],"curies":[{"name":"wp","href":"https:\/\/api.w.org\/{rel}","templated":true}]}}