{"id":5582,"date":"2021-10-19T17:26:07","date_gmt":"2021-10-19T17:26:07","guid":{"rendered":"https:\/\/www.fallbrookmedicalcenter.com\/?page_id=5582"},"modified":"2024-08-09T18:59:53","modified_gmt":"2024-08-09T18:59:53","slug":"portal-de-ingreso-del-paciente","status":"publish","type":"page","link":"https:\/\/www.fallbrookmedicalcenter.com\/es\/portal-de-ingreso-del-paciente\/","title":{"rendered":"Portal de Ingreso del Paciente"},"content":{"rendered":"<p><section id=\"bt_section69e060f1f01d7\"  class=\"boldSection btDivider topSemiSpaced bottomSemiSpaced btDarkSkin gutter inherit wBackground cover btAccentColorBackground\" style=\"background-image:url('https:\/\/www.fallbrookmedicalcenter.com\/wp-content\/uploads\/2015\/12\/bgn-grad.png');\"><div class=\"port\"><div class=\"boldCell\"><div class=\"boldCellInner\"><div class=\"boldRow  \" ><div class=\"boldRowInner\"><div class=\"rowItem col-md-12 col-ms-12  btTextLeft animate animate-fadein animate-moveleft inherit\"  ><div class=\"rowItemContent\" ><div class=\"btClear btSeparator topExtraSmallSpaced noBorder\" ><hr><\/div><header class=\"header btClear large  btNormalDash\" ><div class=\"dash\"><h2><span class=\"headline\">Portal de Ingreso del Paciente<br \/><br><\/span><\/h2><\/div><\/header><div class=\"btClear btSeparator topExtraSmallSpaced noBorder\" ><hr><\/div><\/div><\/div><\/div><\/div><\/div><\/div><\/div><\/section><section id=\"bt_section69e060f1f0691\"  class=\"boldSection topSemiSpaced gutter inherit\" ><div class=\"port\"><div class=\"boldCell\"><div class=\"boldCellInner\"><div class=\"boldRow  \" ><div class=\"boldRowInner\"><div class=\"rowItem col-md-12 col-ms-12  btTextLeft\"  ><div class=\"rowItemContent\" ><div class=\"btText\" ><\/p>\n<h3>Utilice nuestro Portal de Ingreso del Paciente para:<\/h3>\n<p>\n<\/div><\/div><\/div><\/div><\/div><div class=\"boldRow  \" ><div class=\"boldRowInner\"><div class=\"rowItem col-md-8 col-ms-12 btTextLeft\"  ><div class=\"rowItemContent\" ><div class=\"btText\" ><\/p>\n<p>Para acceder a su informaci\u00f3n m\u00e9dica y poder atender la mayor\u00eda de sus solicitudes m\u00e9dicas,\u00a0<strong><a href=\"https:\/\/mycw104.ecwcloud.com\/portal14208\/jsp\/100mp\/login_otp.jsp\" target=\"_blank\" rel=\"noopener\">haga clic en el bot\u00f3n de inicio de sesi\u00f3n del portal del paciente<\/a><\/strong>\u00a0ubicado en la esquina superior derecha de esta p\u00e1gina.<\/p>\n<p>\u00a1Mira el video tutorial a continuaci\u00f3n para obtener m\u00e1s informaci\u00f3n!<\/p>\n<p>Una vez que acceda a su portal de pacientes, ver\u00e1 una lista de opciones a su izquierda donde tendr\u00e1 acceso para ver sus pr\u00f3ximas citas, solicitar nuevas citas, ver sus resultados de laboratorio, solicitar referencias, enviar un mensaje a su proveedor m\u00e9dico y m\u00e1s.<\/p>\n<p>\n<\/div><div class=\"btClear btSeparator topSmallSpaced noBorder\" ><hr><\/div><div class=\"btText\" ><\/p>\n<ul>\n<li aria-level=\"1\" aria-checked=\"false\"><b>Mi cuenta:<\/b>\u00a0Informaci\u00f3n demogr\u00e1fica como correo electr\u00f3nico, n\u00famero de tel\u00e9fono, direcci\u00f3n.<\/li>\n<li aria-level=\"1\" aria-checked=\"false\"><b>Mensajes:<\/b>\u00a0env\u00eda mensajes a tu m\u00e9dico sobre cualquier cosa que puedas necesitar.<\/li>\n<li aria-level=\"1\" aria-checked=\"false\"><b>Registros m\u00e9dicos:<\/b>\u00a0acceda a sus notas m\u00e9dicas, referencias, resultados de laboratorio, lista de medicamentos y\/o cualquier otra informaci\u00f3n m\u00e9dica a la que necesite tener acceso.<\/li>\n<li aria-level=\"1\" aria-checked=\"false\"><b>Citas:<\/b>\u00a0podr\u00e1s solicitar nuevas citas y ver las citas programadas ya establecidas para ti.<\/li>\n<\/ul>\n<p>\n<\/div><div class=\"btText\" ><\/p>\n<h3>\u00a1Todas las caracter\u00edsticas del conjunto mencionadas anteriormente tambi\u00e9n est\u00e1n disponibles en espa\u00f1ol!<\/h3>\n<p>\n<\/div><div class=\"btText\" ><\/p>\n<h2>Video en Espa\u00f1ol<\/h2>\n<p>En Fallbrook Medical Center hablamos en tu idioma, en el siguiente video te explicamos a detalle todo lo que necesitas saber de nuestro portal para nuestros pacientes.<\/p>\n<p>\n<\/div><div class=\"bt_bb_video bt_bb_disable_controls_no\"><div class=\"bt-video-container\"><div style=\"width: 100%;\" class=\"wp-video\"><video class=\"wp-video-shortcode\" id=\"video-5582-1\" width=\"640\" height=\"360\" preload=\"metadata\" controls=\"controls\"><source type=\"video\/youtube\" src=\"https:\/\/www.youtube.com\/watch?v=QIACLvT9lAA&#038;_=1\" \/><a href=\"https:\/\/www.youtube.com\/watch?v=QIACLvT9lAA\">https:\/\/www.youtube.com\/watch?v=QIACLvT9lAA<\/a><\/video><\/div><\/div><\/div><\/div><\/div><div class=\"rowItem col-md-4 col-ms-12 btTextLeft\"  ><div class=\"rowItemContent\" ><div class=\"bpgPhoto \"  style=\"btTextCenter\">\r\n\t\t\t\t\t<a href=\"https:\/\/www.fallbrookmedicalcenter.com\/wp-content\/uploads\/2021\/10\/patient-portal-screenshot2.png\" target=\"\" title=\"\"><\/a>\r\n\t\t\t\t\t<div class=\"boldPhotoBox\"><div class=\"bpbItem\"><div class=\"btImage\"><img decoding=\"async\" src=\"https:\/\/www.fallbrookmedicalcenter.com\/wp-content\/uploads\/2021\/10\/patient-portal-screenshot2.png\" alt=\"\" title=\"\"><\/div><\/div><\/div>\r\n\t\t\t\t\t<div class=\"captionPane\">\r\n\t\t\t\t\t\t<div class=\"captionTable\">\r\n\t\t\t\t\t\t\t<div class=\"captionCell\">\r\n\t\t\t\t\t\t\t\t<div class=\"captionTxt\"><\/div>\r\n\t\t\t\t\t\t\t<\/div>\r\n\t\t\t\t\t\t<\/div>\r\n\t\t\t\t\t<\/div><\/div><div class=\"bpgPhoto \"  style=\"btTextCenter\">\r\n\t\t\t\t\t<a href=\"https:\/\/www.fallbrookmedicalcenter.com\/wp-content\/uploads\/2021\/10\/patient-portal-screenshot.jpg\" target=\"\" title=\"\"><\/a>\r\n\t\t\t\t\t<div class=\"boldPhotoBox\"><div class=\"bpbItem\"><div class=\"btImage\"><img decoding=\"async\" src=\"https:\/\/www.fallbrookmedicalcenter.com\/wp-content\/uploads\/2021\/10\/patient-portal-screenshot.jpg\" alt=\"\" title=\"\"><\/div><\/div><\/div>\r\n\t\t\t\t\t<div class=\"captionPane\">\r\n\t\t\t\t\t\t<div class=\"captionTable\">\r\n\t\t\t\t\t\t\t<div class=\"captionCell\">\r\n\t\t\t\t\t\t\t\t<div class=\"captionTxt\"><\/div>\r\n\t\t\t\t\t\t\t<\/div>\r\n\t\t\t\t\t\t<\/div>\r\n\t\t\t\t\t<\/div><\/div><div class=\"btClear btSeparator topSemiSpaced noBorder\" ><hr><\/div><\/div><\/div><\/div><\/div><\/div><\/div><\/div><\/section><\/p>\n","protected":false},"excerpt":{"rendered":"","protected":false},"author":7,"featured_media":0,"parent":0,"menu_order":0,"comment_status":"closed","ping_status":"closed","template":"","meta":{"footnotes":""},"class_list":["post-5582","page","type-page","status-publish","hentry"],"yoast_head":"<!-- This site is optimized with the Yoast SEO plugin v27.0 - https:\/\/yoast.com\/product\/yoast-seo-wordpress\/ -->\n<title>Portal de Ingreso del Paciente - Fallbrook Medical Center<\/title>\n<meta name=\"description\" content=\"Utilice nuestro portal de ingreso del paciente para: Para acceder a su informaci\u00f3n m\u00e9dica, poder atender sus solicitudes m\u00e9dicas\" \/>\n<meta name=\"robots\" content=\"index, follow, max-snippet:-1, max-image-preview:large, max-video-preview:-1\" \/>\n<link rel=\"canonical\" href=\"https:\/\/www.fallbrookmedicalcenter.com\/patient-portal-login\/\" \/>\n<meta property=\"og:locale\" content=\"es_ES\" \/>\n<meta property=\"og:type\" content=\"article\" \/>\n<meta property=\"og:title\" content=\"Portal de Ingreso del Paciente - Fallbrook Medical Center\" \/>\n<meta property=\"og:description\" content=\"Utilice nuestro portal de ingreso del paciente para: Para acceder a su informaci\u00f3n m\u00e9dica, poder atender sus solicitudes m\u00e9dicas\" \/>\n<meta property=\"og:url\" content=\"https:\/\/www.fallbrookmedicalcenter.com\/patient-portal-login\/\" \/>\n<meta property=\"og:site_name\" content=\"Fallbrook Medical Center\" \/>\n<meta property=\"article:publisher\" content=\"http:\/\/www.facebook.com\/FallbrookMedical\" \/>\n<meta property=\"article:modified_time\" content=\"2024-08-09T18:59:53+00:00\" \/>\n<meta name=\"twitter:card\" content=\"summary_large_image\" \/>\n<meta name=\"twitter:site\" content=\"@fallbrookmed\" \/>\n<meta name=\"twitter:label1\" content=\"Est. reading time\" \/>\n\t<meta name=\"twitter:data1\" content=\"3 minutes\" \/>\n<script type=\"application\/ld+json\" class=\"yoast-schema-graph\">{\"@context\":\"https:\/\/schema.org\",\"@graph\":[{\"@type\":\"WebPage\",\"@id\":\"https:\/\/www.fallbrookmedicalcenter.com\/patient-portal-login\/\",\"url\":\"https:\/\/www.fallbrookmedicalcenter.com\/patient-portal-login\/\",\"name\":\"Portal de Ingreso del Paciente - Fallbrook Medical Center\",\"isPartOf\":{\"@id\":\"https:\/\/www.fallbrookmedicalcenter.com\/#website\"},\"datePublished\":\"2021-10-19T17:26:07+00:00\",\"dateModified\":\"2024-08-09T18:59:53+00:00\",\"description\":\"Utilice nuestro portal de ingreso del paciente para: Para acceder a su informaci\u00f3n m\u00e9dica, poder atender sus solicitudes m\u00e9dicas\",\"breadcrumb\":{\"@id\":\"https:\/\/www.fallbrookmedicalcenter.com\/patient-portal-login\/#breadcrumb\"},\"inLanguage\":\"es-ES\",\"potentialAction\":[{\"@type\":\"ReadAction\",\"target\":[\"https:\/\/www.fallbrookmedicalcenter.com\/patient-portal-login\/\"]}]},{\"@type\":\"BreadcrumbList\",\"@id\":\"https:\/\/www.fallbrookmedicalcenter.com\/patient-portal-login\/#breadcrumb\",\"itemListElement\":[{\"@type\":\"ListItem\",\"position\":1,\"name\":\"Portada\",\"item\":\"https:\/\/www.fallbrookmedicalcenter.com\/es\/\"},{\"@type\":\"ListItem\",\"position\":2,\"name\":\"Portal de Ingreso del Paciente\"}]},{\"@type\":\"WebSite\",\"@id\":\"https:\/\/www.fallbrookmedicalcenter.com\/#website\",\"url\":\"https:\/\/www.fallbrookmedicalcenter.com\/\",\"name\":\"Fallbrook Medical Center\",\"description\":\"Por que tu Salud Importa\",\"potentialAction\":[{\"@type\":\"SearchAction\",\"target\":{\"@type\":\"EntryPoint\",\"urlTemplate\":\"https:\/\/www.fallbrookmedicalcenter.com\/?s={search_term_string}\"},\"query-input\":{\"@type\":\"PropertyValueSpecification\",\"valueRequired\":true,\"valueName\":\"search_term_string\"}}],\"inLanguage\":\"es-ES\"}]}<\/script>\n<!-- \/ Yoast SEO plugin. -->","yoast_head_json":{"title":"Portal de Ingreso del Paciente - Fallbrook Medical Center","description":"Utilice nuestro portal de ingreso del paciente para: Para acceder a su informaci\u00f3n m\u00e9dica, poder atender sus solicitudes m\u00e9dicas","robots":{"index":"index","follow":"follow","max-snippet":"max-snippet:-1","max-image-preview":"max-image-preview:large","max-video-preview":"max-video-preview:-1"},"canonical":"https:\/\/www.fallbrookmedicalcenter.com\/patient-portal-login\/","og_locale":"es_ES","og_type":"article","og_title":"Portal de Ingreso del Paciente - Fallbrook Medical Center","og_description":"Utilice nuestro portal de ingreso del paciente para: Para acceder a su informaci\u00f3n m\u00e9dica, poder atender sus solicitudes m\u00e9dicas","og_url":"https:\/\/www.fallbrookmedicalcenter.com\/patient-portal-login\/","og_site_name":"Fallbrook Medical Center","article_publisher":"http:\/\/www.facebook.com\/FallbrookMedical","article_modified_time":"2024-08-09T18:59:53+00:00","twitter_card":"summary_large_image","twitter_site":"@fallbrookmed","twitter_misc":{"Est. reading time":"3 minutes"},"schema":{"@context":"https:\/\/schema.org","@graph":[{"@type":"WebPage","@id":"https:\/\/www.fallbrookmedicalcenter.com\/patient-portal-login\/","url":"https:\/\/www.fallbrookmedicalcenter.com\/patient-portal-login\/","name":"Portal de Ingreso del Paciente - Fallbrook Medical Center","isPartOf":{"@id":"https:\/\/www.fallbrookmedicalcenter.com\/#website"},"datePublished":"2021-10-19T17:26:07+00:00","dateModified":"2024-08-09T18:59:53+00:00","description":"Utilice nuestro portal de ingreso del paciente para: Para acceder a su informaci\u00f3n m\u00e9dica, poder atender sus solicitudes m\u00e9dicas","breadcrumb":{"@id":"https:\/\/www.fallbrookmedicalcenter.com\/patient-portal-login\/#breadcrumb"},"inLanguage":"es-ES","potentialAction":[{"@type":"ReadAction","target":["https:\/\/www.fallbrookmedicalcenter.com\/patient-portal-login\/"]}]},{"@type":"BreadcrumbList","@id":"https:\/\/www.fallbrookmedicalcenter.com\/patient-portal-login\/#breadcrumb","itemListElement":[{"@type":"ListItem","position":1,"name":"Portada","item":"https:\/\/www.fallbrookmedicalcenter.com\/es\/"},{"@type":"ListItem","position":2,"name":"Portal de Ingreso del Paciente"}]},{"@type":"WebSite","@id":"https:\/\/www.fallbrookmedicalcenter.com\/#website","url":"https:\/\/www.fallbrookmedicalcenter.com\/","name":"Fallbrook Medical Center","description":"Por que tu Salud Importa","potentialAction":[{"@type":"SearchAction","target":{"@type":"EntryPoint","urlTemplate":"https:\/\/www.fallbrookmedicalcenter.com\/?s={search_term_string}"},"query-input":{"@type":"PropertyValueSpecification","valueRequired":true,"valueName":"search_term_string"}}],"inLanguage":"es-ES"}]}},"_links":{"self":[{"href":"https:\/\/www.fallbrookmedicalcenter.com\/es\/wp-json\/wp\/v2\/pages\/5582","targetHints":{"allow":["GET"]}}],"collection":[{"href":"https:\/\/www.fallbrookmedicalcenter.com\/es\/wp-json\/wp\/v2\/pages"}],"about":[{"href":"https:\/\/www.fallbrookmedicalcenter.com\/es\/wp-json\/wp\/v2\/types\/page"}],"author":[{"embeddable":true,"href":"https:\/\/www.fallbrookmedicalcenter.com\/es\/wp-json\/wp\/v2\/users\/7"}],"replies":[{"embeddable":true,"href":"https:\/\/www.fallbrookmedicalcenter.com\/es\/wp-json\/wp\/v2\/comments?post=5582"}],"version-history":[{"count":1,"href":"https:\/\/www.fallbrookmedicalcenter.com\/es\/wp-json\/wp\/v2\/pages\/5582\/revisions"}],"predecessor-version":[{"id":5583,"href":"https:\/\/www.fallbrookmedicalcenter.com\/es\/wp-json\/wp\/v2\/pages\/5582\/revisions\/5583"}],"wp:attachment":[{"href":"https:\/\/www.fallbrookmedicalcenter.com\/es\/wp-json\/wp\/v2\/media?parent=5582"}],"curies":[{"name":"wp","href":"https:\/\/api.w.org\/{rel}","templated":true}]}}